{"id":26,"date":"2021-05-28T02:57:17","date_gmt":"2021-05-28T02:57:17","guid":{"rendered":"https:\/\/sschamberger.com\/CWI\/?page_id=26"},"modified":"2025-06-17T10:02:31","modified_gmt":"2025-06-17T17:02:31","slug":"lugares","status":"publish","type":"page","link":"https:\/\/cwilc.com\/es\/lugares\/","title":{"rendered":"Ubicaciones Atendidas"},"content":{"rendered":"<div data-elementor-type=\"wp-page\" data-elementor-id=\"26\" class=\"elementor elementor-26\" data-elementor-post-type=\"page\">\n\t\t\t\t\t\t<section class=\"elementor-section elementor-top-section elementor-element elementor-element-5c6d6b2 elementor-section-boxed elementor-section-height-default elementor-section-height-default\" data-id=\"5c6d6b2\" data-element_type=\"section\" data-e-type=\"section\">\n\t\t\t\t\t\t<div class=\"elementor-container elementor-column-gap-default\">\n\t\t\t\t\t<div class=\"elementor-column elementor-col-100 elementor-top-column elementor-element elementor-element-53d3e48\" data-id=\"53d3e48\" data-element_type=\"column\" data-e-type=\"column\">\n\t\t\t<div class=\"elementor-widget-wrap elementor-element-populated\">\n\t\t\t\t\t\t<div class=\"elementor-element elementor-element-72245fa elementor-widget elementor-widget-heading\" data-id=\"72245fa\" data-element_type=\"widget\" data-e-type=\"widget\" data-widget_type=\"heading.default\">\n\t\t\t\t<div class=\"elementor-widget-container\">\n\t\t\t\t\t<h1 class=\"elementor-heading-title elementor-size-default\">LUGARES ATENDIDOS<\/h1>\t\t\t\t<\/div>\n\t\t\t\t<\/div>\n\t\t\t\t\t<\/div>\n\t\t<\/div>\n\t\t\t\t\t<\/div>\n\t\t<\/section>\n\t\t\t\t<section class=\"elementor-section elementor-top-section elementor-element elementor-element-db5ca1a elementor-section-boxed elementor-section-height-default elementor-section-height-default\" data-id=\"db5ca1a\" data-element_type=\"section\" data-e-type=\"section\">\n\t\t\t\t\t\t<div class=\"elementor-container elementor-column-gap-default\">\n\t\t\t\t\t<div class=\"elementor-column elementor-col-100 elementor-top-column elementor-element elementor-element-39724cc\" data-id=\"39724cc\" data-element_type=\"column\" data-e-type=\"column\">\n\t\t\t<div class=\"elementor-widget-wrap elementor-element-populated\">\n\t\t\t\t\t\t<div class=\"elementor-element elementor-element-6e5cba9 elementor-widget elementor-widget-text-editor\" data-id=\"6e5cba9\" data-element_type=\"widget\" data-e-type=\"widget\" data-widget_type=\"text-editor.default\">\n\t\t\t\t<div class=\"elementor-widget-container\">\n\t\t\t\t\t\t\t\t\t<p>California Work Injury Law Center ofrece un litigio agresivo y experiencia en la ley de compensaci\u00f3n de trabajadores que representa a los trabajadores lesionados en California espec\u00edficamente <a href=\"https:\/\/cwilc.com\/es\/lugares\/los-angeles\/\">Los \u00c1ngeles<\/a>,\u00a0<a href=\"https:\/\/cwilc.com\/es\/lugares\/condado-de-orange\/\">Condado de Orange<\/a>, <a href=\"https:\/\/cwilc.com\/es\/lugares\/riverside\/\">Riverside<\/a>, <a href=\"https:\/\/cwilc.com\/es\/lugares\/san-francisco\/\">San Francisco,<\/a>\u00a0<a href=\"https:\/\/cwilc.com\/es\/lugares\/santa-ana\/\">profesionales en Santa Ana<\/a> y <a href=\"https:\/\/cwilc.com\/es\/lugares\/anaheim\/\">Anaheim<\/a>. Si usted ha sido lesionado en el trabajo, podemos ayudarle a obtener <a href=\"https:\/\/cwilc.com\/workers-compensation\/temporary-disability\/\">beneficios por incapacidad temporal<\/a> y <a href=\"https:\/\/cwilc.com\/workers-compensation\/permanent-disability\/\">incapacidad permanente.<\/a> Podemos facilitar el tratamiento m\u00e9dico integral y estudios de diagn\u00f3stico con el fin de determinar el nivel de discapacidad.<\/p><div>Tras recibir las pruebas m\u00e9dico-legales de un Evaluador M\u00e9dico Cualificado o de un Evaluador M\u00e9dico Convenido, negociaremos un acuerdo en su nombre para compensarle adecuadamente por su lesi\u00f3n laboral. Si usted vive o trabaja en el Condado de Orange, Santa Ana, o Anaheim y sufri\u00f3 una lesi\u00f3n en el lugar de trabajo, <a href=\"https:\/\/cwilc.com\/contact\/\">p\u00f3ngase en contacto<\/a> con nosotros para una consulta gratuita hoy.<\/div>\t\t\t\t\t\t\t\t<\/div>\n\t\t\t\t<\/div>\n\t\t\t\t<div class=\"elementor-element elementor-element-151d8a9 elementor-widget elementor-widget-spacer\" data-id=\"151d8a9\" data-element_type=\"widget\" data-e-type=\"widget\" data-widget_type=\"spacer.default\">\n\t\t\t\t<div class=\"elementor-widget-container\">\n\t\t\t\t\t\t\t<div class=\"elementor-spacer\">\n\t\t\t<div class=\"elementor-spacer-inner\"><\/div>\n\t\t<\/div>\n\t\t\t\t\t\t<\/div>\n\t\t\t\t<\/div>\n\t\t\t\t\t<\/div>\n\t\t<\/div>\n\t\t\t\t\t<\/div>\n\t\t<\/section>\n\t\t\t\t<\/div>","protected":false},"excerpt":{"rendered":"<p>Locations served California Work Injury Law Center provides aggressive litigation and experience in workers\u2019 compensation law representing injured workers in California specifically Los Angeles,\u00a0Orange County, Riverside, San Francisco,\u00a0Santa Ana and Anaheim. If you have been injured on the job, we can help you obtain temporary disability and permanent disability benefits. We may facilitate comprehensive medical [&hellip;]<\/p>\n","protected":false},"author":6,"featured_media":0,"parent":0,"menu_order":0,"comment_status":"closed","ping_status":"closed","template":"","meta":{"_seopress_robots_primary_cat":"","_seopress_titles_title":"Find California Workers Comp Attorneys Near You","_seopress_titles_desc":"Find California workers compensation lawyers near you. Explore our convenient locations to get legal help.","_seopress_robots_index":"","footnotes":""},"class_list":["post-26","page","type-page","status-publish","hentry"],"_links":{"self":[{"href":"https:\/\/cwilc.com\/es\/wp-json\/wp\/v2\/pages\/26","targetHints":{"allow":["GET"]}}],"collection":[{"href":"https:\/\/cwilc.com\/es\/wp-json\/wp\/v2\/pages"}],"about":[{"href":"https:\/\/cwilc.com\/es\/wp-json\/wp\/v2\/types\/page"}],"author":[{"embeddable":true,"href":"https:\/\/cwilc.com\/es\/wp-json\/wp\/v2\/users\/6"}],"replies":[{"embeddable":true,"href":"https:\/\/cwilc.com\/es\/wp-json\/wp\/v2\/comments?post=26"}],"version-history":[{"count":0,"href":"https:\/\/cwilc.com\/es\/wp-json\/wp\/v2\/pages\/26\/revisions"}],"wp:attachment":[{"href":"https:\/\/cwilc.com\/es\/wp-json\/wp\/v2\/media?parent=26"}],"curies":[{"name":"wp","href":"https:\/\/api.w.org\/{rel}","templated":true}]}}