{"id":176,"date":"2021-05-28T06:17:14","date_gmt":"2021-05-28T06:17:14","guid":{"rendered":"https:\/\/sschamberger.com\/CWI\/?page_id=176"},"modified":"2026-03-18T14:37:51","modified_gmt":"2026-03-18T21:37:51","slug":"perfil-de-abogado","status":"publish","type":"page","link":"https:\/\/cwilc.com\/es\/perfil-de-abogado\/","title":{"rendered":"Attorney Profiles"},"content":{"rendered":"<div data-elementor-type=\"wp-page\" data-elementor-id=\"176\" class=\"elementor elementor-176\" data-elementor-post-type=\"page\">\n\t\t\t\t\t\t<section class=\"elementor-section elementor-top-section elementor-element elementor-element-76edb8a elementor-section-boxed elementor-section-height-default elementor-section-height-default\" data-id=\"76edb8a\" data-element_type=\"section\" data-e-type=\"section\" data-settings=\"{&quot;background_background&quot;:&quot;classic&quot;}\">\n\t\t\t\t\t\t\t<div class=\"elementor-background-overlay\"><\/div>\n\t\t\t\t\t\t\t<div class=\"elementor-container elementor-column-gap-default\">\n\t\t\t\t\t<div class=\"elementor-column elementor-col-100 elementor-top-column elementor-element elementor-element-cc059e8\" data-id=\"cc059e8\" data-element_type=\"column\" data-e-type=\"column\">\n\t\t\t<div class=\"elementor-widget-wrap elementor-element-populated\">\n\t\t\t\t\t\t<div class=\"elementor-element elementor-element-476cfdf elementor-widget elementor-widget-heading\" data-id=\"476cfdf\" data-element_type=\"widget\" data-e-type=\"widget\" data-widget_type=\"heading.default\">\n\t\t\t\t<div class=\"elementor-widget-container\">\n\t\t\t\t\t<h1 class=\"elementor-heading-title elementor-size-default\">Nuestros abogados<\/h1>\t\t\t\t<\/div>\n\t\t\t\t<\/div>\n\t\t\t\t\t<\/div>\n\t\t<\/div>\n\t\t\t\t\t<\/div>\n\t\t<\/section>\n\t\t<div class=\"elementor-element elementor-element-9216329 e-flex e-con-boxed e-con e-parent\" data-id=\"9216329\" data-element_type=\"container\" data-e-type=\"container\">\n\t\t\t\t\t<div class=\"e-con-inner\">\n\t\t\t\t<div class=\"elementor-element elementor-element-4cac59d elementor-widget elementor-widget-image\" data-id=\"4cac59d\" data-element_type=\"widget\" data-e-type=\"widget\" data-widget_type=\"image.default\">\n\t\t\t\t<div class=\"elementor-widget-container\">\n\t\t\t\t\t\t\t\t\t\t\t\t\t\t\t<img decoding=\"async\" src=\"https:\/\/cwilc.com\/wp-content\/uploads\/elementor\/thumbs\/group-photo-1-scaled-rkpi5p2mnh9y6j5l6uzhu1miiljn2t5gbbz1il4usg.jpg\" title=\"CWILC Attorneys\" alt=\"CWILC Attorneys\" loading=\"lazy\" \/>\t\t\t\t\t\t\t\t\t\t\t\t\t\t\t<\/div>\n\t\t\t\t<\/div>\n\t\t\t\t\t<\/div>\n\t\t\t\t<\/div>\n\t\t\t\t<section class=\"elementor-section elementor-top-section elementor-element elementor-element-73b0d85 elementor-reverse-mobile elementor-section-boxed elementor-section-height-default elementor-section-height-default\" data-id=\"73b0d85\" data-element_type=\"section\" data-e-type=\"section\">\n\t\t\t\t\t\t<div class=\"elementor-container elementor-column-gap-default\">\n\t\t\t\t\t<div class=\"elementor-column elementor-col-50 elementor-top-column elementor-element elementor-element-f6fe4cf\" data-id=\"f6fe4cf\" data-element_type=\"column\" data-e-type=\"column\">\n\t\t\t<div class=\"elementor-widget-wrap elementor-element-populated\">\n\t\t\t\t\t\t<div class=\"elementor-element elementor-element-6e200c9 elementor-headline--style-highlight elementor-widget elementor-widget-animated-headline\" data-id=\"6e200c9\" data-element_type=\"widget\" data-e-type=\"widget\" data-settings=\"{&quot;headline_style&quot;:&quot;highlight&quot;,&quot;marker&quot;:&quot;circle&quot;,&quot;loop&quot;:&quot;yes&quot;,&quot;highlight_animation_duration&quot;:1200,&quot;highlight_iteration_delay&quot;:8000}\" data-widget_type=\"animated-headline.default\">\n\t\t\t\t<div class=\"elementor-widget-container\">\n\t\t\t\t\t\t\t<h2 class=\"elementor-headline\">\n\t\t\t\t\t<span class=\"elementor-headline-plain-text elementor-headline-text-wrapper\">ACERCA DE RAE SADEGHIAN-LEVIN<\/span>\n\t\t\t\t<span class=\"elementor-headline-dynamic-wrapper elementor-headline-text-wrapper\">\n\t\t\t\t<\/span>\n\t\t\t\t<\/h2>\n\t\t\t\t\t\t<\/div>\n\t\t\t\t<\/div>\n\t\t\t\t<div class=\"elementor-element elementor-element-8059ec7 elementor-widget elementor-widget-text-editor\" data-id=\"8059ec7\" data-element_type=\"widget\" data-e-type=\"widget\" data-widget_type=\"text-editor.default\">\n\t\t\t\t<div class=\"elementor-widget-container\">\n\t\t\t\t\t\t\t\t\t<p>Rae Sadeghian-Levin se licenci\u00f3 en Ciencias Pol\u00edticas por la UCLA. En la UCLA complet\u00f3 un codiciado programa internacional en la sede de la OTAN en Bruselas (B\u00e9lgica) y en el Tribunal Internacional de Justicia de las Naciones Unidas en La Haya (Pa\u00edses Bajos).<\/p><p>Trabaj\u00f3 en el extranjero en UNICEF ayudando a fortalecer los puntos de recaudaci\u00f3n de fondos para ni\u00f1os en pa\u00edses industrializados.<\/p><p>Rae Sadeghian-Levin obtuvo un Doctorado en Jurisprudencia de UC Hastings. Fue externa del Juez David C. Vel\u00e1squez en el Panel Civil Complejo en el Tribunal Superior del Condado de Orange que maneja casos de demanda colectiva y agravios masivos.\u00a0<\/p><p>Rae Sadeghian-Levin represent\u00f3 a las aseguradoras en asuntos de compensaci\u00f3n laboral como asesora interna en Travelers Insurance.<\/p>\t\t\t\t\t\t\t\t<\/div>\n\t\t\t\t<\/div>\n\t\t\t\t\t<\/div>\n\t\t<\/div>\n\t\t\t\t<div class=\"elementor-column elementor-col-50 elementor-top-column elementor-element elementor-element-fd75a57\" data-id=\"fd75a57\" data-element_type=\"column\" data-e-type=\"column\">\n\t\t\t<div class=\"elementor-widget-wrap elementor-element-populated\">\n\t\t\t\t\t\t<div class=\"elementor-element elementor-element-1d99272 elementor-widget elementor-widget-image\" data-id=\"1d99272\" data-element_type=\"widget\" data-e-type=\"widget\" data-widget_type=\"image.default\">\n\t\t\t\t<div class=\"elementor-widget-container\">\n\t\t\t\t\t\t\t\t\t\t\t\t\t\t\t<img fetchpriority=\"high\" decoding=\"async\" width=\"569\" height=\"593\" src=\"https:\/\/cwilc.com\/wp-content\/uploads\/2021\/06\/attorney-img.jpg\" class=\"attachment-large size-large wp-image-949\" alt=\"rae sadeghian-levin workers compensation attorney\" srcset=\"https:\/\/cwilc.com\/wp-content\/uploads\/2021\/06\/attorney-img.jpg 569w, https:\/\/cwilc.com\/wp-content\/uploads\/2021\/06\/attorney-img-288x300.jpg 288w\" sizes=\"(max-width: 569px) 100vw, 569px\" \/>\t\t\t\t\t\t\t\t\t\t\t\t\t\t\t<\/div>\n\t\t\t\t<\/div>\n\t\t\t\t\t<\/div>\n\t\t<\/div>\n\t\t\t\t\t<\/div>\n\t\t<\/section>\n\t\t\t\t<section class=\"elementor-section elementor-top-section elementor-element elementor-element-b8aa209 elementor-reverse-mobile elementor-section-boxed elementor-section-height-default elementor-section-height-default\" data-id=\"b8aa209\" data-element_type=\"section\" data-e-type=\"section\">\n\t\t\t\t\t\t<div class=\"elementor-container elementor-column-gap-default\">\n\t\t\t\t\t<div class=\"elementor-column elementor-col-50 elementor-top-column elementor-element elementor-element-c9d400d\" data-id=\"c9d400d\" data-element_type=\"column\" data-e-type=\"column\">\n\t\t\t<div class=\"elementor-widget-wrap elementor-element-populated\">\n\t\t\t\t\t\t<div class=\"elementor-element elementor-element-e7eb696 elementor-headline--style-highlight elementor-widget elementor-widget-animated-headline\" data-id=\"e7eb696\" data-element_type=\"widget\" data-e-type=\"widget\" data-settings=\"{&quot;headline_style&quot;:&quot;highlight&quot;,&quot;marker&quot;:&quot;circle&quot;,&quot;loop&quot;:&quot;yes&quot;,&quot;highlight_animation_duration&quot;:1200,&quot;highlight_iteration_delay&quot;:8000}\" data-widget_type=\"animated-headline.default\">\n\t\t\t\t<div class=\"elementor-widget-container\">\n\t\t\t\t\t\t\t<h2 class=\"elementor-headline\">\n\t\t\t\t\t<span class=\"elementor-headline-plain-text elementor-headline-text-wrapper\">Acerca de Irving Partida<\/span>\n\t\t\t\t<span class=\"elementor-headline-dynamic-wrapper elementor-headline-text-wrapper\">\n\t\t\t\t<\/span>\n\t\t\t\t<\/h2>\n\t\t\t\t\t\t<\/div>\n\t\t\t\t<\/div>\n\t\t\t\t<div class=\"elementor-element elementor-element-2df277d elementor-widget elementor-widget-text-editor\" data-id=\"2df277d\" data-element_type=\"widget\" data-e-type=\"widget\" data-widget_type=\"text-editor.default\">\n\t\t\t\t<div class=\"elementor-widget-container\">\n\t\t\t\t\t\t\t\t\t<p>Irving Partida es abogado del California Work Injury Law Center y cuenta con m\u00e1s de 12 a\u00f1os de experiencia en el \u00e1mbito jur\u00eddico. Obtuvo su t\u00edtulo de Juris Doctor en la California Western School of Law y una licenciatura en Ciencias Pol\u00edticas en la Universidad Estatal de San Diego. Irving tiene experiencia en la asistencia a clientes en asuntos de inmigraci\u00f3n, investigaci\u00f3n jur\u00eddica y desarrollo de casos. Anteriormente trabaj\u00f3 con el Servicio Comercial de los Estados Unidos en Chile, donde prest\u00f3 apoyo en la investigaci\u00f3n para empresas estadounidenses que exploraban los mercados internacionales. Habiendo viajado a m\u00e1s de 40 pa\u00edses, Irving aporta una perspectiva global a su trabajo y se compromete a proporcionar un apoyo jur\u00eddico reflexivo y centrado en el cliente.<\/p><p>Irving Partida aporta al California Work Injury Law Center una potente combinaci\u00f3n de experiencia jur\u00eddica, perspectiva internacional y defensa centrada en el cliente. Con m\u00e1s de 12 a\u00f1os en el \u00e1mbito jur\u00eddico, Irving se ha labrado una reputaci\u00f3n por su exhaustiva investigaci\u00f3n jur\u00eddica, su resoluci\u00f3n estrat\u00e9gica de problemas y su dedicaci\u00f3n a ayudar a los clientes a afrontar con confianza complejos retos legales.<\/p><p>Irving obtuvo su t\u00edtulo de Juris Doctor en la Facultad de Derecho California Western y una licenciatura en Ciencias Pol\u00edticas en la Universidad Estatal de San Diego. Al inicio de su carrera, trabaj\u00f3 como asistente legal ayudando a clientes con solicitudes de visados y asuntos de inmigraci\u00f3n, adquiriendo experiencia pr\u00e1ctica en la orientaci\u00f3n de personas y familias a trav\u00e9s de procesos legales cr\u00edticos.<\/p>\t\t\t\t\t\t\t\t<\/div>\n\t\t\t\t<\/div>\n\t\t\t\t\t<\/div>\n\t\t<\/div>\n\t\t\t\t<div class=\"elementor-column elementor-col-50 elementor-top-column elementor-element elementor-element-c80ced0\" data-id=\"c80ced0\" data-element_type=\"column\" data-e-type=\"column\">\n\t\t\t<div class=\"elementor-widget-wrap elementor-element-populated\">\n\t\t\t\t\t\t<div class=\"elementor-element elementor-element-b0f8103 elementor-widget elementor-widget-image\" data-id=\"b0f8103\" data-element_type=\"widget\" data-e-type=\"widget\" data-widget_type=\"image.default\">\n\t\t\t\t<div class=\"elementor-widget-container\">\n\t\t\t\t\t\t\t\t\t\t\t\t\t\t\t<img decoding=\"async\" width=\"768\" height=\"1152\" src=\"https:\/\/cwilc.com\/wp-content\/uploads\/2026\/03\/irving-photo-768x1152.jpg\" class=\"attachment-medium_large size-medium_large wp-image-1684\" alt=\"\" srcset=\"https:\/\/cwilc.com\/wp-content\/uploads\/2026\/03\/irving-photo-768x1152.jpg 768w, https:\/\/cwilc.com\/wp-content\/uploads\/2026\/03\/irving-photo-200x300.jpg 200w, https:\/\/cwilc.com\/wp-content\/uploads\/2026\/03\/irving-photo-683x1024.jpg 683w, https:\/\/cwilc.com\/wp-content\/uploads\/2026\/03\/irving-photo-1024x1536.jpg 1024w, https:\/\/cwilc.com\/wp-content\/uploads\/2026\/03\/irving-photo-1366x2048.jpg 1366w, https:\/\/cwilc.com\/wp-content\/uploads\/2026\/03\/irving-photo-8x12.jpg 8w, https:\/\/cwilc.com\/wp-content\/uploads\/2026\/03\/irving-photo-scaled.jpg 1707w\" sizes=\"(max-width: 768px) 100vw, 768px\" \/>\t\t\t\t\t\t\t\t\t\t\t\t\t\t\t<\/div>\n\t\t\t\t<\/div>\n\t\t\t\t\t<\/div>\n\t\t<\/div>\n\t\t\t\t\t<\/div>\n\t\t<\/section>\n\t\t\t\t<section class=\"elementor-section elementor-top-section elementor-element elementor-element-a57914d elementor-section-boxed elementor-section-height-default elementor-section-height-default\" data-id=\"a57914d\" data-element_type=\"section\" data-e-type=\"section\">\n\t\t\t\t\t\t<div class=\"elementor-container elementor-column-gap-default\">\n\t\t\t\t\t<div class=\"elementor-column elementor-col-100 elementor-top-column elementor-element elementor-element-03f66d3\" data-id=\"03f66d3\" data-element_type=\"column\" data-e-type=\"column\">\n\t\t\t<div class=\"elementor-widget-wrap elementor-element-populated\">\n\t\t\t\t\t\t<div class=\"elementor-element elementor-element-f189c4b elementor-widget elementor-widget-text-editor\" data-id=\"f189c4b\" data-element_type=\"widget\" data-e-type=\"widget\" data-widget_type=\"text-editor.default\">\n\t\t\t\t<div class=\"elementor-widget-container\">\n\t\t\t\t\t\t\t\t\t<p>Posteriormente, trabaj\u00f3 con el Servicio Comercial de los Estados Unidos en Chile, que forma parte del Departamento de Comercio de los Estados Unidos, donde realiz\u00f3 investigaciones y apoy\u00f3 iniciativas dise\u00f1adas para ayudar a las empresas estadounidenses a expandirse a los mercados internacionales. Esta experiencia reforz\u00f3 su comprensi\u00f3n de los negocios globales, la inmigraci\u00f3n y las cuestiones legales transfronterizas.<\/p><p>Habiendo viajado a m\u00e1s de 40 pa\u00edses, Irving aporta una perspectiva verdaderamente global a su trabajo jur\u00eddico. Su experiencia en el trato con personas de diversas culturas ha reforzado sus habilidades comunicativas y ha profundizado su compromiso con la prestaci\u00f3n de asesoramiento jur\u00eddico personalizado.<\/p><p>A Irving le apasiona establecer relaciones s\u00f3lidas con los clientes y asegurarse de que se sientan informados, respaldados y seguros a lo largo de todo el proceso legal.<\/p>\t\t\t\t\t\t\t\t<\/div>\n\t\t\t\t<\/div>\n\t\t\t\t\t<\/div>\n\t\t<\/div>\n\t\t\t\t\t<\/div>\n\t\t<\/section>\n\t\t\t\t<section class=\"elementor-section elementor-top-section elementor-element elementor-element-c43703d elementor-section-boxed elementor-section-height-default elementor-section-height-default\" data-id=\"c43703d\" data-element_type=\"section\" data-e-type=\"section\">\n\t\t\t\t\t\t<div class=\"elementor-container elementor-column-gap-default\">\n\t\t\t\t\t<div class=\"elementor-column elementor-col-100 elementor-top-column elementor-element elementor-element-57cc51c\" data-id=\"57cc51c\" data-element_type=\"column\" data-e-type=\"column\">\n\t\t\t<div class=\"elementor-widget-wrap elementor-element-populated\">\n\t\t\t\t\t\t<div class=\"elementor-element elementor-element-3d5efc7 elementor-widget elementor-widget-spacer\" data-id=\"3d5efc7\" data-element_type=\"widget\" data-e-type=\"widget\" data-widget_type=\"spacer.default\">\n\t\t\t\t<div class=\"elementor-widget-container\">\n\t\t\t\t\t\t\t<div class=\"elementor-spacer\">\n\t\t\t<div class=\"elementor-spacer-inner\"><\/div>\n\t\t<\/div>\n\t\t\t\t\t\t<\/div>\n\t\t\t\t<\/div>\n\t\t\t\t<div class=\"elementor-element elementor-element-e808aa0 elementor-widget elementor-widget-spacer\" data-id=\"e808aa0\" data-element_type=\"widget\" data-e-type=\"widget\" data-widget_type=\"spacer.default\">\n\t\t\t\t<div class=\"elementor-widget-container\">\n\t\t\t\t\t\t\t<div class=\"elementor-spacer\">\n\t\t\t<div class=\"elementor-spacer-inner\"><\/div>\n\t\t<\/div>\n\t\t\t\t\t\t<\/div>\n\t\t\t\t<\/div>\n\t\t\t\t\t<\/div>\n\t\t<\/div>\n\t\t\t\t\t<\/div>\n\t\t<\/section>\n\t\t\t\t<\/div>","protected":false},"excerpt":{"rendered":"<p>Our Attorneys About Rae Sadeghian-Levin Rae Sadeghian-Levin obtained a Bachelor of Arts from UCLA in Political Science. At UCLA, she completed a coveted international program at the NATO headquarters in Brussels, Belgium and United Nations International Court of Justice in Hague, Netherlands. She worked abroad at UNICEF helping to fortify fundraising outlets for children in [&hellip;]<\/p>\n","protected":false},"author":6,"featured_media":0,"parent":0,"menu_order":0,"comment_status":"closed","ping_status":"closed","template":"elementor_header_footer","meta":{"_seopress_robots_primary_cat":"","_seopress_titles_title":"Attorney Rae Sadeghian-Levin | California Work Injury Law Center","_seopress_titles_desc":"Rae Sadeghian-Levin has gained thousands in compensation for her clients. She is dedicated to fighting and helping her clients get the compensation they deserve.","_seopress_robots_index":"","footnotes":""},"class_list":["post-176","page","type-page","status-publish","hentry"],"_links":{"self":[{"href":"https:\/\/cwilc.com\/es\/wp-json\/wp\/v2\/pages\/176","targetHints":{"allow":["GET"]}}],"collection":[{"href":"https:\/\/cwilc.com\/es\/wp-json\/wp\/v2\/pages"}],"about":[{"href":"https:\/\/cwilc.com\/es\/wp-json\/wp\/v2\/types\/page"}],"author":[{"embeddable":true,"href":"https:\/\/cwilc.com\/es\/wp-json\/wp\/v2\/users\/6"}],"replies":[{"embeddable":true,"href":"https:\/\/cwilc.com\/es\/wp-json\/wp\/v2\/comments?post=176"}],"version-history":[{"count":0,"href":"https:\/\/cwilc.com\/es\/wp-json\/wp\/v2\/pages\/176\/revisions"}],"wp:attachment":[{"href":"https:\/\/cwilc.com\/es\/wp-json\/wp\/v2\/media?parent=176"}],"curies":[{"name":"wp","href":"https:\/\/api.w.org\/{rel}","templated":true}]}}