{"id":1654,"date":"2026-02-11T13:40:35","date_gmt":"2026-02-11T21:40:35","guid":{"rendered":"https:\/\/cwilc.com\/?page_id=1654"},"modified":"2026-02-11T13:44:57","modified_gmt":"2026-02-11T21:44:57","slug":"reclamaciones-de-compensacion-laboral","status":"publish","type":"page","link":"https:\/\/cwilc.com\/es\/lugares\/santa-ana\/reclamaciones-de-compensacion-laboral\/","title":{"rendered":"Santa Ana Workers\u2019 Comp Appeals Lawyer"},"content":{"rendered":"<div data-elementor-type=\"wp-page\" data-elementor-id=\"1654\" class=\"elementor elementor-1654\" data-elementor-post-type=\"page\">\n\t\t\t\t\t\t<section class=\"elementor-section elementor-top-section elementor-element elementor-element-dc2c1ce elementor-section-boxed elementor-section-height-default elementor-section-height-default\" data-id=\"dc2c1ce\" data-element_type=\"section\" data-e-type=\"section\" data-settings=\"{&quot;background_background&quot;:&quot;classic&quot;}\">\n\t\t\t\t\t\t\t<div class=\"elementor-background-overlay\"><\/div>\n\t\t\t\t\t\t\t<div class=\"elementor-container elementor-column-gap-default\">\n\t\t\t\t\t<div class=\"elementor-column elementor-col-100 elementor-top-column elementor-element elementor-element-fea2973\" data-id=\"fea2973\" data-element_type=\"column\" data-e-type=\"column\">\n\t\t\t<div class=\"elementor-widget-wrap elementor-element-populated\">\n\t\t\t\t\t\t<div class=\"elementor-element elementor-element-0d21ea2 elementor-widget elementor-widget-heading\" data-id=\"0d21ea2\" data-element_type=\"widget\" data-e-type=\"widget\" data-widget_type=\"heading.default\">\n\t\t\t\t<div class=\"elementor-widget-container\">\n\t\t\t\t\t<h1 class=\"elementor-heading-title elementor-size-default\">Apelaci\u00f3n de reclamaciones denegadas de indemnizaci\u00f3n por accidente laboral en Santa Ana\n<\/h1>\t\t\t\t<\/div>\n\t\t\t\t<\/div>\n\t\t\t\t\t<\/div>\n\t\t<\/div>\n\t\t\t\t\t<\/div>\n\t\t<\/section>\n\t\t\t\t<section class=\"elementor-section elementor-top-section elementor-element elementor-element-5750acd elementor-reverse-tablet elementor-reverse-mobile elementor-section-boxed elementor-section-height-default elementor-section-height-default\" data-id=\"5750acd\" data-element_type=\"section\" data-e-type=\"section\">\n\t\t\t\t\t\t<div class=\"elementor-container elementor-column-gap-default\">\n\t\t\t\t\t<div class=\"elementor-column elementor-col-100 elementor-top-column elementor-element elementor-element-9bf8f73\" data-id=\"9bf8f73\" data-element_type=\"column\" data-e-type=\"column\">\n\t\t\t<div class=\"elementor-widget-wrap elementor-element-populated\">\n\t\t\t\t\t\t<div class=\"elementor-element elementor-element-9f58324 elementor-widget elementor-widget-text-editor\" data-id=\"9f58324\" data-element_type=\"widget\" data-e-type=\"widget\" data-widget_type=\"text-editor.default\">\n\t\t\t\t<div class=\"elementor-widget-container\">\n\t\t\t\t\t\t\t\t\t<p><span style=\"font-weight: 400;\">Cuando un juez de compensaci\u00f3n laboral emite un <a href=\"https:\/\/cwilc.com\/es\/lugares\/santa-ana\/denegaciones-de-indemnizaciones-laborales\/\">fallo que le niega los beneficios<\/a> o subestima su lesi\u00f3n, el proceso legal no ha terminado. En el sistema de compensaci\u00f3n laboral de California, usted tiene derecho a impugnar la decisi\u00f3n de un juez mediante un proceso de apelaci\u00f3n formal. Dado que estas apelaciones implican argumentos legales complejos y plazos legales estrictos, contar con un abogado con experiencia en apelaciones de compensaci\u00f3n laboral en Santa Ana es esencial para proteger su futuro.<\/span><\/p><p><span style=\"font-weight: 400;\">En el <a href=\"https:\/\/cwilc.com\/es\/\">California Work Injury Law Center<\/a>, comprendemos el sistema judicial local y los est\u00e1ndares legales espec\u00edficos necesarios para apelar con \u00e9xito un caso. Nos centramos en identificar errores legales y omisiones f\u00e1cticas para ayudarle a obtener la justicia que se merece.<\/span><\/p><p>\u00a0<\/p>\t\t\t\t\t\t\t\t<\/div>\n\t\t\t\t<\/div>\n\t\t\t\t<div class=\"elementor-element elementor-element-c3bd0f7 elementor-widget elementor-widget-heading\" data-id=\"c3bd0f7\" data-element_type=\"widget\" data-e-type=\"widget\" data-widget_type=\"heading.default\">\n\t\t\t\t<div class=\"elementor-widget-container\">\n\t\t\t\t\t<h2 class=\"elementor-heading-title elementor-size-default\">Los niveles de apelaci\u00f3n en los casos de indemnizaci\u00f3n laboral en Santa Ana<\/h2>\t\t\t\t<\/div>\n\t\t\t\t<\/div>\n\t\t\t\t<div class=\"elementor-element elementor-element-ae2c1bf elementor-widget elementor-widget-text-editor\" data-id=\"ae2c1bf\" data-element_type=\"widget\" data-e-type=\"widget\" data-widget_type=\"text-editor.default\">\n\t\t\t\t<div class=\"elementor-widget-container\">\n\t\t\t\t\t\t\t\t\t<p><span style=\"font-weight: 400;\">El proceso de apelaci\u00f3n sigue una jerarqu\u00eda espec\u00edfica dentro del sistema judicial de California. Cada nivel tiene su propio conjunto de normas y documentaci\u00f3n requerida.<\/span><\/p><ul><li style=\"font-weight: 400;\" aria-level=\"1\"><b>Solicitud de reconsideraci\u00f3n:<\/b><span style=\"font-weight: 400;\"> Este es el primer nivel de apelaci\u00f3n y el m\u00e1s com\u00fan. Si no est\u00e1 de acuerdo con una decisi\u00f3n final tomada por un juez en la Oficina del Distrito de Santa Ana, tiene 20 d\u00edas (m\u00e1s 5 d\u00edas adicionales si la decisi\u00f3n se envi\u00f3 por correo) para presentar esta petici\u00f3n. En ella se solicita a la Junta de Apelaciones de Compensaci\u00f3n Laboral (WCAB) en San Francisco que revise el expediente del juicio y determine si el juez cometi\u00f3 un error al aplicar la ley o interpretar las pruebas.<\/span><\/li><li style=\"font-weight: 400;\" aria-level=\"1\"><b>Solicitud de destituci\u00f3n:<\/b><span style=\"font-weight: 400;\"> Se trata de un recurso extraordinario que se utiliza para \u00f3rdenes provisionales, m\u00e1s que para decisiones definitivas. Si un juez dicta una resoluci\u00f3n durante la fase de presentaci\u00f3n de pruebas o previa al juicio que le cause un perjuicio significativo o un da\u00f1o irreparable, presentamos una petici\u00f3n de traslado para que la WCAB aborde la cuesti\u00f3n de inmediato.<\/span><\/li><li style=\"font-weight: 400;\" aria-level=\"1\"><b>Auto de revisi\u00f3n:<\/b><span style=\"font-weight: 400;\"> Si la Junta de Apelaciones de Compensaci\u00f3n Laboral rechaza su Petici\u00f3n de Reconsideraci\u00f3n, el siguiente paso es llevar el caso ante el Tribunal de Apelaci\u00f3n de California. Se debe presentar un recurso de revisi\u00f3n en un plazo de 45 d\u00edas a partir de la decisi\u00f3n de la junta. En esta etapa, el tribunal generalmente solo revisa si la junta actu\u00f3 dentro de sus facultades y si la decisi\u00f3n fue razonable seg\u00fan las pruebas.<\/span><\/li><li style=\"font-weight: 400;\" aria-level=\"1\"><b>Recurso ante el Tribunal Supremo de California:<\/b><span> En casos muy excepcionales en los que existe una cuesti\u00f3n jur\u00eddica importante o un conflicto entre las decisiones de los tribunales inferiores, un caso puede ser apelado ante el tribunal supremo del estado. Aunque estos casos son poco frecuentes, nuestro equipo cuenta con la experiencia necesaria en apelaciones de alto nivel para manejar casos en todos los niveles del poder judicial.<\/span><\/li><\/ul><p>\u00a0<\/p>\t\t\t\t\t\t\t\t<\/div>\n\t\t\t\t<\/div>\n\t\t\t\t<div class=\"elementor-element elementor-element-cbabb5f elementor-widget elementor-widget-heading\" data-id=\"cbabb5f\" data-element_type=\"widget\" data-e-type=\"widget\" data-widget_type=\"heading.default\">\n\t\t\t\t<div class=\"elementor-widget-container\">\n\t\t\t\t\t<h2 class=\"elementor-heading-title elementor-size-default\">Motivos para presentar una apelaci\u00f3n de compensaci\u00f3n laboral<\/h2>\t\t\t\t<\/div>\n\t\t\t\t<\/div>\n\t\t\t\t<div class=\"elementor-element elementor-element-d62f051 elementor-widget elementor-widget-text-editor\" data-id=\"d62f051\" data-element_type=\"widget\" data-e-type=\"widget\" data-widget_type=\"text-editor.default\">\n\t\t\t\t<div class=\"elementor-widget-container\">\n\t\t\t\t\t\t\t\t\t<p><span style=\"font-weight: 400;\">Una apelaci\u00f3n no es un segundo juicio ni una oportunidad para simplemente repetir los mismos argumentos. Para tener \u00e9xito, debemos demostrar motivos legales espec\u00edficos seg\u00fan lo definido por el C\u00f3digo Laboral de California.<\/span><\/p><ul><li style=\"font-weight: 400;\" aria-level=\"1\"><b>Las pruebas no respaldan las conclusiones:<\/b><span style=\"font-weight: 400;\"> Sostenemos que la decisi\u00f3n del juez no estaba justificada por los informes m\u00e9dicos, los testimonios de los testigos ni otras pruebas presentadas durante el juicio.<\/span><\/li><li style=\"font-weight: 400;\" aria-level=\"1\"><b>Pruebas recientemente descubiertas:<\/b><span style=\"font-weight: 400;\"> Si ha salido a la luz alguna prueba fundamental que no se pudo descubrir ni presentar en el momento de la audiencia original, podemos utilizarla como base para una petici\u00f3n de reconsideraci\u00f3n.<\/span><\/li><li style=\"font-weight: 400;\" aria-level=\"1\"><b>Fraude:<\/b><span style=\"font-weight: 400;\"> Si la decisi\u00f3n del juez se obtuvo mediante fraude o si la compa\u00f1\u00eda de seguros proporcion\u00f3 informaci\u00f3n fraudulenta que influy\u00f3 en el resultado, es necesario presentar una apelaci\u00f3n para restablecer la integridad de su reclamaci\u00f3n.<\/span><\/li><li style=\"font-weight: 400;\" aria-level=\"1\"><b>Error jur\u00eddico:<\/b><span> Esto ocurre cuando un juez interpreta err\u00f3neamente una ley o no sigue los precedentes legales establecidos que deber\u00edan haberse aplicado a su lesi\u00f3n espec\u00edfica.<\/span><\/li><\/ul><p>\u00a0<\/p>\t\t\t\t\t\t\t\t<\/div>\n\t\t\t\t<\/div>\n\t\t\t\t<div class=\"elementor-element elementor-element-09206f5 elementor-widget elementor-widget-heading\" data-id=\"09206f5\" data-element_type=\"widget\" data-e-type=\"widget\" data-widget_type=\"heading.default\">\n\t\t\t\t<div class=\"elementor-widget-container\">\n\t\t\t\t\t<h2 class=\"elementor-heading-title elementor-size-default\">\u00bfPor qu\u00e9 elegir CWILC para su apelaci\u00f3n en Santa Ana?\n<\/h2>\t\t\t\t<\/div>\n\t\t\t\t<\/div>\n\t\t\t\t<div class=\"elementor-element elementor-element-75849a9 elementor-widget elementor-widget-text-editor\" data-id=\"75849a9\" data-element_type=\"widget\" data-e-type=\"widget\" data-widget_type=\"text-editor.default\">\n\t\t\t\t<div class=\"elementor-widget-container\">\n\t\t\t\t\t\t\t\t\t<p><span style=\"font-weight: 400;\">El trabajo de apelaci\u00f3n requiere un conjunto de habilidades diferente al del trabajo de juicio. Implica una profunda investigaci\u00f3n jur\u00eddica, la redacci\u00f3n precisa de informes y un dominio del C\u00f3digo Laboral de California.<\/span><\/p><ul><li style=\"font-weight: 400;\" aria-level=\"1\"><b>D\u00e9cadas de experiencia local:<\/b><span style=\"font-weight: 400;\"> Somos habituales en la Junta de Apelaciones de Compensaci\u00f3n Laboral de Santa Ana, situada en 2 MacArthur Place. Conocemos a los jueces locales y sabemos c\u00f3mo plantear argumentos que tengan eco en la junta.<\/span><\/li><li style=\"font-weight: 400;\" aria-level=\"1\"><b>Defensa agresiva de los empleados:<\/b><span style=\"font-weight: 400;\"> Nunca representamos a compa\u00f1\u00edas aseguradoras. Nuestra dedicaci\u00f3n exclusiva a los trabajadores lesionados nos convierte en expertos en detectar las t\u00e1cticas que utilizan las aseguradoras para mantener resoluciones injustas.<\/span><\/li><li style=\"font-weight: 400;\" aria-level=\"1\"><b>Sin gastos legales por adelantado:<\/b><span> Trabajamos con honorarios contingentes. Adelantamos todos los gastos relacionados con su apelaci\u00f3n y usted solo nos paga si conseguimos recuperar o restablecer sus prestaciones.<\/span><\/li><\/ul><p>\u00a0<\/p>\t\t\t\t\t\t\t\t<\/div>\n\t\t\t\t<\/div>\n\t\t\t\t<div class=\"elementor-element elementor-element-4d52dff elementor-widget elementor-widget-heading\" data-id=\"4d52dff\" data-element_type=\"widget\" data-e-type=\"widget\" data-widget_type=\"heading.default\">\n\t\t\t\t<div class=\"elementor-widget-container\">\n\t\t\t\t\t<h2 class=\"elementor-heading-title elementor-size-default\">Hable hoy mismo con un abogado especializado en apelaciones de compensaci\u00f3n laboral en Santa Ana.\n<\/h2>\t\t\t\t<\/div>\n\t\t\t\t<\/div>\n\t\t\t\t<div class=\"elementor-element elementor-element-46a61c0 elementor-widget elementor-widget-text-editor\" data-id=\"46a61c0\" data-element_type=\"widget\" data-e-type=\"widget\" data-widget_type=\"text-editor.default\">\n\t\t\t\t<div class=\"elementor-widget-container\">\n\t\t\t\t\t\t\t\t\t<p><span style=\"font-weight: 400;\">El plazo para apelar una decisi\u00f3n sobre indemnizaci\u00f3n laboral es extremadamente corto. Si espera demasiado tiempo, puede perder definitivamente su derecho a impugnar una resoluci\u00f3n injusta.<\/span><\/p><p><span style=\"font-weight: 400;\">P\u00f3ngase en contacto con el Centro Legal de Lesiones Laborales de California para analizar su caso. Revisaremos la \u00abOpini\u00f3n sobre la decisi\u00f3n\u00bb del juez, identificaremos los mejores motivos para apelar y nos encargaremos de los complejos requisitos de presentaci\u00f3n en su nombre.<\/span><\/p><p><span style=\"font-weight: 400;\">Ll\u00e1menos al <a href=\"tel:(949) 767-4423\">(949) 767-4423<\/a> o rellene nuestro <\/span><a href=\"https:\/\/cwilc.com\/contact\/\"><span style=\"font-weight: 400;\">formulario en l\u00ednea<\/span><\/a><span style=\"font-weight: 400;\"> para obtener una consulta gratuita. Perm\u00edtanos ayudarle a luchar por los beneficios que la ley dice que usted merece.<\/span><\/p>\t\t\t\t\t\t\t\t<\/div>\n\t\t\t\t<\/div>\n\t\t\t\t\t<\/div>\n\t\t<\/div>\n\t\t\t\t\t<\/div>\n\t\t<\/section>\n\t\t\t\t<\/div>","protected":false},"excerpt":{"rendered":"<p>Appealing Denied Workers\u2019 Compensation Claims in Santa Ana When a workers\u2019 compensation judge issues a ruling that denies you benefits or undervalues your injury, the legal journey is not over. In the California workers&#8217; compensation system, you have the right to challenge a judge&#8217;s decision through a formal appeals process. Because these appeals involve complex [&hellip;]<\/p>\n","protected":false},"author":4,"featured_media":1196,"parent":1063,"menu_order":0,"comment_status":"closed","ping_status":"closed","template":"elementor_header_footer","meta":{"_seopress_robots_primary_cat":"","_seopress_titles_title":"Appealing Denied Workers\u2019 Comp Claims in Santa Ana","_seopress_titles_desc":"Lost your workers' comp trial? Our Santa Ana appeal lawyers help you file Petitions for Reconsideration to overturn unfair rulings. Call for help.","_seopress_robots_index":"","footnotes":""},"class_list":["post-1654","page","type-page","status-publish","has-post-thumbnail","hentry"],"_links":{"self":[{"href":"https:\/\/cwilc.com\/es\/wp-json\/wp\/v2\/pages\/1654","targetHints":{"allow":["GET"]}}],"collection":[{"href":"https:\/\/cwilc.com\/es\/wp-json\/wp\/v2\/pages"}],"about":[{"href":"https:\/\/cwilc.com\/es\/wp-json\/wp\/v2\/types\/page"}],"author":[{"embeddable":true,"href":"https:\/\/cwilc.com\/es\/wp-json\/wp\/v2\/users\/4"}],"replies":[{"embeddable":true,"href":"https:\/\/cwilc.com\/es\/wp-json\/wp\/v2\/comments?post=1654"}],"version-history":[{"count":0,"href":"https:\/\/cwilc.com\/es\/wp-json\/wp\/v2\/pages\/1654\/revisions"}],"up":[{"embeddable":true,"href":"https:\/\/cwilc.com\/es\/wp-json\/wp\/v2\/pages\/1063"}],"wp:featuredmedia":[{"embeddable":true,"href":"https:\/\/cwilc.com\/es\/wp-json\/wp\/v2\/media\/1196"}],"wp:attachment":[{"href":"https:\/\/cwilc.com\/es\/wp-json\/wp\/v2\/media?parent=1654"}],"curies":[{"name":"wp","href":"https:\/\/api.w.org\/{rel}","templated":true}]}}