{"id":1652,"date":"2026-02-11T13:09:34","date_gmt":"2026-02-11T21:09:34","guid":{"rendered":"https:\/\/cwilc.com\/?page_id=1652"},"modified":"2026-02-11T14:26:44","modified_gmt":"2026-02-11T22:26:44","slug":"denegaciones-de-indemnizaciones-laborales","status":"publish","type":"page","link":"https:\/\/cwilc.com\/es\/lugares\/santa-ana\/denegaciones-de-indemnizaciones-laborales\/","title":{"rendered":"Santa Ana Workers\u2019 Comp Denial Lawyer"},"content":{"rendered":"<div data-elementor-type=\"wp-page\" data-elementor-id=\"1652\" class=\"elementor elementor-1652\" data-elementor-post-type=\"page\">\n\t\t\t\t\t\t<section class=\"elementor-section elementor-top-section elementor-element elementor-element-dc2c1ce elementor-section-boxed elementor-section-height-default elementor-section-height-default\" data-id=\"dc2c1ce\" data-element_type=\"section\" data-e-type=\"section\" data-settings=\"{&quot;background_background&quot;:&quot;classic&quot;}\">\n\t\t\t\t\t\t\t<div class=\"elementor-background-overlay\"><\/div>\n\t\t\t\t\t\t\t<div class=\"elementor-container elementor-column-gap-default\">\n\t\t\t\t\t<div class=\"elementor-column elementor-col-100 elementor-top-column elementor-element elementor-element-fea2973\" data-id=\"fea2973\" data-element_type=\"column\" data-e-type=\"column\">\n\t\t\t<div class=\"elementor-widget-wrap elementor-element-populated\">\n\t\t\t\t\t\t<div class=\"elementor-element elementor-element-0d21ea2 elementor-widget elementor-widget-heading\" data-id=\"0d21ea2\" data-element_type=\"widget\" data-e-type=\"widget\" data-widget_type=\"heading.default\">\n\t\t\t\t<div class=\"elementor-widget-container\">\n\t\t\t\t\t<h1 class=\"elementor-heading-title elementor-size-default\">Abogado especializado en denegaciones de indemnizaciones laborales en Santa Ana: luchando por su reclamaci\u00f3n rechazada\n<\/h1>\t\t\t\t<\/div>\n\t\t\t\t<\/div>\n\t\t\t\t\t<\/div>\n\t\t<\/div>\n\t\t\t\t\t<\/div>\n\t\t<\/section>\n\t\t\t\t<section class=\"elementor-section elementor-top-section elementor-element elementor-element-5750acd elementor-reverse-tablet elementor-reverse-mobile elementor-section-boxed elementor-section-height-default elementor-section-height-default\" data-id=\"5750acd\" data-element_type=\"section\" data-e-type=\"section\">\n\t\t\t\t\t\t<div class=\"elementor-container elementor-column-gap-default\">\n\t\t\t\t\t<div class=\"elementor-column elementor-col-100 elementor-top-column elementor-element elementor-element-9bf8f73\" data-id=\"9bf8f73\" data-element_type=\"column\" data-e-type=\"column\">\n\t\t\t<div class=\"elementor-widget-wrap elementor-element-populated\">\n\t\t\t\t\t\t<div class=\"elementor-element elementor-element-9f58324 elementor-widget elementor-widget-text-editor\" data-id=\"9f58324\" data-element_type=\"widget\" data-e-type=\"widget\" data-widget_type=\"text-editor.default\">\n\t\t\t\t<div class=\"elementor-widget-container\">\n\t\t\t\t\t\t\t\t\t<p><span style=\"font-weight: 400;\">Recibir una carta de denegaci\u00f3n de una compa\u00f1\u00eda de seguros es una experiencia desalentadora, pero no es la \u00faltima palabra en su caso de indemnizaci\u00f3n laboral. En Santa Ana, muchas reclamaciones leg\u00edtimas son rechazadas inicialmente por razones administrativas o por falta de pruebas m\u00e9dicas inmediatas. Cuando su capacidad para pagar sus facturas y acceder a tratamiento m\u00e9dico est\u00e1 en juego, necesita un abogado especializado en denegaciones de indemnizaci\u00f3n laboral en Santa Ana que sepa c\u00f3mo navegar por el complejo proceso de apelaci\u00f3n de California.<\/span><\/p><p><span style=\"font-weight: 400;\">En el <a href=\"https:\/\/cwilc.com\/es\/\">California Work Injury Law Center<\/a>, nos especializamos en identificar por qu\u00e9 se deneg\u00f3 una reclamaci\u00f3n y en construir el s\u00f3lido caso legal necesario para revocar esa decisi\u00f3n. Representamos a trabajadores de todos los sectores para garantizar que se protejan sus derechos y se restablezcan sus prestaciones.<\/span><\/p><p>\u00a0<\/p>\t\t\t\t\t\t\t\t<\/div>\n\t\t\t\t<\/div>\n\t\t\t\t<div class=\"elementor-element elementor-element-c3bd0f7 elementor-widget elementor-widget-heading\" data-id=\"c3bd0f7\" data-element_type=\"widget\" data-e-type=\"widget\" data-widget_type=\"heading.default\">\n\t\t\t\t<div class=\"elementor-widget-container\">\n\t\t\t\t\t<h2 class=\"elementor-heading-title elementor-size-default\">Razones comunes para la denegaci\u00f3n de indemnizaciones por accidentes laborales en Santa Ana<\/h2>\t\t\t\t<\/div>\n\t\t\t\t<\/div>\n\t\t\t\t<div class=\"elementor-element elementor-element-ae2c1bf elementor-widget elementor-widget-text-editor\" data-id=\"ae2c1bf\" data-element_type=\"widget\" data-e-type=\"widget\" data-widget_type=\"text-editor.default\">\n\t\t\t\t<div class=\"elementor-widget-container\">\n\t\t\t\t\t\t\t\t\t<p><span style=\"font-weight: 400;\">Los administradores de reclamaciones de seguros buscan cualquier motivo para denegar una reclamaci\u00f3n y ahorrar dinero a su empresa. Algunas de las razones m\u00e1s frecuentes que vemos para las denegaciones en el \u00e1rea de Santa Ana incluyen:<\/span><\/p><ul><li style=\"font-weight: 400;\" aria-level=\"1\"><b>Falta de evidencia m\u00e9dica<\/b><span style=\"font-weight: 400;\">: La raz\u00f3n m\u00e1s com\u00fan para una denegaci\u00f3n es la falta de documentaci\u00f3n que vincule directamente su lesi\u00f3n con sus tareas laborales. Sin un dictamen m\u00e9dico claro de un m\u00e9dico autorizado, es probable que la compa\u00f1\u00eda de seguros alegue que su lesi\u00f3n no est\u00e1 relacionada con el trabajo.<\/span><\/li><li style=\"font-weight: 400;\" aria-level=\"1\"><b>Plazos de presentaci\u00f3n no cumplidos<\/b><span style=\"font-weight: 400;\">: La ley de California exige que se informe de cualquier lesi\u00f3n laboral en un plazo de 30 d\u00edas. Si ha esperado demasiado tiempo para notificarlo a su empleador, la compa\u00f1\u00eda de seguros puede utilizar este retraso como motivo para rechazar su reclamaci\u00f3n por completo.<\/span><\/li><li style=\"font-weight: 400;\" aria-level=\"1\"><b>Disputas sobre la situaci\u00f3n laboral<\/b><span style=\"font-weight: 400;\">: Si su empleador lo clasifica como contratista independiente en lugar de empleado, es posible que rechace su reclamaci\u00f3n. Luchamos para garantizar que los trabajadores sean clasificados correctamente, de modo que puedan acceder a los beneficios que les corresponden por ley.<\/span><\/li><li style=\"font-weight: 400;\" aria-level=\"1\"><b>Condiciones preexistentes<\/b><span style=\"font-weight: 400;\">: Las aseguradoras suelen intentar atribuir una lesi\u00f3n actual a un problema de salud pasado. Sin embargo, si las tareas de su trabajo agravaron o aceleraron una afecci\u00f3n preexistente, usted sigue teniendo derecho a una indemnizaci\u00f3n seg\u00fan la legislaci\u00f3n de California.<\/span><\/li><\/ul><p>\u00a0<\/p>\t\t\t\t\t\t\t\t<\/div>\n\t\t\t\t<\/div>\n\t\t\t\t<div class=\"elementor-element elementor-element-cbabb5f elementor-widget elementor-widget-heading\" data-id=\"cbabb5f\" data-element_type=\"widget\" data-e-type=\"widget\" data-widget_type=\"heading.default\">\n\t\t\t\t<div class=\"elementor-widget-container\">\n\t\t\t\t\t<h2 class=\"elementor-heading-title elementor-size-default\">El proceso de apelaci\u00f3n de una reclamaci\u00f3n denegada en Santa Ana<\/h2>\t\t\t\t<\/div>\n\t\t\t\t<\/div>\n\t\t\t\t<div class=\"elementor-element elementor-element-d62f051 elementor-widget elementor-widget-text-editor\" data-id=\"d62f051\" data-element_type=\"widget\" data-e-type=\"widget\" data-widget_type=\"text-editor.default\">\n\t\t\t\t<div class=\"elementor-widget-container\">\n\t\t\t\t\t\t\t\t\t<p><span style=\"font-weight: 400;\">Para apelar una denegaci\u00f3n es necesario cumplir estrictamente las normas de procedimiento establecidas por la Divisi\u00f3n de Compensaci\u00f3n Laboral de California. Nuestra firma se encarga de todos los tr\u00e1mites de este proceso por usted.<\/span><\/p><p><b>Presentaci\u00f3n de una solicitud de resoluci\u00f3n de reclamaci\u00f3n<\/b><span style=\"font-weight: 400;\">: El primer paso para impugnar una denegaci\u00f3n es presentar una solicitud formal de resoluci\u00f3n de la reclamaci\u00f3n ante la Junta de Apelaciones de Compensaci\u00f3n Laboral (WCAB) local en Santa Ana. Esto abre un expediente ante el estado y permite que un juez supervise la disputa.<\/span><\/p><p><b>Solicitud de una conferencia de conciliaci\u00f3n obligatoria<\/b><span style=\"font-weight: 400;\">: Una vez abierto el caso, presentamos una Declaraci\u00f3n de disposici\u00f3n para proceder con el fin de solicitar una conferencia de conciliaci\u00f3n obligatoria. Durante esta reuni\u00f3n, nos sentamos con un juez especializado en indemnizaciones laborales y el abogado de la compa\u00f1\u00eda de seguros para intentar llegar a una resoluci\u00f3n sin necesidad de celebrar un juicio completo.<\/span><\/p><p><b>Ir a juicio ante un juez de compensaci\u00f3n laboral<\/b><span style=\"font-weight: 400;\">: Si no se llega a un acuerdo, su caso pasar\u00e1 a juicio en la Oficina del Distrito de Santa Ana, situada en MacArthur Place. En los juicios por indemnizaci\u00f3n laboral no hay jurado; en su lugar, un juez revisar\u00e1 las pruebas m\u00e9dicas y los testimonios para tomar una decisi\u00f3n definitiva sobre sus prestaciones.<\/span><\/p><p><b>Solicitudes de reconsideraci\u00f3n<\/b><span style=\"font-weight: 400;\">: Si la decisi\u00f3n del juez es desfavorable, tenemos derecho a presentar una Petici\u00f3n de reconsideraci\u00f3n. Esta petici\u00f3n solicita a la Junta Superior de Apelaciones de Compensaci\u00f3n Laboral que revise el expediente del juicio y se asegure de que la ley se aplic\u00f3 correctamente a su caso.<\/span><\/p><p>\u00a0<\/p>\t\t\t\t\t\t\t\t<\/div>\n\t\t\t\t<\/div>\n\t\t\t\t<div class=\"elementor-element elementor-element-09206f5 elementor-widget elementor-widget-heading\" data-id=\"09206f5\" data-element_type=\"widget\" data-e-type=\"widget\" data-widget_type=\"heading.default\">\n\t\t\t\t<div class=\"elementor-widget-container\">\n\t\t\t\t\t<h2 class=\"elementor-heading-title elementor-size-default\">\u00bfPor qu\u00e9 elegir CWILC para gestionar su apelaci\u00f3n por denegaci\u00f3n?\n<\/h2>\t\t\t\t<\/div>\n\t\t\t\t<\/div>\n\t\t\t\t<div class=\"elementor-element elementor-element-75849a9 elementor-widget elementor-widget-text-editor\" data-id=\"75849a9\" data-element_type=\"widget\" data-e-type=\"widget\" data-widget_type=\"text-editor.default\">\n\t\t\t\t<div class=\"elementor-widget-container\">\n\t\t\t\t\t\t\t\t\t<p><span style=\"font-weight: 400;\">Cuando se enfrenta a una compa\u00f1\u00eda de seguros multimillonaria, necesita un equipo legal de <a href=\"https:\/\/cwilc.com\/es\/lugares\/santa-ana\/\">abogados especializados en indemnizaciones laborales en Santa Ana<\/a> que no se deje intimidar por sus t\u00e1cticas.<\/span><\/p><ul><li style=\"font-weight: 400;\" aria-level=\"1\"><b>Experiencia con la Junta de Apelaciones Laborales de Santa Ana (WCAB)<\/b><span style=\"font-weight: 400;\">: Conocemos muy bien la Oficina del Distrito DWC de Santa Ana y a los jueces espec\u00edficos que presiden estos casos. Este conocimiento local nos permite adaptar nuestros argumentos a lo que el tribunal local espera ver.<\/span><\/li><li style=\"font-weight: 400;\" aria-level=\"1\"><b>Recopilaci\u00f3n agresiva de pruebas<\/b><span style=\"font-weight: 400;\">: No solo confiamos en los m\u00e9dicos de la compa\u00f1\u00eda de seguros. Le ayudamos a obtener evaluaciones de evaluadores m\u00e9dicos cualificados (QME) que proporcionan valoraciones justas y exhaustivas de sus lesiones para contrarrestar una denegaci\u00f3n injustificada.<\/span><\/li><li style=\"font-weight: 400;\" aria-level=\"1\"><b>Sin gastos de bolsillo<\/b>: Apelar una denegaci\u00f3n puede ser un proceso largo, pero nunca tendr\u00e1 que preocuparse por el costo de nuestros servicios. Trabajamos con honorarios contingentes, lo que significa que solo cobramos un porcentaje de las prestaciones que recuperamos con \u00e9xito para usted.<\/li><\/ul><p>\u00a0<\/p>\t\t\t\t\t\t\t\t<\/div>\n\t\t\t\t<\/div>\n\t\t\t\t<div class=\"elementor-element elementor-element-4d52dff elementor-widget elementor-widget-heading\" data-id=\"4d52dff\" data-element_type=\"widget\" data-e-type=\"widget\" data-widget_type=\"heading.default\">\n\t\t\t\t<div class=\"elementor-widget-container\">\n\t\t\t\t\t<h2 class=\"elementor-heading-title elementor-size-default\">Hable con un abogado especializado en denegaciones de Santa Ana para obtener una revisi\u00f3n gratuita de su caso.\n<\/h2>\t\t\t\t<\/div>\n\t\t\t\t<\/div>\n\t\t\t\t<div class=\"elementor-element elementor-element-46a61c0 elementor-widget elementor-widget-text-editor\" data-id=\"46a61c0\" data-element_type=\"widget\" data-e-type=\"widget\" data-widget_type=\"text-editor.default\">\n\t\t\t\t<div class=\"elementor-widget-container\">\n\t\t\t\t\t\t\t\t\t<p><span style=\"font-weight: 400;\">Una denegaci\u00f3n es solo el comienzo de la lucha. Si su reclamaci\u00f3n de indemnizaci\u00f3n laboral ha sido rechazada, p\u00f3ngase en contacto con California Work Injury Law Center inmediatamente. Revisaremos su carta de denegaci\u00f3n, identificaremos los puntos d\u00e9biles del argumento de la compa\u00f1\u00eda de seguros y comenzaremos el proceso de apelaci\u00f3n hoy mismo.<\/span><\/p><p><span style=\"font-weight: 400;\">Ll\u00e1menos al <a href=\"tel:(949) 767-4423\">(949) 767-4423<\/a> o rellene nuestro <\/span><a href=\"https:\/\/cwilc.com\/contact\/\"><span style=\"font-weight: 400;\">formulario en l\u00ednea<\/span><\/a><span style=\"font-weight: 400;\"> formulario en l\u00ednea para programar su consulta gratuita. Perm\u00edtanos ayudarle a convertir una denegaci\u00f3n en los beneficios que usted merece.<\/span><\/p>\t\t\t\t\t\t\t\t<\/div>\n\t\t\t\t<\/div>\n\t\t\t\t\t<\/div>\n\t\t<\/div>\n\t\t\t\t\t<\/div>\n\t\t<\/section>\n\t\t\t\t<\/div>","protected":false},"excerpt":{"rendered":"<p>Santa Ana Workers\u2019 Comp Denial Lawyer: Fighting for Your Rejected Claim Receiving a denial letter from an insurance company is a disheartening experience, but it is not the final word on your workers&#8217; compensation case. In Santa Ana, many legitimate claims are initially rejected for administrative reasons or a lack of immediate medical evidence. When [&hellip;]<\/p>\n","protected":false},"author":4,"featured_media":1653,"parent":1063,"menu_order":0,"comment_status":"closed","ping_status":"closed","template":"elementor_header_footer","meta":{"_seopress_robots_primary_cat":"","_seopress_titles_title":"Santa Ana Workers\u2019 Compensation Denial Lawyer","_seopress_titles_desc":"Claim denied? Our Santa Ana workers' comp denial lawyers help you appeal rejected claims and secure the benefits you deserve. Call for a free review.","_seopress_robots_index":"","footnotes":""},"class_list":["post-1652","page","type-page","status-publish","has-post-thumbnail","hentry"],"_links":{"self":[{"href":"https:\/\/cwilc.com\/es\/wp-json\/wp\/v2\/pages\/1652","targetHints":{"allow":["GET"]}}],"collection":[{"href":"https:\/\/cwilc.com\/es\/wp-json\/wp\/v2\/pages"}],"about":[{"href":"https:\/\/cwilc.com\/es\/wp-json\/wp\/v2\/types\/page"}],"author":[{"embeddable":true,"href":"https:\/\/cwilc.com\/es\/wp-json\/wp\/v2\/users\/4"}],"replies":[{"embeddable":true,"href":"https:\/\/cwilc.com\/es\/wp-json\/wp\/v2\/comments?post=1652"}],"version-history":[{"count":0,"href":"https:\/\/cwilc.com\/es\/wp-json\/wp\/v2\/pages\/1652\/revisions"}],"up":[{"embeddable":true,"href":"https:\/\/cwilc.com\/es\/wp-json\/wp\/v2\/pages\/1063"}],"wp:featuredmedia":[{"embeddable":true,"href":"https:\/\/cwilc.com\/es\/wp-json\/wp\/v2\/media\/1653"}],"wp:attachment":[{"href":"https:\/\/cwilc.com\/es\/wp-json\/wp\/v2\/media?parent=1652"}],"curies":[{"name":"wp","href":"https:\/\/api.w.org\/{rel}","templated":true}]}}