{"id":1650,"date":"2026-02-11T09:35:44","date_gmt":"2026-02-11T17:35:44","guid":{"rendered":"https:\/\/cwilc.com\/?page_id=1650"},"modified":"2026-02-11T09:39:27","modified_gmt":"2026-02-11T17:39:27","slug":"lesion-por-movimiento-repetitivo","status":"publish","type":"page","link":"https:\/\/cwilc.com\/es\/lugares\/santa-ana\/lesion-por-movimiento-repetitivo\/","title":{"rendered":"Abogado especializado en lesiones por movimientos repetitivos en Santa Ana"},"content":{"rendered":"<div data-elementor-type=\"wp-page\" data-elementor-id=\"1650\" class=\"elementor elementor-1650\" data-elementor-post-type=\"page\">\n\t\t\t\t\t\t<section class=\"elementor-section elementor-top-section elementor-element elementor-element-dc2c1ce elementor-section-boxed elementor-section-height-default elementor-section-height-default\" data-id=\"dc2c1ce\" data-element_type=\"section\" data-e-type=\"section\" data-settings=\"{&quot;background_background&quot;:&quot;classic&quot;}\">\n\t\t\t\t\t\t\t<div class=\"elementor-background-overlay\"><\/div>\n\t\t\t\t\t\t\t<div class=\"elementor-container elementor-column-gap-default\">\n\t\t\t\t\t<div class=\"elementor-column elementor-col-100 elementor-top-column elementor-element elementor-element-fea2973\" data-id=\"fea2973\" data-element_type=\"column\" data-e-type=\"column\">\n\t\t\t<div class=\"elementor-widget-wrap elementor-element-populated\">\n\t\t\t\t\t\t<div class=\"elementor-element elementor-element-0d21ea2 elementor-widget elementor-widget-heading\" data-id=\"0d21ea2\" data-element_type=\"widget\" data-e-type=\"widget\" data-widget_type=\"heading.default\">\n\t\t\t\t<div class=\"elementor-widget-container\">\n\t\t\t\t\t<h1 class=\"elementor-heading-title elementor-size-default\">Abogado especializado en lesiones por movimientos repetitivos en Santa Ana\n<\/h1>\t\t\t\t<\/div>\n\t\t\t\t<\/div>\n\t\t\t\t\t<\/div>\n\t\t<\/div>\n\t\t\t\t\t<\/div>\n\t\t<\/section>\n\t\t\t\t<section class=\"elementor-section elementor-top-section elementor-element elementor-element-5750acd elementor-reverse-tablet elementor-reverse-mobile elementor-section-boxed elementor-section-height-default elementor-section-height-default\" data-id=\"5750acd\" data-element_type=\"section\" data-e-type=\"section\">\n\t\t\t\t\t\t<div class=\"elementor-container elementor-column-gap-default\">\n\t\t\t\t\t<div class=\"elementor-column elementor-col-100 elementor-top-column elementor-element elementor-element-9bf8f73\" data-id=\"9bf8f73\" data-element_type=\"column\" data-e-type=\"column\">\n\t\t\t<div class=\"elementor-widget-wrap elementor-element-populated\">\n\t\t\t\t\t\t<div class=\"elementor-element elementor-element-9f58324 elementor-widget elementor-widget-text-editor\" data-id=\"9f58324\" data-element_type=\"widget\" data-e-type=\"widget\" data-widget_type=\"text-editor.default\">\n\t\t\t\t<div class=\"elementor-widget-container\">\n\t\t\t\t\t\t\t\t\t<p><span style=\"font-weight: 400;\">Muchos <a href=\"https:\/\/cwilc.com\/es\/lugares\/santa-ana\/\">trabajadores de Santa Ana<\/a> realizan las mismas tareas f\u00edsicas miles de veces al d\u00eda. Tanto si eres un profesional de oficina que escribe en un escritorio, un empleado de almac\u00e9n que levanta cajas pesadas o un trabajador de una cadena de montaje en una planta de fabricaci\u00f3n, la repetici\u00f3n constante puede provocar graves da\u00f1os f\u00edsicos. Estas afecciones se conocen como lesiones por movimientos repetitivos o traumatismos acumulativos.\u00a0<\/span><\/p><p><span style=\"font-weight: 400;\">A diferencia de un accidente repentino, estas lesiones se desarrollan gradualmente, lo que a menudo las hace m\u00e1s dif\u00edciles de demostrar sin la ayuda de un abogado especializado en lesiones por movimientos repetitivos en Santa Ana. En <a href=\"https:\/\/cwilc.com\/es\/\">California Work Injury Law Center<\/a>, nos especializamos en ayudar a los empleados a obtener los beneficios que merecen por el desgaste que sus trabajos han causado en sus cuerpos.<\/span><\/p><p>\u00a0<\/p>\t\t\t\t\t\t\t\t<\/div>\n\t\t\t\t<\/div>\n\t\t\t\t<div class=\"elementor-element elementor-element-c3bd0f7 elementor-widget elementor-widget-heading\" data-id=\"c3bd0f7\" data-element_type=\"widget\" data-e-type=\"widget\" data-widget_type=\"heading.default\">\n\t\t\t\t<div class=\"elementor-widget-container\">\n\t\t\t\t\t<h2 class=\"elementor-heading-title elementor-size-default\">Lesiones comunes por movimientos repetitivos en los lugares de trabajo de Santa Ana<\/h2>\t\t\t\t<\/div>\n\t\t\t\t<\/div>\n\t\t\t\t<div class=\"elementor-element elementor-element-ae2c1bf elementor-widget elementor-widget-text-editor\" data-id=\"ae2c1bf\" data-element_type=\"widget\" data-e-type=\"widget\" data-widget_type=\"text-editor.default\">\n\t\t\t\t<div class=\"elementor-widget-container\">\n\t\t\t\t\t\t\t\t\t<p><span style=\"font-weight: 400;\">En los centros industriales y comerciales de Santa Ana, las lesiones por movimientos repetitivos son uno de los tipos m\u00e1s frecuentes de reclamaciones de indemnizaci\u00f3n laboral. Estas lesiones afectan a los m\u00fasculos, tendones y nervios, y a menudo provocan dolor cr\u00f3nico y movilidad limitada.<\/span><\/p><ul><li style=\"font-weight: 400;\" aria-level=\"1\"><a href=\"https:\/\/cwilc.com\/es\/compensacion-de-trabajadores\/lesion-laboral\/lesion-del-tunel-carpiano\/\"><b>S\u00edndrome del t\u00fanel carpiano<\/b><\/a><span style=\"font-weight: 400;\">: Esta es quiz\u00e1s la lesi\u00f3n por movimiento repetitivo m\u00e1s conocida. Se produce cuando el nervio mediano de la mu\u00f1eca se comprime debido a movimientos repetitivos de la mano y la mu\u00f1eca. Es com\u00fan entre los trabajadores de oficina, los empleados que introducen datos y los trabajadores manuales que realizan tareas complejas.<\/span><\/li><li style=\"font-weight: 400;\" aria-level=\"1\"><b>Tendinitis y bursitis<\/b><span style=\"font-weight: 400;\">: La tendinitis es la inflamaci\u00f3n de los tendones, mientras que la bursitis consiste en la irritaci\u00f3n de las bolsas llenas de l\u00edquido que amortiguan las articulaciones. Estas afecciones suelen afectar a los hombros, los codos y las rodillas de los trabajadores que realizan movimientos frecuentes de estiramiento, levantamiento o arrodillamiento.<\/span><\/li><li style=\"font-weight: 400;\" aria-level=\"1\"><b>Lesiones del manguito rotador y del hombro<\/b><span style=\"font-weight: 400;\">: Los empleados que trabajan en cadenas de montaje o en almacenes suelen sufrir tensiones en los hombros debido a los movimientos repetitivos por encima de la cabeza. Con el tiempo, esto puede provocar desgarros importantes o inflamaci\u00f3n cr\u00f3nica que requiere cirug\u00eda y fisioterapia intensiva.<\/span><\/li><li style=\"font-weight: 400;\" aria-level=\"1\"><b>Epicondilitis o codo de tenista<\/b><span>: Esta afecci\u00f3n afecta a la parte externa del codo y est\u00e1 causada por movimientos repetitivos de agarre o torsi\u00f3n. Se observa con frecuencia en los trabajos de fabricaci\u00f3n de Santa Ana, donde las herramientas y la maquinaria se manejan manualmente durante largos turnos.<\/span><\/li><\/ul><p>\u00a0<\/p>\t\t\t\t\t\t\t\t<\/div>\n\t\t\t\t<\/div>\n\t\t\t\t<div class=\"elementor-element elementor-element-cbabb5f elementor-widget elementor-widget-heading\" data-id=\"cbabb5f\" data-element_type=\"widget\" data-e-type=\"widget\" data-widget_type=\"heading.default\">\n\t\t\t\t<div class=\"elementor-widget-container\">\n\t\t\t\t\t<h2 class=\"elementor-heading-title elementor-size-default\">Sus derechos seg\u00fan la Ley de Compensaci\u00f3n Laboral de California<\/h2>\t\t\t\t<\/div>\n\t\t\t\t<\/div>\n\t\t\t\t<div class=\"elementor-element elementor-element-d62f051 elementor-widget elementor-widget-text-editor\" data-id=\"d62f051\" data-element_type=\"widget\" data-e-type=\"widget\" data-widget_type=\"text-editor.default\">\n\t\t\t\t<div class=\"elementor-widget-container\">\n\t\t\t\t\t\t\t\t\t<p><span style=\"font-weight: 400;\">Si le han diagnosticado una lesi\u00f3n por movimientos repetitivos, la legislaci\u00f3n de California le ofrece protecciones espec\u00edficas. Dado que estas lesiones no tienen una fecha de accidente concreta, el proceso legal puede ser m\u00e1s complejo que una reclamaci\u00f3n est\u00e1ndar.<\/span><\/p><ul><li style=\"font-weight: 400;\" aria-level=\"1\"><b>El derecho a presentar una reclamaci\u00f3n por traumatismo acumulativo<\/b><span style=\"font-weight: 400;\">: El C\u00f3digo Laboral de California reconoce que una lesi\u00f3n puede ser el resultado de actividades traum\u00e1ticas mentales o f\u00edsicas repetitivas que se prolongan durante un per\u00edodo de tiempo. Usted tiene derecho a solicitar prestaciones incluso si no puede se\u00f1alar un d\u00eda concreto en el que se produjo la lesi\u00f3n.<\/span><\/li><li style=\"font-weight: 400;\" aria-level=\"1\"><b>La regla del descubrimiento y los plazos para informar<\/b><span style=\"font-weight: 400;\">: En Santa Ana, el plazo para informar de una lesi\u00f3n por movimientos repetitivos suele comenzar cuando se da cuenta por primera vez de que sus s\u00edntomas est\u00e1n relacionados con su trabajo. Por lo general, debe notificarlo a su empleador en un plazo de 30 d\u00edas a partir de la recepci\u00f3n del diagn\u00f3stico m\u00e9dico que relaciona su dolor con sus tareas laborales.<\/span><\/li><li style=\"font-weight: 400;\" aria-level=\"1\"><b>Derecho a prestaciones m\u00e9dicas completas<\/b><span>: Tiene derecho a recibir toda la atenci\u00f3n m\u00e9dica necesaria para tratar su lesi\u00f3n. Esto incluye evaluaciones ergon\u00f3micas de su espacio de trabajo, fisioterapia para recuperar la fuerza y equipos especializados, como aparatos ortop\u00e9dicos o teclados ergon\u00f3micos, para evitar da\u00f1os mayores.<\/span><\/li><\/ul><p>\u00a0<\/p>\t\t\t\t\t\t\t\t<\/div>\n\t\t\t\t<\/div>\n\t\t\t\t<div class=\"elementor-element elementor-element-09206f5 elementor-widget elementor-widget-heading\" data-id=\"09206f5\" data-element_type=\"widget\" data-e-type=\"widget\" data-widget_type=\"heading.default\">\n\t\t\t\t<div class=\"elementor-widget-container\">\n\t\t\t\t\t<h2 class=\"elementor-heading-title elementor-size-default\">\u00bfPor qu\u00e9 elegir CWILC para su caso de lesiones por movimientos repetitivos?\n<\/h2>\t\t\t\t<\/div>\n\t\t\t\t<\/div>\n\t\t\t\t<div class=\"elementor-element elementor-element-75849a9 elementor-widget elementor-widget-text-editor\" data-id=\"75849a9\" data-element_type=\"widget\" data-e-type=\"widget\" data-widget_type=\"text-editor.default\">\n\t\t\t\t<div class=\"elementor-widget-container\">\n\t\t\t\t\t\t\t\t\t<p><span style=\"font-weight: 400;\">Las compa\u00f1\u00edas de seguros suelen argumentar que las lesiones por movimientos repetitivos son causadas por actividades fuera del trabajo o que simplemente son una parte natural del envejecimiento. Sabemos c\u00f3mo contrarrestar estas defensas con pruebas s\u00f3lidas y testimonios de expertos.<\/span><\/p><ul><li><b>Experiencia jur\u00eddica local<\/b><span style=\"font-weight: 400;\">: Somos un recurso de confianza para los trabajadores de Santa Ana y de todo el condado de Orange. Entendemos las exigencias espec\u00edficas de las industrias locales y la documentaci\u00f3n m\u00e9dica necesaria para ganar un caso de trauma acumulativo.<\/span><\/li><li><b>Estrategia legal personalizada<\/b><span>: Nos tomamos el tiempo necesario para conocer los detalles espec\u00edficos de su rutina laboral diaria. Al documentar con exactitud cu\u00e1ntas veces realiza un determinado movimiento o el peso de los objetos que maneja, construimos un caso convincente que relaciona su lesi\u00f3n directamente con su empleo.<\/span><\/li><li><b>C\u00e9ntrate en la m\u00e1xima recuperaci\u00f3n<\/b><span>: Nuestros abogados analizan el impacto a largo plazo de su lesi\u00f3n. Si ya no puede desempe\u00f1ar su trabajo anterior, luchamos por obtener prestaciones por incapacidad permanente y vales de reubicaci\u00f3n laboral para ayudarle a realizar la transici\u00f3n a un puesto m\u00e1s seguro para su salud.<\/span><\/li><li><b>Sin cuotas iniciales<\/b><span>: Representamos a trabajadores lesionados con honorarios contingentes. Esto significa que usted no paga ning\u00fan honorario legal a menos que ganemos su caso o logremos un acuerdo para usted. Estamos comprometidos a brindar representaci\u00f3n legal de alta calidad a todos los trabajadores de Santa Ana.<\/span><\/li><\/ul><p>\u00a0<\/p>\t\t\t\t\t\t\t\t<\/div>\n\t\t\t\t<\/div>\n\t\t\t\t<div class=\"elementor-element elementor-element-4d52dff elementor-widget elementor-widget-heading\" data-id=\"4d52dff\" data-element_type=\"widget\" data-e-type=\"widget\" data-widget_type=\"heading.default\">\n\t\t\t\t<div class=\"elementor-widget-container\">\n\t\t\t\t\t<h2 class=\"elementor-heading-title elementor-size-default\">Comience hoy mismo su consulta gratuita en Santa Ana.\n<\/h2>\t\t\t\t<\/div>\n\t\t\t\t<\/div>\n\t\t\t\t<div class=\"elementor-element elementor-element-46a61c0 elementor-widget elementor-widget-text-editor\" data-id=\"46a61c0\" data-element_type=\"widget\" data-e-type=\"widget\" data-widget_type=\"text-editor.default\">\n\t\t\t\t<div class=\"elementor-widget-container\">\n\t\t\t\t\t\t\t\t\t<p><span style=\"font-weight: 400;\">No ignore el hormigueo en las manos ni el dolor persistente en el hombro. Estos s\u00edntomas suelen indicar el inicio de una lesi\u00f3n grave por movimientos repetitivos que podr\u00eda empeorar sin la atenci\u00f3n m\u00e9dica adecuada y la protecci\u00f3n legal.<\/span><\/p><p><span style=\"font-weight: 400;\">Ll\u00e1menos al <\/span><a href=\"tel:Do not ignore the tingling in your hands or the persistent ache in your shoulder. These symptoms often signal the beginning of a serious repetitive motion injury that could worsen without proper medical care and legal protection. Call us at (949) 767-4423 or fill out our online form to schedule your free consultation. Let us handle the insurance companies while you focus on your physical recovery.\">(949) 767-4423<\/a><span style=\"font-weight: 400;\"> o rellene nuestro <\/span><a href=\"https:\/\/cwilc.com\/contact\/\"><span style=\"font-weight: 400;\">formulario en l\u00ednea<\/span><\/a><span style=\"font-weight: 400;\"> para programar su consulta gratuita. Deje que nosotros nos ocupemos de las compa\u00f1\u00edas de seguros mientras usted se centra en su recuperaci\u00f3n f\u00edsica.<\/span><\/p>\t\t\t\t\t\t\t\t<\/div>\n\t\t\t\t<\/div>\n\t\t\t\t\t<\/div>\n\t\t<\/div>\n\t\t\t\t\t<\/div>\n\t\t<\/section>\n\t\t\t\t<\/div>","protected":false},"excerpt":{"rendered":"<p>Repetitive Motion Injury Lawyer in Santa Ana Many workers in Santa Ana perform the same physical tasks thousands of times every day. Whether you are an office professional typing at a desk, a warehouse associate lifting heavy boxes, or an assembly line worker in a manufacturing plant, the constant repetition can lead to severe physical [&hellip;]<\/p>\n","protected":false},"author":4,"featured_media":1651,"parent":1063,"menu_order":0,"comment_status":"closed","ping_status":"closed","template":"elementor_header_footer","meta":{"_seopress_robots_primary_cat":"","_seopress_titles_title":"Repetitive Motion Injury Lawyer in Santa Ana: Free Consultation","_seopress_titles_desc":"Experiencing job-related repetitive motion injury in Santa Ana? Contact our team of expert attorneys and get a free consultation today.","_seopress_robots_index":"","footnotes":""},"class_list":["post-1650","page","type-page","status-publish","has-post-thumbnail","hentry"],"_links":{"self":[{"href":"https:\/\/cwilc.com\/es\/wp-json\/wp\/v2\/pages\/1650","targetHints":{"allow":["GET"]}}],"collection":[{"href":"https:\/\/cwilc.com\/es\/wp-json\/wp\/v2\/pages"}],"about":[{"href":"https:\/\/cwilc.com\/es\/wp-json\/wp\/v2\/types\/page"}],"author":[{"embeddable":true,"href":"https:\/\/cwilc.com\/es\/wp-json\/wp\/v2\/users\/4"}],"replies":[{"embeddable":true,"href":"https:\/\/cwilc.com\/es\/wp-json\/wp\/v2\/comments?post=1650"}],"version-history":[{"count":0,"href":"https:\/\/cwilc.com\/es\/wp-json\/wp\/v2\/pages\/1650\/revisions"}],"up":[{"embeddable":true,"href":"https:\/\/cwilc.com\/es\/wp-json\/wp\/v2\/pages\/1063"}],"wp:featuredmedia":[{"embeddable":true,"href":"https:\/\/cwilc.com\/es\/wp-json\/wp\/v2\/media\/1651"}],"wp:attachment":[{"href":"https:\/\/cwilc.com\/es\/wp-json\/wp\/v2\/media?parent=1650"}],"curies":[{"name":"wp","href":"https:\/\/api.w.org\/{rel}","templated":true}]}}