{"id":1649,"date":"2026-02-11T08:47:23","date_gmt":"2026-02-11T16:47:23","guid":{"rendered":"https:\/\/cwilc.com\/?page_id=1649"},"modified":"2026-02-11T09:07:44","modified_gmt":"2026-02-11T17:07:44","slug":"enfermedad-profesional","status":"publish","type":"page","link":"https:\/\/cwilc.com\/es\/lugares\/santa-ana\/enfermedad-profesional\/","title":{"rendered":"Occupational Disease Lawyer in Santa Ana"},"content":{"rendered":"<div data-elementor-type=\"wp-page\" data-elementor-id=\"1649\" class=\"elementor elementor-1649\" data-elementor-post-type=\"page\">\n\t\t\t\t\t\t<section class=\"elementor-section elementor-top-section elementor-element elementor-element-dc2c1ce elementor-section-boxed elementor-section-height-default elementor-section-height-default\" data-id=\"dc2c1ce\" data-element_type=\"section\" data-e-type=\"section\" data-settings=\"{&quot;background_background&quot;:&quot;classic&quot;}\">\n\t\t\t\t\t\t\t<div class=\"elementor-background-overlay\"><\/div>\n\t\t\t\t\t\t\t<div class=\"elementor-container elementor-column-gap-default\">\n\t\t\t\t\t<div class=\"elementor-column elementor-col-100 elementor-top-column elementor-element elementor-element-fea2973\" data-id=\"fea2973\" data-element_type=\"column\" data-e-type=\"column\">\n\t\t\t<div class=\"elementor-widget-wrap elementor-element-populated\">\n\t\t\t\t\t\t<div class=\"elementor-element elementor-element-0d21ea2 elementor-widget elementor-widget-heading\" data-id=\"0d21ea2\" data-element_type=\"widget\" data-e-type=\"widget\" data-widget_type=\"heading.default\">\n\t\t\t\t<div class=\"elementor-widget-container\">\n\t\t\t\t\t<h1 class=\"elementor-heading-title elementor-size-default\">Abogado especializado en enfermedades <br>profesionales en Santa Ana\n<\/h1>\t\t\t\t<\/div>\n\t\t\t\t<\/div>\n\t\t\t\t\t<\/div>\n\t\t<\/div>\n\t\t\t\t\t<\/div>\n\t\t<\/section>\n\t\t\t\t<section class=\"elementor-section elementor-top-section elementor-element elementor-element-5750acd elementor-reverse-tablet elementor-reverse-mobile elementor-section-boxed elementor-section-height-default elementor-section-height-default\" data-id=\"5750acd\" data-element_type=\"section\" data-e-type=\"section\">\n\t\t\t\t\t\t<div class=\"elementor-container elementor-column-gap-default\">\n\t\t\t\t\t<div class=\"elementor-column elementor-col-100 elementor-top-column elementor-element elementor-element-9bf8f73\" data-id=\"9bf8f73\" data-element_type=\"column\" data-e-type=\"column\">\n\t\t\t<div class=\"elementor-widget-wrap elementor-element-populated\">\n\t\t\t\t\t\t<div class=\"elementor-element elementor-element-9f58324 elementor-widget elementor-widget-text-editor\" data-id=\"9f58324\" data-element_type=\"widget\" data-e-type=\"widget\" data-widget_type=\"text-editor.default\">\n\t\t\t\t<div class=\"elementor-widget-container\">\n\t\t\t\t\t\t\t\t\t<p><span style=\"font-weight: 400;\">Aunque mucha gente asocia las lesiones laborales con accidentes repentinos en obras de construcci\u00f3n, muchos empleados de Santa Ana sufren afecciones que se desarrollan silenciosamente a lo largo de varios a\u00f1os. Estas enfermedades suelen ser el resultado de una exposici\u00f3n prolongada a materiales peligrosos o de esfuerzos f\u00edsicos repetitivos.\u00a0<\/span><\/p><p><span style=\"font-weight: 400;\">En el <a href=\"https:\/\/cwilc.com\/es\/\">California Work Injury Law Center<\/a>, entendemos que estas lesiones invisibles alteran la vida tanto como una ca\u00edda f\u00edsica. Como su abogado especializado en enfermedades profesionales en Santa Ana, nuestro objetivo es salvar la brecha entre sus problemas de salud a largo plazo y el entorno profesional que los caus\u00f3.<\/span><\/p>\t\t\t\t\t\t\t\t<\/div>\n\t\t\t\t<\/div>\n\t\t\t\t<div class=\"elementor-element elementor-element-c3bd0f7 elementor-widget elementor-widget-heading\" data-id=\"c3bd0f7\" data-element_type=\"widget\" data-e-type=\"widget\" data-widget_type=\"heading.default\">\n\t\t\t\t<div class=\"elementor-widget-container\">\n\t\t\t\t\t<h2 class=\"elementor-heading-title elementor-size-default\">Reconocimiento de enfermedades profesionales en las industrias de Santa Ana<\/h2>\t\t\t\t<\/div>\n\t\t\t\t<\/div>\n\t\t\t\t<div class=\"elementor-element elementor-element-ae2c1bf elementor-widget elementor-widget-text-editor\" data-id=\"ae2c1bf\" data-element_type=\"widget\" data-e-type=\"widget\" data-widget_type=\"text-editor.default\">\n\t\t\t\t<div class=\"elementor-widget-container\">\n\t\t\t\t\t\t\t\t\t<p><span style=\"font-weight: 400;\">Una enfermedad profesional es cualquier afecci\u00f3n cr\u00f3nica causada por el entorno o las actividades relacionadas con su empleo. Dado que Santa Ana es un centro neur\u00e1lgico para la industria aeroespacial, la fabricaci\u00f3n de dispositivos m\u00e9dicos y la log\u00edstica, los trabajadores de esta zona se enfrentan a riesgos \u00fanicos cuyos s\u00edntomas pueden tardar una d\u00e9cada o m\u00e1s en manifestarse.<\/span><\/p><ul><li style=\"font-weight: 400;\" aria-level=\"1\"><b>Lesiones por esfuerzo repetitivo<\/b><span style=\"font-weight: 400;\">: Los trabajadores que realizan tareas de montaje y embalaje suelen desarrollar s\u00edndrome del t\u00fanel carpiano o inflamaci\u00f3n cr\u00f3nica de las articulaciones. Estas lesiones se suelen descartar como signos de envejecimiento, pero a menudo son el resultado directo de a\u00f1os de movimientos repetitivos que exige el trabajo.<\/span><\/li><li style=\"font-weight: 400;\" aria-level=\"1\"><a href=\"https:\/\/cwilc.com\/es\/lugares\/santa-ana\/exposicion-toxica\/\"><b>Exposici\u00f3n respiratoria y t\u00f3xica<\/b><\/a><span style=\"font-weight: 400;\">: Los empleados de las plantas de fabricaci\u00f3n locales pueden estar expuestos a productos qu\u00edmicos, polvo o vapores. Afecciones como el asma industrial, la asbestosis o la enfermedad pulmonar obstructiva cr\u00f3nica son comunes en sectores donde la ventilaci\u00f3n puede haber sido inadecuada o el equipo de seguridad insuficiente.<\/span><\/li><li style=\"font-weight: 400;\" aria-level=\"1\"><b>C\u00e1nceres ocupacionales y p\u00e9rdida auditiva<\/b><span>: El contacto prolongado con carcin\u00f3genos industriales o la exposici\u00f3n constante a maquinaria de alto nivel de decibelios puede provocar da\u00f1os sensoriales permanentes o insuficiencia de \u00f3rganos internos. Estos casos requieren una amplia documentaci\u00f3n m\u00e9dica para demostrar la relaci\u00f3n entre el lugar de trabajo y el diagn\u00f3stico.<\/span><\/li><\/ul><p>\u00a0<\/p>\t\t\t\t\t\t\t\t<\/div>\n\t\t\t\t<\/div>\n\t\t\t\t<div class=\"elementor-element elementor-element-cbabb5f elementor-widget elementor-widget-heading\" data-id=\"cbabb5f\" data-element_type=\"widget\" data-e-type=\"widget\" data-widget_type=\"heading.default\">\n\t\t\t\t<div class=\"elementor-widget-container\">\n\t\t\t\t\t<h2 class=\"elementor-heading-title elementor-size-default\">La importancia de la regla del descubrimiento en California<\/h2>\t\t\t\t<\/div>\n\t\t\t\t<\/div>\n\t\t\t\t<div class=\"elementor-element elementor-element-d62f051 elementor-widget elementor-widget-text-editor\" data-id=\"d62f051\" data-element_type=\"widget\" data-e-type=\"widget\" data-widget_type=\"text-editor.default\">\n\t\t\t\t<div class=\"elementor-widget-container\">\n\t\t\t\t\t\t\t\t\t<p><span style=\"font-weight: 400;\">El plazo para presentar una reclamaci\u00f3n por una enfermedad es diferente al de una lesi\u00f3n est\u00e1ndar. La legislaci\u00f3n de California aplica la regla del descubrimiento, lo que significa que el plazo de prescripci\u00f3n suele comenzar cuando usted se da cuenta por primera vez de que su enfermedad ha sido causada por su trabajo. Esta es una distinci\u00f3n fundamental para los <a href=\"https:\/\/cwilc.com\/es\/lugares\/santa-ana\/\">los trabajadores de Santa Ana<\/a> que pueden haber dejado un trabajo a\u00f1os antes de que sus s\u00edntomas se agravaran. Nuestro bufete trabaja para establecer un calendario m\u00e9dico claro que garantice que su reclamaci\u00f3n siga siendo v\u00e1lida seg\u00fan los c\u00f3digos laborales estatales.<\/span><\/p><p>\u00a0<\/p>\t\t\t\t\t\t\t\t<\/div>\n\t\t\t\t<\/div>\n\t\t\t\t<div class=\"elementor-element elementor-element-09206f5 elementor-widget elementor-widget-heading\" data-id=\"09206f5\" data-element_type=\"widget\" data-e-type=\"widget\" data-widget_type=\"heading.default\">\n\t\t\t\t<div class=\"elementor-widget-container\">\n\t\t\t\t\t<h2 class=\"elementor-heading-title elementor-size-default\">Comprender sus derechos en Santa Ana\n<\/h2>\t\t\t\t<\/div>\n\t\t\t\t<\/div>\n\t\t\t\t<div class=\"elementor-element elementor-element-75849a9 elementor-widget elementor-widget-text-editor\" data-id=\"75849a9\" data-element_type=\"widget\" data-e-type=\"widget\" data-widget_type=\"text-editor.default\">\n\t\t\t\t<div class=\"elementor-widget-container\">\n\t\t\t\t\t\t\t\t\t<p><span style=\"font-weight: 400;\">Si usted padece una enfermedad profesional, cuenta con un conjunto espec\u00edfico de protecciones legales en virtud de los c\u00f3digos laborales de California. Estos derechos est\u00e1n dise\u00f1ados para garantizar que la naturaleza a largo plazo de su enfermedad no le impida recibir el mismo nivel de atenci\u00f3n que un trabajador que ha sufrido un accidente repentino. Conocer sus derechos es el primer paso para garantizar el apoyo m\u00e9dico y financiero que necesita para su recuperaci\u00f3n.<\/span><\/p><ul><li style=\"font-weight: 400;\" aria-level=\"1\"><b>Derecho a la asistencia m\u00e9dica sin coste alguno<\/b><span style=\"font-weight: 400;\">: Todos los trabajadores de Santa Ana tienen derecho a recibir el tratamiento m\u00e9dico que sea razonablemente necesario para curar o aliviar los efectos de una enfermedad relacionada con el trabajo. Esto incluye pruebas diagn\u00f3sticas para identificar la causa de sus s\u00edntomas, consultas con especialistas, hospitalizaciones y medicamentos recetados. Estos beneficios deben ser pagados por su empleador o su compa\u00f1\u00eda de seguros sin que usted tenga que pagar ning\u00fan gasto de su bolsillo ni deducibles.<\/span><\/li><li style=\"font-weight: 400;\" aria-level=\"1\"><b>Right to Wage Replacement Benefits<\/b><span style=\"font-weight: 400;\">: If your illness prevents you from performing your usual job duties, you have the right to receive temporary disability payments. These payments generally cover two thirds of your average weekly wages while you are unable to work. In cases where an occupational disease leads to permanent impairment, you are entitled to permanent disability benefits based on a rating that considers your age, occupation, and the extent of your illness.<\/span><\/li><li style=\"font-weight: 400;\" aria-level=\"1\"><b>Protecci\u00f3n contra represalias<\/b><span style=\"font-weight: 400;\">: La ley de California proh\u00edbe estrictamente a los empleadores castigar o despedir a un empleado por informar sobre una enfermedad relacionada con el trabajo o presentar una reclamaci\u00f3n de indemnizaci\u00f3n laboral. Usted tiene derecho a denunciar las condiciones peligrosas en su lugar de trabajo y a buscar atenci\u00f3n m\u00e9dica sin temor a perder su empleo. Si sufre cualquier tipo de discriminaci\u00f3n o descenso de categor\u00eda despu\u00e9s de revelar su enfermedad, puede tener motivos para emprender una acci\u00f3n legal independiente contra su empleador.<\/span><\/li><li style=\"font-weight: 400;\" aria-level=\"1\"><b>El derecho a la atenci\u00f3n m\u00e9dica futura<\/b><span style=\"font-weight: 400;\">: Muchas enfermedades profesionales requieren un seguimiento o tratamiento continuo durante varios a\u00f1os. Usted tiene derecho a un acuerdo que incluya disposiciones para la atenci\u00f3n m\u00e9dica futura. Esto garantiza que, a medida que evolucione su afecci\u00f3n, no tenga que pagar por sus propios tratamientos o terapias.<\/span><\/li><li style=\"font-weight: 400;\" aria-level=\"1\"><b>El derecho a la asistencia para el reciclaje profesional<\/b><span style=\"font-weight: 400;\">: Si su enfermedad es tan grave que ya no puede volver a su trabajo anterior, es posible que tenga derecho a una prestaci\u00f3n complementaria por p\u00e9rdida de empleo. Se trata de un vale que ayuda a cubrir los gastos de reciclaje profesional, mejora de las competencias o certificaciones profesionales para que pueda pasar a una nueva carrera que sea m\u00e1s segura para su estado de salud actual.<\/span><\/li><\/ul><p>\u00a0<\/p>\t\t\t\t\t\t\t\t<\/div>\n\t\t\t\t<\/div>\n\t\t\t\t<div class=\"elementor-element elementor-element-a37a73a elementor-widget elementor-widget-heading\" data-id=\"a37a73a\" data-element_type=\"widget\" data-e-type=\"widget\" data-widget_type=\"heading.default\">\n\t\t\t\t<div class=\"elementor-widget-container\">\n\t\t\t\t\t<h2 class=\"elementor-heading-title elementor-size-default\">\u00bfPor qu\u00e9 elegir CWILC?\n<\/h2>\t\t\t\t<\/div>\n\t\t\t\t<\/div>\n\t\t\t\t<div class=\"elementor-element elementor-element-ec3c9d4 elementor-widget elementor-widget-text-editor\" data-id=\"ec3c9d4\" data-element_type=\"widget\" data-e-type=\"widget\" data-widget_type=\"text-editor.default\">\n\t\t\t\t<div class=\"elementor-widget-container\">\n\t\t\t\t\t\t\t\t\t<p><span style=\"font-weight: 400;\">La tramitaci\u00f3n de una reclamaci\u00f3n por enfermedad requiere un mayor nivel de pruebas que un caso t\u00edpico de resbal\u00f3n y ca\u00edda. Ofrecemos un enfoque especializado para los residentes de Santa Ana.<\/span><\/p><ul><li style=\"font-weight: 400;\" aria-level=\"1\"><b>Enfoque en el empleado<\/b><span style=\"font-weight: 400;\">: Representamos exclusivamente a trabajadores lesionados y nunca trabajamos para compa\u00f1\u00edas de seguros. Esto nos permite anticipar las estrategias utilizadas por las empresas para negar que una enfermedad est\u00e9 relacionada con el trabajo.<\/span><\/li><li style=\"font-weight: 400;\" aria-level=\"1\"><b>Red de expertos m\u00e9dicos<\/b><span style=\"font-weight: 400;\">: Ayudamos a nuestros clientes a ponerse en contacto con m\u00e9dicos especializados en medicina laboral. Estos expertos realizan las evaluaciones necesarias para demostrar que su afecci\u00f3n se agrav\u00f3 o fue causada por sus tareas laborales espec\u00edficas.<\/span><\/li><li style=\"font-weight: 400;\" aria-level=\"1\"><b>Recuperaci\u00f3n financiera integral<\/b><span style=\"font-weight: 400;\">: Miramos m\u00e1s all\u00e1 de la indemnizaci\u00f3n laboral est\u00e1ndar. Si un tercero, como un fabricante de productos qu\u00edmicos o un proveedor de equipos, contribuy\u00f3 a su enfermedad, buscamos v\u00edas legales adicionales para garantizar una indemnizaci\u00f3n por su dolor y sufrimiento.<\/span><\/li><li style=\"font-weight: 400;\" aria-level=\"1\"><b>Representaci\u00f3n con honorarios contingentes<\/b><span>: Nuestra firma opera bajo la premisa de \u00absi no ganamos, no cobramos\u00bb. Usted no paga ning\u00fan costo por adelantado por nuestros servicios legales. Solo recibimos el pago si logramos obtener beneficios o un acuerdo en su nombre.<\/span><\/li><\/ul><p>\u00a0<\/p>\t\t\t\t\t\t\t\t<\/div>\n\t\t\t\t<\/div>\n\t\t\t\t<div class=\"elementor-element elementor-element-4d52dff elementor-widget elementor-widget-heading\" data-id=\"4d52dff\" data-element_type=\"widget\" data-e-type=\"widget\" data-widget_type=\"heading.default\">\n\t\t\t\t<div class=\"elementor-widget-container\">\n\t\t\t\t\t<h2 class=\"elementor-heading-title elementor-size-default\">\u00a1P\u00f3ngase en contacto con un abogado especializado en enfermedades profesionales en Santa Ana hoy mismo!\n<\/h2>\t\t\t\t<\/div>\n\t\t\t\t<\/div>\n\t\t\t\t<div class=\"elementor-element elementor-element-46a61c0 elementor-widget elementor-widget-text-editor\" data-id=\"46a61c0\" data-element_type=\"widget\" data-e-type=\"widget\" data-widget_type=\"text-editor.default\">\n\t\t\t\t<div class=\"elementor-widget-container\">\n\t\t\t\t\t\t\t\t\t<p><span style=\"font-weight: 400;\">Si sospecha que sus problemas de salud cr\u00f3nicos est\u00e1n relacionados con su lugar de trabajo actual o anterior, no espere a que sus s\u00edntomas empeoren antes de buscar asesoramiento legal. Las reclamaciones por enfermedades profesionales tienen un plazo l\u00edmite, y cuanto antes comience el proceso, m\u00e1s eficazmente podremos preservar las pruebas y establecer la relaci\u00f3n m\u00e9dica con su empleo.<\/span><\/p><p><span style=\"font-weight: 400;\">Puede comunicarse con nosotros por tel\u00e9fono al <\/span><a href=\"tel:If you suspect that your chronic health issues are linked to your past or current workplace, do not wait for your symptoms to worsen before seeking legal advice. Occupational disease claims are time sensitive, and the sooner you begin the process, the more effectively we can preserve evidence and establish the medical link to your employment. You can reach us by phone at (949) 767-4423 or use our online form to schedule your free, no obligation consultation. Because we work on a contingency fee basis, you will not owe any attorney fees unless we successfully recover a settlement or award for you. Take the first step toward protecting your future health and financial stability by contacting our team today.\">(949) 767-4423<\/a><span style=\"font-weight: 400;\"> o utilizar nuestro <\/span><a href=\"https:\/\/cwilc.com\/contact\/\"><span style=\"font-weight: 400;\">formulario en l\u00ednea<\/span><\/a><span style=\"font-weight: 400;\"> para programar su consulta gratuita y sin compromiso. Debido a que trabajamos sobre la base de honorarios contingentes, no deber\u00e1 pagar ning\u00fan honorario de abogado a menos que logremos obtener un acuerdo o una indemnizaci\u00f3n para usted. D\u00e9 el primer paso para proteger su salud y estabilidad financiera futuras comunic\u00e1ndose con nuestro equipo hoy mismo.<\/span><\/p>\t\t\t\t\t\t\t\t<\/div>\n\t\t\t\t<\/div>\n\t\t\t\t\t<\/div>\n\t\t<\/div>\n\t\t\t\t\t<\/div>\n\t\t<\/section>\n\t\t\t\t<\/div>","protected":false},"excerpt":{"rendered":"<p>Occupational Disease Lawyer in Santa Ana While many people associate workplace injuries with sudden accidents on a construction site, many Santa Ana employees suffer from conditions that develop quietly over several years. These illnesses are often the result of prolonged exposure to hazardous materials or repetitive physical strain.\u00a0 At the California Work Injury Law Center, [&hellip;]<\/p>\n","protected":false},"author":4,"featured_media":1534,"parent":1063,"menu_order":0,"comment_status":"closed","ping_status":"closed","template":"elementor_header_footer","meta":{"_seopress_robots_primary_cat":"","_seopress_titles_title":"Occupational Disease Lawyer in Santa Ana: Free Consultation","_seopress_titles_desc":"Have you contracted a work-related illness in Santa Ana? Contact our team of expert occupational disease lawyers today from a free consultation.","_seopress_robots_index":"","footnotes":""},"class_list":["post-1649","page","type-page","status-publish","has-post-thumbnail","hentry"],"_links":{"self":[{"href":"https:\/\/cwilc.com\/es\/wp-json\/wp\/v2\/pages\/1649","targetHints":{"allow":["GET"]}}],"collection":[{"href":"https:\/\/cwilc.com\/es\/wp-json\/wp\/v2\/pages"}],"about":[{"href":"https:\/\/cwilc.com\/es\/wp-json\/wp\/v2\/types\/page"}],"author":[{"embeddable":true,"href":"https:\/\/cwilc.com\/es\/wp-json\/wp\/v2\/users\/4"}],"replies":[{"embeddable":true,"href":"https:\/\/cwilc.com\/es\/wp-json\/wp\/v2\/comments?post=1649"}],"version-history":[{"count":0,"href":"https:\/\/cwilc.com\/es\/wp-json\/wp\/v2\/pages\/1649\/revisions"}],"up":[{"embeddable":true,"href":"https:\/\/cwilc.com\/es\/wp-json\/wp\/v2\/pages\/1063"}],"wp:featuredmedia":[{"embeddable":true,"href":"https:\/\/cwilc.com\/es\/wp-json\/wp\/v2\/media\/1534"}],"wp:attachment":[{"href":"https:\/\/cwilc.com\/es\/wp-json\/wp\/v2\/media?parent=1649"}],"curies":[{"name":"wp","href":"https:\/\/api.w.org\/{rel}","templated":true}]}}