{"id":1647,"date":"2026-02-11T08:00:34","date_gmt":"2026-02-11T16:00:34","guid":{"rendered":"https:\/\/cwilc.com\/?page_id=1647"},"modified":"2026-02-11T08:06:12","modified_gmt":"2026-02-11T16:06:12","slug":"lesion-de-trabajador-sanitario","status":"publish","type":"page","link":"https:\/\/cwilc.com\/es\/lugares\/santa-ana\/lesion-de-trabajador-sanitario\/","title":{"rendered":"Santa Ana Healthcare Worker Injury Lawyer"},"content":{"rendered":"<div data-elementor-type=\"wp-page\" data-elementor-id=\"1647\" class=\"elementor elementor-1647\" data-elementor-post-type=\"page\">\n\t\t\t\t\t\t<section class=\"elementor-section elementor-top-section elementor-element elementor-element-dc2c1ce elementor-section-boxed elementor-section-height-default elementor-section-height-default\" data-id=\"dc2c1ce\" data-element_type=\"section\" data-e-type=\"section\" data-settings=\"{&quot;background_background&quot;:&quot;classic&quot;}\">\n\t\t\t\t\t\t\t<div class=\"elementor-background-overlay\"><\/div>\n\t\t\t\t\t\t\t<div class=\"elementor-container elementor-column-gap-default\">\n\t\t\t\t\t<div class=\"elementor-column elementor-col-100 elementor-top-column elementor-element elementor-element-fea2973\" data-id=\"fea2973\" data-element_type=\"column\" data-e-type=\"column\">\n\t\t\t<div class=\"elementor-widget-wrap elementor-element-populated\">\n\t\t\t\t\t\t<div class=\"elementor-element elementor-element-0d21ea2 elementor-widget elementor-widget-heading\" data-id=\"0d21ea2\" data-element_type=\"widget\" data-e-type=\"widget\" data-widget_type=\"heading.default\">\n\t\t\t\t<div class=\"elementor-widget-container\">\n\t\t\t\t\t<h1 class=\"elementor-heading-title elementor-size-default\">Abogado especializado en lesiones<br>laborales en el sector sanitario en Santa Ana\n<\/h1>\t\t\t\t<\/div>\n\t\t\t\t<\/div>\n\t\t\t\t\t<\/div>\n\t\t<\/div>\n\t\t\t\t\t<\/div>\n\t\t<\/section>\n\t\t\t\t<section class=\"elementor-section elementor-top-section elementor-element elementor-element-5750acd elementor-reverse-tablet elementor-reverse-mobile elementor-section-boxed elementor-section-height-default elementor-section-height-default\" data-id=\"5750acd\" data-element_type=\"section\" data-e-type=\"section\">\n\t\t\t\t\t\t<div class=\"elementor-container elementor-column-gap-default\">\n\t\t\t\t\t<div class=\"elementor-column elementor-col-100 elementor-top-column elementor-element elementor-element-9bf8f73\" data-id=\"9bf8f73\" data-element_type=\"column\" data-e-type=\"column\">\n\t\t\t<div class=\"elementor-widget-wrap elementor-element-populated\">\n\t\t\t\t\t\t<div class=\"elementor-element elementor-element-9f58324 elementor-widget elementor-widget-text-editor\" data-id=\"9f58324\" data-element_type=\"widget\" data-e-type=\"widget\" data-widget_type=\"text-editor.default\">\n\t\t\t\t<div class=\"elementor-widget-container\">\n\t\t\t\t\t\t\t\t\t<p><span style=\"font-weight: 400;\">Los trabajadores sanitarios son la columna vertebral de Santa Ana, ya que prestan servicios esenciales en instituciones importantes como el Orange County Global Medical Center y el UCI Health Family Health Center. Sin embargo, la exigente naturaleza del trabajo m\u00e9dico a menudo provoca graves lesiones f\u00edsicas y psicol\u00f3gicas. Tanto si es enfermero titulado, auxiliar de enfermer\u00eda o miembro del personal de apoyo del hospital, usted merece el mismo nivel de atenci\u00f3n y protecci\u00f3n que brinda a sus pacientes.<\/span><\/p><p><span style=\"font-weight: 400;\">En el <a href=\"https:\/\/cwilc.com\/es\/\">California Work Injury Law Center<\/a>, comprendemos los riesgos espec\u00edficos del sector sanitario. Como su abogado especializado en lesiones laborales en el sector sanitario en Santa Ana, luchamos para garantizar que los profesionales m\u00e9dicos de todo el condado de Orange reciban una indemnizaci\u00f3n completa por las lesiones sufridas mientras estaban de servicio.<\/span><\/p><p>\u00a0<\/p>\t\t\t\t\t\t\t\t<\/div>\n\t\t\t\t<\/div>\n\t\t\t\t<div class=\"elementor-element elementor-element-c3bd0f7 elementor-widget elementor-widget-heading\" data-id=\"c3bd0f7\" data-element_type=\"widget\" data-e-type=\"widget\" data-widget_type=\"heading.default\">\n\t\t\t\t<div class=\"elementor-widget-container\">\n\t\t\t\t\t<h2 class=\"elementor-heading-title elementor-size-default\">Riesgos comunes en los centros m\u00e9dicos de Santa Ana<\/h2>\t\t\t\t<\/div>\n\t\t\t\t<\/div>\n\t\t\t\t<div class=\"elementor-element elementor-element-ae2c1bf elementor-widget elementor-widget-text-editor\" data-id=\"ae2c1bf\" data-element_type=\"widget\" data-e-type=\"widget\" data-widget_type=\"text-editor.default\">\n\t\t\t\t<div class=\"elementor-widget-container\">\n\t\t\t\t\t\t\t\t\t<p><span style=\"font-weight: 400;\">Trabajar en un hospital o cl\u00ednica es, estad\u00edsticamente, una de las ocupaciones m\u00e1s peligrosas en California. El entorno acelerado, combinado con los requisitos f\u00edsicos que exige el cuidado de los pacientes, crea un alto riesgo de sufrir diversos tipos de lesiones laborales.<\/span><\/p><ul><li style=\"font-weight: 400;\" aria-level=\"1\"><b>Manipulaci\u00f3n de pacientes y trastornos musculoesquel\u00e9ticos<\/b><span style=\"font-weight: 400;\">: Las enfermeras y auxiliares sufren con frecuencia lesiones en la espalda, el cuello y los hombros debido a la elevaci\u00f3n, el cambio de posici\u00f3n y el traslado de pacientes. Incluso con dispositivos de elevaci\u00f3n asistida, el esfuerzo repetitivo de estas tareas puede provocar hernias discales y desgarros musculares cr\u00f3nicos.<\/span><\/li><li style=\"font-weight: 400;\" aria-level=\"1\"><b>Violencia y agresiones en el lugar de trabajo<\/b><span style=\"font-weight: 400;\">: El personal m\u00e9dico de las salas de urgencias y las unidades psiqui\u00e1tricas a menudo se enfrenta a comportamientos impredecibles por parte de los pacientes o visitantes. Las agresiones f\u00edsicas pueden provocar fracturas, traumatismos craneales y trastornos psicol\u00f3gicos graves, todos ellos indemnizables en virtud de la legislaci\u00f3n sobre indemnizaci\u00f3n por accidentes laborales.<\/span><\/li><li style=\"font-weight: 400;\" aria-level=\"1\"><b>Pinchazos con agujas y enfermedades infecciosas<\/b><span style=\"font-weight: 400;\">: Exposici\u00f3n Las punciones accidentales con agujas o instrumentos quir\u00fargicos contaminados pueden exponer a los trabajadores sanitarios a pat\u00f3genos transmitidos por la sangre, como la hepatitis o el VIH. Adem\u00e1s, trabajar en estrecha proximidad con pacientes enfermos aumenta el riesgo de contraer infecciones respiratorias transmitidas por el aire.<\/span><\/li><li style=\"font-weight: 400;\" aria-level=\"1\"><a href=\"https:\/\/cwilc.com\/workers-compensation\/occupational-injury\/slip-and-fall-injury\/\"><b>Resbalones, tropiezos y ca\u00eddas<\/b><\/a><span>: Los derrames de l\u00edquidos, los pasillos abarrotados y los suelos resbaladizos de los hospitales son peligros constantes. Un simple resbal\u00f3n durante un turno ajetreado puede provocar fracturas \u00f3seas o lesiones articulares que requieran cirug\u00eda y rehabilitaci\u00f3n a largo plazo.<\/span><\/li><\/ul><p>\u00a0<\/p>\t\t\t\t\t\t\t\t<\/div>\n\t\t\t\t<\/div>\n\t\t\t\t<div class=\"elementor-element elementor-element-cbabb5f elementor-widget elementor-widget-heading\" data-id=\"cbabb5f\" data-element_type=\"widget\" data-e-type=\"widget\" data-widget_type=\"heading.default\">\n\t\t\t\t<div class=\"elementor-widget-container\">\n\t\t\t\t\t<h2 class=\"elementor-heading-title elementor-size-default\">Comprender sus derechos legales como trabajador sanitario en Santa Ana<\/h2>\t\t\t\t<\/div>\n\t\t\t\t<\/div>\n\t\t\t\t<div class=\"elementor-element elementor-element-d62f051 elementor-widget elementor-widget-text-editor\" data-id=\"d62f051\" data-element_type=\"widget\" data-e-type=\"widget\" data-widget_type=\"text-editor.default\">\n\t\t\t\t<div class=\"elementor-widget-container\">\n\t\t\t\t\t\t\t\t\t<p><span style=\"font-weight: 400;\">Las leyes laborales de California ofrecen protecciones espec\u00edficas a los empleados del sector sanitario para garantizar que no se vean en una situaci\u00f3n de vulnerabilidad econ\u00f3mica tras un accidente laboral.<\/span><\/p><ul><li style=\"font-weight: 400;\" aria-level=\"1\"><b>El derecho a la cobertura m\u00e9dica completa<\/b><span style=\"font-weight: 400;\">: Tiene derecho a recibir todo el tratamiento m\u00e9dico necesario para recuperarse de su lesi\u00f3n. Esto incluye pruebas de diagn\u00f3stico por imagen, cirug\u00edas especializadas y sesiones de fisioterapia sin coste alguno para usted.<\/span><\/li><li style=\"font-weight: 400;\" aria-level=\"1\"><b>Prestaciones por incapacidad temporal y permanente<\/b><span style=\"font-weight: 400;\">: Si su lesi\u00f3n le impide trabajar en sus turnos habituales, puede recibir pagos por incapacidad temporal para cubrir una parte de los salarios perdidos. Si su condici\u00f3n le provoca una limitaci\u00f3n a largo plazo, solicitaremos prestaciones por incapacidad permanente para proporcionarle estabilidad financiera continua.<\/span><\/li><li style=\"font-weight: 400;\" aria-level=\"1\"><b>Leyes de presunci\u00f3n para los primeros intervinientes y determinado personal<\/b><span style=\"font-weight: 400;\">: Seg\u00fan los c\u00f3digos laborales espec\u00edficos de California, ciertas enfermedades como la neumon\u00eda, la meningitis o las enfermedades transmitidas por la sangre pueden considerarse relacionadas con el trabajo para determinadas categor\u00edas de trabajadores sanitarios y de seguridad p\u00fablica. Esto puede simplificar considerablemente el proceso de demostrar su reclamaci\u00f3n.<\/span><\/li><li style=\"font-weight: 400;\" aria-level=\"1\"><b>Medidas de protecci\u00f3n para la manipulaci\u00f3n segura de pacientes<\/b>: California ha establecido normas que exigen a los hospitales implementar pol\u00edticas de manejo seguro de pacientes. Si su lesi\u00f3n se produjo porque su empleador no le proporcion\u00f3 el equipo o la formaci\u00f3n adecuados, esto puede reforzar su caso para obtener las m\u00e1ximas prestaciones.<\/li><\/ul><p>\u00a0<\/p>\t\t\t\t\t\t\t\t<\/div>\n\t\t\t\t<\/div>\n\t\t\t\t<div class=\"elementor-element elementor-element-09206f5 elementor-widget elementor-widget-heading\" data-id=\"09206f5\" data-element_type=\"widget\" data-e-type=\"widget\" data-widget_type=\"heading.default\">\n\t\t\t\t<div class=\"elementor-widget-container\">\n\t\t\t\t\t<h2 class=\"elementor-heading-title elementor-size-default\">Por qu\u00e9 los profesionales sanitarios eligen CWILC\n<\/h2>\t\t\t\t<\/div>\n\t\t\t\t<\/div>\n\t\t\t\t<div class=\"elementor-element elementor-element-75849a9 elementor-widget elementor-widget-text-editor\" data-id=\"75849a9\" data-element_type=\"widget\" data-e-type=\"widget\" data-widget_type=\"text-editor.default\">\n\t\t\t\t<div class=\"elementor-widget-container\">\n\t\t\t\t\t\t\t\t\t<p><span style=\"font-weight: 400;\">Los trabajadores m\u00e9dicos eligen nuestra empresa porque ofrecemos conocimientos especializados sobre el sector sanitario y un compromiso con los empleados que mantienen la salud de Santa Ana.<\/span><\/p><ul><li style=\"font-weight: 400;\" aria-level=\"1\"><b>Centrados exclusivamente en los empleados<\/b><span style=\"font-weight: 400;\">: Nunca representamos a hospitales ni a sus compa\u00f1\u00edas aseguradoras. Toda nuestra pr\u00e1ctica se dedica a defender los derechos de los empleados lesionados frente a las grandes corporaciones m\u00e9dicas y los ajustadores de seguros.<\/span><\/li><li style=\"font-weight: 400;\" aria-level=\"1\"><b>Familiaridad con las instalaciones locales de Santa Ana<\/b><span style=\"font-weight: 400;\">: Contamos con una amplia experiencia en la gesti\u00f3n de reclamaciones relacionadas con importantes empresas locales, entre las que se incluyen el sistema UCI Health, Providence St. Joseph y diversas cl\u00ednicas privadas de la zona de Santa Ana.<\/span><\/li><li style=\"font-weight: 400;\" aria-level=\"1\"><b>Gesti\u00f3n de pruebas complejas<\/b><span style=\"font-weight: 400;\">: Las reclamaciones por lesiones relacionadas con la atenci\u00f3n m\u00e9dica suelen implicar historiales m\u00e9dicos complejos y revisiones por parte de expertos. Trabajamos con expertos m\u00e9dicos independientes para garantizar que se documente el verdadero alcance de su lesi\u00f3n y que sus solicitudes de tratamiento no sean denegadas injustamente.<\/span><\/li><li style=\"font-weight: 400;\" aria-level=\"1\"><b>Representaci\u00f3n con honorarios contingentes<\/b>: Ya tiene suficientes preocupaciones como para a\u00f1adirle los gastos legales. Trabajamos a comisi\u00f3n, lo que significa que no tiene que pagar nada por adelantado. Solo cobramos nuestros honorarios si conseguimos un acuerdo o una indemnizaci\u00f3n para usted.<\/li><\/ul><p>\u00a0<\/p>\t\t\t\t\t\t\t\t<\/div>\n\t\t\t\t<\/div>\n\t\t\t\t<div class=\"elementor-element elementor-element-a37a73a elementor-widget elementor-widget-heading\" data-id=\"a37a73a\" data-element_type=\"widget\" data-e-type=\"widget\" data-widget_type=\"heading.default\">\n\t\t\t\t<div class=\"elementor-widget-container\">\n\t\t\t\t\t<h2 class=\"elementor-heading-title elementor-size-default\">P\u00f3ngase en contacto hoy mismo con un abogado especializado en lesiones m\u00e9dicas en Santa Ana.<\/h2>\t\t\t\t<\/div>\n\t\t\t\t<\/div>\n\t\t\t\t<div class=\"elementor-element elementor-element-ec3c9d4 elementor-widget elementor-widget-text-editor\" data-id=\"ec3c9d4\" data-element_type=\"widget\" data-e-type=\"widget\" data-widget_type=\"text-editor.default\">\n\t\t\t\t<div class=\"elementor-widget-container\">\n\t\t\t\t\t\t\t\t\t<p><span style=\"font-weight: 400;\">Si ha sufrido una lesi\u00f3n mientras trabajaba en un centro m\u00e9dico de Santa Ana, no permita que la compa\u00f1\u00eda de seguros minimice su dolor o le presione para que vuelva al trabajo demasiado pronto. Su salud y su carrera son demasiado importantes como para dejarlas al azar.<\/span><\/p><p><span style=\"font-weight: 400;\">Ll\u00e1menos al <a href=\"tel:(949) 767-4423\">(949) 767-4423<\/a> o rellene nuestro <\/span><a href=\"https:\/\/cwilc.com\/contact\/\"><span style=\"font-weight: 400;\">formulario en l\u00ednea<\/span><\/a><span style=\"font-weight: 400;\"> para hablar con un profesional legal que entiende los retos del \u00e1mbito laboral en el sector sanitario.<\/span><\/p>\t\t\t\t\t\t\t\t<\/div>\n\t\t\t\t<\/div>\n\t\t\t\t\t<\/div>\n\t\t<\/div>\n\t\t\t\t\t<\/div>\n\t\t<\/section>\n\t\t\t\t<\/div>","protected":false},"excerpt":{"rendered":"<p>Santa Ana Healthcare WorkerInjury Lawyer Healthcare workers are the backbone of Santa Ana, providing essential services at major institutions like Orange County Global Medical Center and the UCI Health Family Health Center. However, the demanding nature of medical work often leads to serious physical and psychological injuries. Whether you are a registered nurse, a nursing [&hellip;]<\/p>\n","protected":false},"author":4,"featured_media":1648,"parent":1063,"menu_order":0,"comment_status":"closed","ping_status":"closed","template":"elementor_header_footer","meta":{"_seopress_robots_primary_cat":"","_seopress_titles_title":"Santa Ana Healthcare Worker Injury Lawyer: Free Consultation","_seopress_titles_desc":"Injured while caring for others? Our Santa Ana healthcare workplace injury lawyers help nurses and medical staff secure maximum benefits. Call today.","_seopress_robots_index":"","footnotes":""},"class_list":["post-1647","page","type-page","status-publish","has-post-thumbnail","hentry"],"_links":{"self":[{"href":"https:\/\/cwilc.com\/es\/wp-json\/wp\/v2\/pages\/1647","targetHints":{"allow":["GET"]}}],"collection":[{"href":"https:\/\/cwilc.com\/es\/wp-json\/wp\/v2\/pages"}],"about":[{"href":"https:\/\/cwilc.com\/es\/wp-json\/wp\/v2\/types\/page"}],"author":[{"embeddable":true,"href":"https:\/\/cwilc.com\/es\/wp-json\/wp\/v2\/users\/4"}],"replies":[{"embeddable":true,"href":"https:\/\/cwilc.com\/es\/wp-json\/wp\/v2\/comments?post=1647"}],"version-history":[{"count":0,"href":"https:\/\/cwilc.com\/es\/wp-json\/wp\/v2\/pages\/1647\/revisions"}],"up":[{"embeddable":true,"href":"https:\/\/cwilc.com\/es\/wp-json\/wp\/v2\/pages\/1063"}],"wp:featuredmedia":[{"embeddable":true,"href":"https:\/\/cwilc.com\/es\/wp-json\/wp\/v2\/media\/1648"}],"wp:attachment":[{"href":"https:\/\/cwilc.com\/es\/wp-json\/wp\/v2\/media?parent=1647"}],"curies":[{"name":"wp","href":"https:\/\/api.w.org\/{rel}","templated":true}]}}