{"id":1641,"date":"2026-02-10T19:33:49","date_gmt":"2026-02-11T03:33:49","guid":{"rendered":"https:\/\/cwilc.com\/?page_id=1641"},"modified":"2026-02-10T19:56:06","modified_gmt":"2026-02-11T03:56:06","slug":"lesion-laboral-catastrofica","status":"publish","type":"page","link":"https:\/\/cwilc.com\/es\/lugares\/santa-ana\/lesion-laboral-catastrofica\/","title":{"rendered":"Santa Ana Catastrophic Work Injury Lawyer"},"content":{"rendered":"<div data-elementor-type=\"wp-page\" data-elementor-id=\"1641\" class=\"elementor elementor-1641\" data-elementor-post-type=\"page\">\n\t\t\t\t\t\t<section class=\"elementor-section elementor-top-section elementor-element elementor-element-dc2c1ce elementor-section-boxed elementor-section-height-default elementor-section-height-default\" data-id=\"dc2c1ce\" data-element_type=\"section\" data-e-type=\"section\" data-settings=\"{&quot;background_background&quot;:&quot;classic&quot;}\">\n\t\t\t\t\t\t\t<div class=\"elementor-background-overlay\"><\/div>\n\t\t\t\t\t\t\t<div class=\"elementor-container elementor-column-gap-default\">\n\t\t\t\t\t<div class=\"elementor-column elementor-col-100 elementor-top-column elementor-element elementor-element-fea2973\" data-id=\"fea2973\" data-element_type=\"column\" data-e-type=\"column\">\n\t\t\t<div class=\"elementor-widget-wrap elementor-element-populated\">\n\t\t\t\t\t\t<div class=\"elementor-element elementor-element-0d21ea2 elementor-widget elementor-widget-heading\" data-id=\"0d21ea2\" data-element_type=\"widget\" data-e-type=\"widget\" data-widget_type=\"heading.default\">\n\t\t\t\t<div class=\"elementor-widget-container\">\n\t\t\t\t\t<h1 class=\"elementor-heading-title elementor-size-default\">Abogado especializado en lesiones<br>laborales catastr\u00f3ficas en Santa Ana<\/h1>\t\t\t\t<\/div>\n\t\t\t\t<\/div>\n\t\t\t\t\t<\/div>\n\t\t<\/div>\n\t\t\t\t\t<\/div>\n\t\t<\/section>\n\t\t\t\t<section class=\"elementor-section elementor-top-section elementor-element elementor-element-5750acd elementor-reverse-tablet elementor-reverse-mobile elementor-section-boxed elementor-section-height-default elementor-section-height-default\" data-id=\"5750acd\" data-element_type=\"section\" data-e-type=\"section\">\n\t\t\t\t\t\t<div class=\"elementor-container elementor-column-gap-default\">\n\t\t\t\t\t<div class=\"elementor-column elementor-col-100 elementor-top-column elementor-element elementor-element-9bf8f73\" data-id=\"9bf8f73\" data-element_type=\"column\" data-e-type=\"column\">\n\t\t\t<div class=\"elementor-widget-wrap elementor-element-populated\">\n\t\t\t\t\t\t<div class=\"elementor-element elementor-element-9f58324 elementor-widget elementor-widget-text-editor\" data-id=\"9f58324\" data-element_type=\"widget\" data-e-type=\"widget\" data-widget_type=\"text-editor.default\">\n\t\t\t\t<div class=\"elementor-widget-container\">\n\t\t\t\t\t\t\t\t\t<p>Una lesi\u00f3n laboral catastr\u00f3fica es m\u00e1s que una simple emergencia m\u00e9dica; es un acontecimiento que altera la vida y afecta a su capacidad para trabajar, a su estabilidad financiera y a su calidad de vida en general. En <a href=\"https:\/\/cwilc.com\/es\/lugares\/santa-ana\/\">profesionales en Santa Ana<\/a>, estas lesiones graves suelen producirse en sectores de alto riesgo, como la construcci\u00f3n, la fabricaci\u00f3n y la log\u00edstica pesada. A diferencia de los accidentes laborales leves, las lesiones catastr\u00f3ficas requieren una planificaci\u00f3n m\u00e9dica a largo plazo y importantes recursos financieros.<\/p><p>En <a href=\"https:\/\/cwilc.com\/es\/\">CWILC<\/a>, nuestros abogados especializados en lesiones laborales catastr\u00f3ficas en Santa Ana proporcionan la representaci\u00f3n agresiva necesaria para garantizar que usted reciba todas las prestaciones necesarias para reconstruir su vida.<\/p>\t\t\t\t\t\t\t\t<\/div>\n\t\t\t\t<\/div>\n\t\t\t\t<div class=\"elementor-element elementor-element-c3bd0f7 elementor-widget elementor-widget-heading\" data-id=\"c3bd0f7\" data-element_type=\"widget\" data-e-type=\"widget\" data-widget_type=\"heading.default\">\n\t\t\t\t<div class=\"elementor-widget-container\">\n\t\t\t\t\t<h2 class=\"elementor-heading-title elementor-size-default\">Defensa de lesiones catastr\u00f3ficas seg\u00fan la legislaci\u00f3n de California<\/h2>\t\t\t\t<\/div>\n\t\t\t\t<\/div>\n\t\t\t\t<div class=\"elementor-element elementor-element-ae2c1bf elementor-widget elementor-widget-text-editor\" data-id=\"ae2c1bf\" data-element_type=\"widget\" data-e-type=\"widget\" data-widget_type=\"text-editor.default\">\n\t\t\t\t<div class=\"elementor-widget-container\">\n\t\t\t\t\t\t\t\t\t<p>Si bien cualquier lesi\u00f3n laboral es grave, la legislaci\u00f3n de California reconoce ciertas lesiones como catastr\u00f3ficas debido a su profundo y permanente impacto en la v\u00edctima. Estos casos suelen implicar pruebas m\u00e9dicas complejas y requisitos de cuidados a largo plazo.<\/p><ul><li><strong>Lesiones cerebrales traum\u00e1ticas:<\/strong> un golpe fuerte en la cabeza puede provocar deterioro cognitivo, p\u00e9rdida de memoria y cambios de personalidad. Las lesiones cerebrales traum\u00e1ticas suelen requerir atenci\u00f3n neurol\u00f3gica especializada y a\u00f1os de rehabilitaci\u00f3n.<\/li><li><strong>Lesiones medulares y par\u00e1lisis:<\/strong> Las ca\u00eddas desde alturas elevadas o los accidentes por aplastamiento pueden provocar par\u00e1lisis parcial o total. Estas lesiones requieren asistencia m\u00e9dica de por vida, lo que incluye modificaciones en el hogar, dispositivos de asistencia y fisioterapia continua.<\/li><li><strong>Amputaciones y p\u00e9rdida de extremidades:<\/strong> La p\u00e9rdida de un brazo, una pierna o una mano es un acontecimiento devastador que altera de forma permanente la movilidad y la empleabilidad de un trabajador. Luchamos para garantizar una indemnizaci\u00f3n por los dispositivos prot\u00e9sicos y la reconversi\u00f3n profesional.<\/li><li><strong>Quemaduras graves y desfiguraci\u00f3n:<\/strong> Las explosiones, las fugas qu\u00edmicas o los accidentes el\u00e9ctricos pueden causar quemaduras profundas en los tejidos. M\u00e1s all\u00e1 del dolor f\u00edsico, estas lesiones suelen provocar cicatrices permanentes y un trauma psicol\u00f3gico significativo.<\/li><\/ul><p>\u00a0<\/p>\t\t\t\t\t\t\t\t<\/div>\n\t\t\t\t<\/div>\n\t\t\t\t<div class=\"elementor-element elementor-element-cbabb5f elementor-widget elementor-widget-heading\" data-id=\"cbabb5f\" data-element_type=\"widget\" data-e-type=\"widget\" data-widget_type=\"heading.default\">\n\t\t\t\t<div class=\"elementor-widget-container\">\n\t\t\t\t\t<h2 class=\"elementor-heading-title elementor-size-default\">Maximizar sus beneficios de compensaci\u00f3n laboral\n<\/h2>\t\t\t\t<\/div>\n\t\t\t\t<\/div>\n\t\t\t\t<div class=\"elementor-element elementor-element-d62f051 elementor-widget elementor-widget-text-editor\" data-id=\"d62f051\" data-element_type=\"widget\" data-e-type=\"widget\" data-widget_type=\"text-editor.default\">\n\t\t\t\t<div class=\"elementor-widget-container\">\n\t\t\t\t\t\t\t\t\t<p><span style=\"font-weight: 400;\">En Santa Ana, las reclamaciones por lesiones catastr\u00f3ficas suelen ser impugnadas por las compa\u00f1\u00edas de seguros debido al alto coste que supone la atenci\u00f3n m\u00e9dica de por vida. Nuestro bufete se centra en garantizar las m\u00e1ximas prestaciones disponibles en virtud del sistema de indemnizaci\u00f3n por accidentes laborales de California.<\/span><\/p><ul><li style=\"font-weight: 400;\" aria-level=\"1\"><b>Prestaciones por incapacidad permanente<\/b><span style=\"font-weight: 400;\">: Si no puede volver a desempe\u00f1ar ning\u00fan tipo de trabajo remunerado, es posible que tenga derecho a prestaciones por incapacidad total permanente. Estos pagos se calculan en funci\u00f3n de su edad, su profesi\u00f3n y la gravedad de su discapacidad.<\/span><\/li><li style=\"font-weight: 400;\" aria-level=\"1\"><b>Asistencia m\u00e9dica de por vida<\/b><span style=\"font-weight: 400;\">: Las lesiones graves a menudo requieren atenci\u00f3n m\u00e9dica de por vida. Trabajamos para garantizar que su acuerdo incluya una cl\u00e1usula que cubra futuras cirug\u00edas, medicamentos y cuidados de enfermer\u00eda a domicilio, si fuera necesario.<\/span><\/li><li style=\"font-weight: 400;\" aria-level=\"1\"><b>Prestaciones complementarias por p\u00e9rdida de empleo<\/b><span>: Si tienes la capacidad de trabajar en un campo diferente, te ayudamos a conseguir vales para reciclarte y desarrollar nuevas habilidades que te permitan encontrar una carrera que se adapte a tus limitaciones f\u00edsicas.<\/span><\/li><\/ul><p>\u00a0<\/p>\t\t\t\t\t\t\t\t<\/div>\n\t\t\t\t<\/div>\n\t\t\t\t<div class=\"elementor-element elementor-element-09206f5 elementor-widget elementor-widget-heading\" data-id=\"09206f5\" data-element_type=\"widget\" data-e-type=\"widget\" data-widget_type=\"heading.default\">\n\t\t\t\t<div class=\"elementor-widget-container\">\n\t\t\t\t\t<h2 class=\"elementor-heading-title elementor-size-default\">Reclamaciones por responsabilidad civil frente a terceros<\/h2>\t\t\t\t<\/div>\n\t\t\t\t<\/div>\n\t\t\t\t<div class=\"elementor-element elementor-element-75849a9 elementor-widget elementor-widget-text-editor\" data-id=\"75849a9\" data-element_type=\"widget\" data-e-type=\"widget\" data-widget_type=\"text-editor.default\">\n\t\t\t\t<div class=\"elementor-widget-container\">\n\t\t\t\t\t\t\t\t\t<p><span style=\"font-weight: 400;\">En muchos casos de accidentes catastr\u00f3ficos, es posible que una parte distinta a su empleador sea responsable del incidente. Esto se conoce como reclamaci\u00f3n a terceros. Si su lesi\u00f3n fue causada por una m\u00e1quina defectuosa, un subcontratista negligente o una condici\u00f3n peligrosa de la propiedad, es posible que pueda presentar una demanda por lesiones personales adem\u00e1s de su reclamaci\u00f3n de indemnizaci\u00f3n laboral.<\/span><\/p><p><span style=\"font-weight: 400;\">Una reclamaci\u00f3n a terceros le permite recuperar los da\u00f1os que no cubre la indemnizaci\u00f3n por accidente laboral, como la indemnizaci\u00f3n por dolor y sufrimiento, angustia emocional y p\u00e9rdida del disfrute de la vida. Nuestro equipo legal investiga meticulosamente todos los aspectos de su accidente para identificar todas las posibles fuentes de indemnizaci\u00f3n.<\/span><\/p>\t\t\t\t\t\t\t\t<\/div>\n\t\t\t\t<\/div>\n\t\t\t\t<div class=\"elementor-element elementor-element-75cbe4f elementor-widget elementor-widget-heading\" data-id=\"75cbe4f\" data-element_type=\"widget\" data-e-type=\"widget\" data-widget_type=\"heading.default\">\n\t\t\t\t<div class=\"elementor-widget-container\">\n\t\t\t\t\t<h2 class=\"elementor-heading-title elementor-size-default\">\u00bfPor qu\u00e9 elegir CWILC para su caso en Santa Ana?\n<\/h2>\t\t\t\t<\/div>\n\t\t\t\t<\/div>\n\t\t\t\t<div class=\"elementor-element elementor-element-2501bb7 elementor-widget elementor-widget-text-editor\" data-id=\"2501bb7\" data-element_type=\"widget\" data-e-type=\"widget\" data-widget_type=\"text-editor.default\">\n\t\t\t\t<div class=\"elementor-widget-container\">\n\t\t\t\t\t\t\t\t\t<p><span style=\"font-weight: 400;\">Lo que est\u00e1 en juego en un caso de lesiones catastr\u00f3ficas es incre\u00edblemente alto. Necesita un bufete de abogados con los recursos necesarios para enfrentarse a las grandes compa\u00f1\u00edas de seguros y a sus equipos jur\u00eddicos.<\/span><\/p><ul><li style=\"font-weight: 400;\" aria-level=\"1\"><b>Representaci\u00f3n exclusiva de los empleados<\/b><span style=\"font-weight: 400;\">: Tenemos una pol\u00edtica estricta de no representar nunca a compa\u00f1\u00edas de seguros. Nuestra lealtad es 100 % hacia el trabajador lesionado, lo que garantiza que nuestras estrategias siempre est\u00e9n alineadas con sus mejores intereses.<\/span><\/li><li style=\"font-weight: 400;\" aria-level=\"1\"><b>\u00c9xito probado en Santa Ana<\/b><span style=\"font-weight: 400;\">: Nuestros abogados est\u00e1n familiarizados con la Oficina del Distrito de Santa Ana de la Divisi\u00f3n de Compensaci\u00f3n Laboral y con los expertos m\u00e9dicos locales cuyo testimonio es vital para demostrar el alcance de una lesi\u00f3n catastr\u00f3fica.<\/span><\/li><li style=\"font-weight: 400;\" aria-level=\"1\"><b>Apoyo compasivo y receptivo<\/b><span style=\"font-weight: 400;\">: Entendemos el impacto emocional que una lesi\u00f3n grave tiene en una familia. Brindamos atenci\u00f3n personalizada y comunicaci\u00f3n clara durante todo el proceso legal para que nunca se sienta desinformado.<\/span><\/li><li style=\"font-weight: 400;\" aria-level=\"1\"><b>Sin riesgo financiero para usted<\/b><span>: Trabajamos con honorarios contingentes. Esto significa que adelantamos todos los costos de su litigio y usted no nos paga nada a menos que logremos obtener una indemnizaci\u00f3n para usted.<\/span><\/li><\/ul><p>\u00a0<\/p>\t\t\t\t\t\t\t\t<\/div>\n\t\t\t\t<\/div>\n\t\t\t\t<div class=\"elementor-element elementor-element-a37a73a elementor-widget elementor-widget-heading\" data-id=\"a37a73a\" data-element_type=\"widget\" data-e-type=\"widget\" data-widget_type=\"heading.default\">\n\t\t\t\t<div class=\"elementor-widget-container\">\n\t\t\t\t\t<h2 class=\"elementor-heading-title elementor-size-default\">Programe una consulta gratuita hoy mismo<\/h2>\t\t\t\t<\/div>\n\t\t\t\t<\/div>\n\t\t\t\t<div class=\"elementor-element elementor-element-ec3c9d4 elementor-widget elementor-widget-text-editor\" data-id=\"ec3c9d4\" data-element_type=\"widget\" data-e-type=\"widget\" data-widget_type=\"text-editor.default\">\n\t\t\t\t<div class=\"elementor-widget-container\">\n\t\t\t\t\t\t\t\t\t<p>Si usted o un ser querido ha sufrido una lesi\u00f3n en el trabajo que le ha cambiado la vida, ahora es el momento de actuar. Una intervenci\u00f3n temprana nos permite preservar pruebas fundamentales y garantizar que reciba la atenci\u00f3n de los especialistas m\u00e9dicos adecuados desde el principio.<\/p><p>Ll\u00e1menos al <a href=\"tel:(949) 767-4423\">(949) 767-4423<\/a> o rellene nuestro <a href=\"https:\/\/cwilc.com\/contact\/\">formulario en l\u00ednea<\/a> para obtener una evaluaci\u00f3n gratuita y confidencial de su caso. Estamos listos para luchar por la justicia y la seguridad financiera que usted se merece.<\/p>\t\t\t\t\t\t\t\t<\/div>\n\t\t\t\t<\/div>\n\t\t\t\t\t<\/div>\n\t\t<\/div>\n\t\t\t\t\t<\/div>\n\t\t<\/section>\n\t\t\t\t<\/div>","protected":false},"excerpt":{"rendered":"<p>Catastrophic Work InjuryLawyer in Santa Ana A catastrophic work injury is more than just a medical emergency; it is a life-altering event that impacts your ability to work, your financial stability, and your overall quality of life. In Santa Ana, these severe injuries often occur in high-risk sectors like construction, manufacturing, and heavy logistics. Unlike [&hellip;]<\/p>\n","protected":false},"author":4,"featured_media":1539,"parent":1063,"menu_order":0,"comment_status":"closed","ping_status":"closed","template":"elementor_header_footer","meta":{"_seopress_robots_primary_cat":"","_seopress_titles_title":"Catastrophic Work Injury Lawyer in Santa Ana: Free Consultation","_seopress_titles_desc":"Injured on the job? Our Santa Ana catastrophic work injury lawyers fight for maximum benefits for life-altering injuries. Call for a free consultation.","_seopress_robots_index":"","footnotes":""},"class_list":["post-1641","page","type-page","status-publish","has-post-thumbnail","hentry"],"_links":{"self":[{"href":"https:\/\/cwilc.com\/es\/wp-json\/wp\/v2\/pages\/1641","targetHints":{"allow":["GET"]}}],"collection":[{"href":"https:\/\/cwilc.com\/es\/wp-json\/wp\/v2\/pages"}],"about":[{"href":"https:\/\/cwilc.com\/es\/wp-json\/wp\/v2\/types\/page"}],"author":[{"embeddable":true,"href":"https:\/\/cwilc.com\/es\/wp-json\/wp\/v2\/users\/4"}],"replies":[{"embeddable":true,"href":"https:\/\/cwilc.com\/es\/wp-json\/wp\/v2\/comments?post=1641"}],"version-history":[{"count":0,"href":"https:\/\/cwilc.com\/es\/wp-json\/wp\/v2\/pages\/1641\/revisions"}],"up":[{"embeddable":true,"href":"https:\/\/cwilc.com\/es\/wp-json\/wp\/v2\/pages\/1063"}],"wp:featuredmedia":[{"embeddable":true,"href":"https:\/\/cwilc.com\/es\/wp-json\/wp\/v2\/media\/1539"}],"wp:attachment":[{"href":"https:\/\/cwilc.com\/es\/wp-json\/wp\/v2\/media?parent=1641"}],"curies":[{"name":"wp","href":"https:\/\/api.w.org\/{rel}","templated":true}]}}