{"id":1541,"date":"2026-01-21T13:39:59","date_gmt":"2026-01-21T21:39:59","guid":{"rendered":"https:\/\/cwilc.com\/?page_id=1541"},"modified":"2026-01-21T14:05:17","modified_gmt":"2026-01-21T22:05:17","slug":"lesion-relacionada-con-el-estres","status":"publish","type":"page","link":"https:\/\/cwilc.com\/es\/lugares\/condado-de-orange\/lesion-relacionada-con-el-estres\/","title":{"rendered":"Abogado especializado en lesiones relacionadas con el estr\u00e9s en el condado de Orange"},"content":{"rendered":"<div data-elementor-type=\"wp-page\" data-elementor-id=\"1541\" class=\"elementor elementor-1541\" data-elementor-post-type=\"page\">\n\t\t\t\t\t\t<section class=\"elementor-section elementor-top-section elementor-element elementor-element-dc2c1ce elementor-section-boxed elementor-section-height-default elementor-section-height-default\" data-id=\"dc2c1ce\" data-element_type=\"section\" data-e-type=\"section\" data-settings=\"{&quot;background_background&quot;:&quot;classic&quot;}\">\n\t\t\t\t\t\t\t<div class=\"elementor-background-overlay\"><\/div>\n\t\t\t\t\t\t\t<div class=\"elementor-container elementor-column-gap-default\">\n\t\t\t\t\t<div class=\"elementor-column elementor-col-100 elementor-top-column elementor-element elementor-element-fea2973\" data-id=\"fea2973\" data-element_type=\"column\" data-e-type=\"column\" data-settings=\"{&quot;background_background&quot;:&quot;classic&quot;}\">\n\t\t\t<div class=\"elementor-widget-wrap elementor-element-populated\">\n\t\t\t\t\t\t<div class=\"elementor-element elementor-element-0d21ea2 elementor-widget elementor-widget-heading\" data-id=\"0d21ea2\" data-element_type=\"widget\" data-e-type=\"widget\" data-widget_type=\"heading.default\">\n\t\t\t\t<div class=\"elementor-widget-container\">\n\t\t\t\t\t<h1 class=\"elementor-heading-title elementor-size-default\">Abogado especializado en lesiones relacionadas con el estr\u00e9s en el condado de Orange<\/h1>\t\t\t\t<\/div>\n\t\t\t\t<\/div>\n\t\t\t\t\t<\/div>\n\t\t<\/div>\n\t\t\t\t\t<\/div>\n\t\t<\/section>\n\t\t\t\t<section class=\"elementor-section elementor-top-section elementor-element elementor-element-5750acd elementor-reverse-tablet elementor-reverse-mobile elementor-section-boxed elementor-section-height-default elementor-section-height-default\" data-id=\"5750acd\" data-element_type=\"section\" data-e-type=\"section\">\n\t\t\t\t\t\t<div class=\"elementor-container elementor-column-gap-default\">\n\t\t\t\t\t<div class=\"elementor-column elementor-col-100 elementor-top-column elementor-element elementor-element-9bf8f73\" data-id=\"9bf8f73\" data-element_type=\"column\" data-e-type=\"column\">\n\t\t\t<div class=\"elementor-widget-wrap elementor-element-populated\">\n\t\t\t\t\t\t<div class=\"elementor-element elementor-element-9f58324 elementor-widget elementor-widget-text-editor\" data-id=\"9f58324\" data-element_type=\"widget\" data-e-type=\"widget\" data-widget_type=\"text-editor.default\">\n\t\t\t\t<div class=\"elementor-widget-container\">\n\t\t\t\t\t\t\t\t\t<p>En CWILC, creemos que una lesi\u00f3n psicol\u00f3gica es tan real y debilitante como una f\u00edsica. Como abogados especializados en lesiones relacionadas con el estr\u00e9s en el condado de Orange, ayudamos a los trabajadores a superar los elevados obst\u00e1culos legales que se requieren para demostrar las lesiones psiqui\u00e1tricas en California. Estamos aqu\u00ed para garantizar que el \u00abestr\u00e9s\u00bb no se descarte como parte del trabajo, sino que se reconozca como una lesi\u00f3n v\u00e1lida con derecho a todas las <a href=\"https:\/\/cwilc.com\/es\/lugares\/condado-de-orange\/\">prestaciones de indemnizaci\u00f3n laboral<\/a> .<\/p>\t\t\t\t\t\t\t\t<\/div>\n\t\t\t\t<\/div>\n\t\t\t\t<div class=\"elementor-element elementor-element-c3bd0f7 elementor-widget elementor-widget-heading\" data-id=\"c3bd0f7\" data-element_type=\"widget\" data-e-type=\"widget\" data-widget_type=\"heading.default\">\n\t\t\t\t<div class=\"elementor-widget-container\">\n\t\t\t\t\t<h2 class=\"elementor-heading-title elementor-size-default\">\u00bfQu\u00e9 se considera una lesi\u00f3n por estr\u00e9s indemnizable en California?<\/h2>\t\t\t\t<\/div>\n\t\t\t\t<\/div>\n\t\t\t\t<div class=\"elementor-element elementor-element-ae2c1bf elementor-widget elementor-widget-text-editor\" data-id=\"ae2c1bf\" data-element_type=\"widget\" data-e-type=\"widget\" data-widget_type=\"text-editor.default\">\n\t\t\t\t<div class=\"elementor-widget-container\">\n\t\t\t\t\t\t\t\t\t<p>California tiene algunos de los requisitos m\u00e1s estrictos del pa\u00eds en materia de reclamaciones por salud mental. Seg\u00fan el art\u00edculo 3208.3 del C\u00f3digo Laboral, el simple hecho de sentirse \u00abestresado\u00bb no es suficiente para tener derecho a prestaciones. Para que una reclamaci\u00f3n prospere en el condado de Orange, su caso debe cumplir los siguientes criterios:<\/p><ul><li><strong>Una afecci\u00f3n diagnosticada:<\/strong> Debe tener un diagn\u00f3stico formal de un trastorno de salud mental (como ansiedad, depresi\u00f3n o trastorno por estr\u00e9s postraum\u00e1tico) que figure en el DSM-5.<\/li><li><strong>La regla de los seis meses:<\/strong> Por lo general, debe haber estado empleado por su empresa durante al menos seis meses, a menos que su lesi\u00f3n haya sido causada por un acto violento repentino y extraordinario.<\/li><li><strong>El criterio de \u00abcausa predominante\u00bb:<\/strong> Debe demostrar que al menos el 51 % de su afecci\u00f3n fue causada por hechos reales relacionados con el empleo. Se trata de una carga probatoria mayor que en el caso de las lesiones f\u00edsicas.<\/li><li><strong>Medidas de buena fe en materia de personal:<\/strong> Su estr\u00e9s no puede ser el resultado de una \u00abmedida de personal de buena fe\u00bb legal y no discriminatoria, como una evaluaci\u00f3n del rendimiento, la denegaci\u00f3n de un ascenso o un cambio en los turnos de trabajo.<\/li><\/ul><p>\u00a0<\/p>\t\t\t\t\t\t\t\t<\/div>\n\t\t\t\t<\/div>\n\t\t\t\t<div class=\"elementor-element elementor-element-cbabb5f elementor-widget elementor-widget-heading\" data-id=\"cbabb5f\" data-element_type=\"widget\" data-e-type=\"widget\" data-widget_type=\"heading.default\">\n\t\t\t\t<div class=\"elementor-widget-container\">\n\t\t\t\t\t<h2 class=\"elementor-heading-title elementor-size-default\">\u00bfCu\u00e1nto vale su reclamaci\u00f3n en el condado de Orange?<\/h2>\t\t\t\t<\/div>\n\t\t\t\t<\/div>\n\t\t\t\t<div class=\"elementor-element elementor-element-d62f051 elementor-widget elementor-widget-text-editor\" data-id=\"d62f051\" data-element_type=\"widget\" data-e-type=\"widget\" data-widget_type=\"text-editor.default\">\n\t\t\t\t<div class=\"elementor-widget-container\">\n\t\t\t\t\t\t\t\t\t<p><span style=\"font-weight: 400;\">Las compa\u00f1\u00edas de seguros del condado de Orange suelen rechazar las reclamaciones relacionadas con el estr\u00e9s, calific\u00e1ndolas a menudo como \u00abproblemas personales\u00bb o \u00abafecciones preexistentes\u00bb. Conocer sus derechos es el primer paso hacia la recuperaci\u00f3n:<\/span><\/p><ol><li style=\"font-weight: 400;\" aria-level=\"1\"><b>El derecho a recibir tratamiento m\u00e9dico:<\/b><span style=\"font-weight: 400;\"> Una vez presentada su reclamaci\u00f3n, tiene derecho a acudir a un psiquiatra o psic\u00f3logo para comenzar el tratamiento de inmediato.<\/span><\/li><li style=\"font-weight: 400;\" aria-level=\"1\"><b>Protecci\u00f3n contra represalias:<\/b><span style=\"font-weight: 400;\"> Es ilegal que su empleador lo despida o lo discrimine por presentar una reclamaci\u00f3n de indemnizaci\u00f3n laboral relacionada con el estr\u00e9s.<\/span><\/li><li style=\"font-weight: 400;\" aria-level=\"1\"><b>El derecho a una evaluaci\u00f3n QME:<\/b><span style=\"font-weight: 400;\"> Si la compa\u00f1\u00eda de seguros rechaza su reclamaci\u00f3n, usted tiene derecho a ser evaluado por un evaluador m\u00e9dico cualificado (QME) imparcial especializado en psiquiatr\u00eda.<\/span><\/li><li style=\"font-weight: 400;\" aria-level=\"1\"><b>Derechos de privacidad:<\/b><span> Aunque debe revelar su historial m\u00e9dico relevante, sigue teniendo derechos en lo que respecta a la privacidad de su vida personal, que un abogado defensor agresivo podr\u00eda intentar sobrepasar.<\/span><\/li><\/ol><p>\u00a0<\/p>\t\t\t\t\t\t\t\t<\/div>\n\t\t\t\t<\/div>\n\t\t\t\t<div class=\"elementor-element elementor-element-09206f5 elementor-widget elementor-widget-heading\" data-id=\"09206f5\" data-element_type=\"widget\" data-e-type=\"widget\" data-widget_type=\"heading.default\">\n\t\t\t\t<div class=\"elementor-widget-container\">\n\t\t\t\t\t<h2 class=\"elementor-heading-title elementor-size-default\">\u00bfPor qu\u00e9 elegir CWILC para su caso de lesi\u00f3n por estr\u00e9s?\n<\/h2>\t\t\t\t<\/div>\n\t\t\t\t<\/div>\n\t\t\t\t<div class=\"elementor-element elementor-element-75849a9 elementor-widget elementor-widget-text-editor\" data-id=\"75849a9\" data-element_type=\"widget\" data-e-type=\"widget\" data-widget_type=\"text-editor.default\">\n\t\t\t\t<div class=\"elementor-widget-container\">\n\t\t\t\t\t\t\t\t\t<p><span style=\"font-weight: 400;\">Para demostrar una lesi\u00f3n psiqui\u00e1trica se necesita un abogado que comprenda tanto la ley como la ciencia de la salud mental. En <\/span><a href=\"https:\/\/cwilc.com\/es\/\">CWILC<\/a><span style=\"font-weight: 400;\">, ofrecemos la representaci\u00f3n compasiva pero agresiva que se necesita para ganar estos casos dif\u00edciles.<\/span><\/p><ul><li style=\"font-weight: 400;\" aria-level=\"1\"><b>Entendemos el criterio de \u00abcausa predominante\u00bb:<\/b><span style=\"font-weight: 400;\"> Sabemos c\u00f3mo recopilar las pruebas, incluyendo correos electr\u00f3nicos, declaraciones de testigos e informes m\u00e9dicos, para demostrar que su trabajo fue la causa principal de su dolencia.<\/span><\/li><li style=\"font-weight: 400;\" aria-level=\"1\"><b>Ventaja de jugar en casa:<\/b><span style=\"font-weight: 400;\"> Representamos habitualmente a clientes en las oficinas del distrito de <\/span><a href=\"https:\/\/cwilc.com\/es\/lugares\/santa-ana\/\"><span style=\"font-weight: 400;\">profesionales en Santa Ana<\/span><\/a><span style=\"font-weight: 400;\"> y <\/span><a href=\"https:\/\/cwilc.com\/es\/lugares\/anaheim\/\"><span style=\"font-weight: 400;\">Anaheim<\/span> <\/a><b>,<\/b><span style=\"font-weight: 400;\">y conocemos a los expertos m\u00e9dicos espec\u00edficos del condado de Orange que realizan evaluaciones psiqui\u00e1tricas de forma imparcial.<\/span><\/li><li style=\"font-weight: 400;\" aria-level=\"1\"><b>Una empresa solo para trabajadores:<\/b><span style=\"font-weight: 400;\"> Nunca representamos a compa\u00f1\u00edas de seguros. Nuestra \u00fanica misi\u00f3n es proteger los derechos y el bienestar del empleado.<\/span><\/li><li style=\"font-weight: 400;\" aria-level=\"1\"><b>Honorarios basados en contingencias:<\/b><span> No pagas nada por adelantado. Solo cobramos si conseguimos que te concedan la asistencia m\u00e9dica y las prestaciones por discapacidad.<\/span><\/li><\/ul><p>\u00a0<\/p>\t\t\t\t\t\t\t\t<\/div>\n\t\t\t\t<\/div>\n\t\t\t\t<div class=\"elementor-element elementor-element-75cbe4f elementor-widget elementor-widget-heading\" data-id=\"75cbe4f\" data-element_type=\"widget\" data-e-type=\"widget\" data-widget_type=\"heading.default\">\n\t\t\t\t<div class=\"elementor-widget-container\">\n\t\t\t\t\t<h2 class=\"elementor-heading-title elementor-size-default\">Su privacidad est\u00e1 protegida\n<\/h2>\t\t\t\t<\/div>\n\t\t\t\t<\/div>\n\t\t\t\t<div class=\"elementor-element elementor-element-2501bb7 elementor-widget elementor-widget-text-editor\" data-id=\"2501bb7\" data-element_type=\"widget\" data-e-type=\"widget\" data-widget_type=\"text-editor.default\">\n\t\t\t\t<div class=\"elementor-widget-container\">\n\t\t\t\t\t\t\t\t\t<p><span style=\"font-weight: 400;\">Una preocupaci\u00f3n com\u00fan entre los trabajadores que presentan una reclamaci\u00f3n psiqui\u00e1trica es que sus notas terap\u00e9uticas privadas o su historial personal se compartan con su supervisor. En California, la <\/span><b>Ley de Confidencialidad de la Informaci\u00f3n M\u00e9dica (CMIA)<\/b><span style=\"font-weight: 400;\"> y <\/span><b>el C\u00f3digo Laboral \u00a7 3762<\/b><span style=\"font-weight: 400;\"> proporcionan protecciones estrictas para sus registros.\u00a0<\/span><\/p><p><span style=\"font-weight: 400;\">Mientras el ajustador de seguros revisa la evidencia m\u00e9dica para evaluar su reclamo, est\u00e1 legalmente prohibido compartir los detalles espec\u00edficos de su diagn\u00f3stico o las notas privadas de sus consultas con su empleador. Su supervisor solo tiene derecho a conocer sus restricciones laborales y la naturaleza general de su discapacidad. En CWILC, actuamos como su escudo, asegur\u00e1ndonos de que la compa\u00f1\u00eda de seguros solo acceda a los registros directamente relevantes para su caso, manteniendo la privacidad de su vida personal.<\/span><\/p>\t\t\t\t\t\t\t\t<\/div>\n\t\t\t\t<\/div>\n\t\t\t\t<div class=\"elementor-element elementor-element-a37a73a elementor-widget elementor-widget-heading\" data-id=\"a37a73a\" data-element_type=\"widget\" data-e-type=\"widget\" data-widget_type=\"heading.default\">\n\t\t\t\t<div class=\"elementor-widget-container\">\n\t\t\t\t\t<h2 class=\"elementor-heading-title elementor-size-default\">Preguntas frecuentes<\/h2>\t\t\t\t<\/div>\n\t\t\t\t<\/div>\n\t\t\t\t<div class=\"elementor-element elementor-element-ec3c9d4 elementor-widget elementor-widget-text-editor\" data-id=\"ec3c9d4\" data-element_type=\"widget\" data-e-type=\"widget\" data-widget_type=\"text-editor.default\">\n\t\t\t\t<div class=\"elementor-widget-container\">\n\t\t\t\t\t\t\t\t\t<p><strong>\u00bfPuedo presentar una reclamaci\u00f3n por \u00abagotamiento\u00bb?<\/strong><br \/>El \u00abagotamiento\u00bb en s\u00ed mismo no es un diagn\u00f3stico m\u00e9dico, pero los s\u00edntomas del agotamiento a menudo se manifiestan como depresi\u00f3n cl\u00ednica o trastorno de ansiedad. Si su agotamiento ha alcanzado el nivel de una afecci\u00f3n psiqui\u00e1trica diagnosticada, puede ser indemnizable.<\/p><p><strong>\u00bfQu\u00e9 pasa si tengo antecedentes de depresi\u00f3n antes de este trabajo?<\/strong><br \/>Una afecci\u00f3n preexistente no le descalifica. En California, si su entorno laboral agrav\u00f3 o aceler\u00f3 su afecci\u00f3n subyacente hasta convertirla en una discapacidad, es posible que a\u00fan tenga derecho a recibir prestaciones.<\/p><p><strong>\u00bfMi reclamaci\u00f3n sigue siendo v\u00e1lida si renuncio o me despiden?<\/strong><br \/>Las reclamaciones posteriores al despido son objeto de un minucioso escrutinio. Sin embargo, si puede demostrar que su empleador ten\u00eda conocimiento de la lesi\u00f3n antes de que usted dejara la empresa, o si hay pruebas m\u00e9dicas de que recibi\u00f3 tratamiento antes de su salida, es posible que su caso siga siendo v\u00e1lido.<\/p>\t\t\t\t\t\t\t\t<\/div>\n\t\t\t\t<\/div>\n\t\t\t\t<div class=\"elementor-element elementor-element-e9631d0 elementor-widget elementor-widget-heading\" data-id=\"e9631d0\" data-element_type=\"widget\" data-e-type=\"widget\" data-widget_type=\"heading.default\">\n\t\t\t\t<div class=\"elementor-widget-container\">\n\t\t\t\t\t<h2 class=\"elementor-heading-title elementor-size-default\">Hable hoy mismo con un abogado especializado en lesiones relacionadas con el estr\u00e9s en el condado de Orange.<\/h2>\t\t\t\t<\/div>\n\t\t\t\t<\/div>\n\t\t\t\t<div class=\"elementor-element elementor-element-d095090 elementor-widget elementor-widget-text-editor\" data-id=\"d095090\" data-element_type=\"widget\" data-e-type=\"widget\" data-widget_type=\"text-editor.default\">\n\t\t\t\t<div class=\"elementor-widget-container\">\n\t\t\t\t\t\t\t\t\t<p>No tienes por qu\u00e9 sufrir en silencio. Si la carga de tu trabajo se ha vuelto insoportable, d\u00e9janos ayudarte a encontrar una salida. Te ofrecemos un espacio seguro y confidencial para hablar sobre tu caso y tus opciones.<br \/>Llame al <a href=\"tel:(949) 767-4423\">(949) 767-4423<\/a> o rellene nuestro <a href=\"https:\/\/cwilc.com\/contact\/\">formulario en l\u00ednea<\/a> hoy mismo para obtener una consulta gratuita y sin compromiso. Nuestro equipo est\u00e1 listo para luchar por su salud y su futuro.<\/p>\t\t\t\t\t\t\t\t<\/div>\n\t\t\t\t<\/div>\n\t\t\t\t\t<\/div>\n\t\t<\/div>\n\t\t\t\t\t<\/div>\n\t\t<\/section>\n\t\t\t\t<\/div>","protected":false},"excerpt":{"rendered":"<p>Orange County Stress-Related Injury Lawyer At CWILC, we believe that a psychological injury is just as real and debilitating as a physical one. As specialized Orange County stress-related injury lawyers, we help workers overcome the high legal hurdles required to prove psychiatric injuries in California. We are here to ensure that &#8220;stress&#8221; isn&#8217;t dismissed as [&hellip;]<\/p>\n","protected":false},"author":4,"featured_media":1542,"parent":1074,"menu_order":0,"comment_status":"closed","ping_status":"closed","template":"elementor_header_footer","meta":{"_seopress_robots_primary_cat":"","_seopress_titles_title":"Orange County Stress-Related Injury Lawyer - FREE Consultation","_seopress_titles_desc":"Struggling with work-related anxiety or PTSD? Our Orange County stress-related injury lawyers help you navigate CA Labor Code 3208.3 for the benefits you deserve.","_seopress_robots_index":"","footnotes":""},"class_list":["post-1541","page","type-page","status-publish","has-post-thumbnail","hentry"],"_links":{"self":[{"href":"https:\/\/cwilc.com\/es\/wp-json\/wp\/v2\/pages\/1541","targetHints":{"allow":["GET"]}}],"collection":[{"href":"https:\/\/cwilc.com\/es\/wp-json\/wp\/v2\/pages"}],"about":[{"href":"https:\/\/cwilc.com\/es\/wp-json\/wp\/v2\/types\/page"}],"author":[{"embeddable":true,"href":"https:\/\/cwilc.com\/es\/wp-json\/wp\/v2\/users\/4"}],"replies":[{"embeddable":true,"href":"https:\/\/cwilc.com\/es\/wp-json\/wp\/v2\/comments?post=1541"}],"version-history":[{"count":0,"href":"https:\/\/cwilc.com\/es\/wp-json\/wp\/v2\/pages\/1541\/revisions"}],"up":[{"embeddable":true,"href":"https:\/\/cwilc.com\/es\/wp-json\/wp\/v2\/pages\/1074"}],"wp:featuredmedia":[{"embeddable":true,"href":"https:\/\/cwilc.com\/es\/wp-json\/wp\/v2\/media\/1542"}],"wp:attachment":[{"href":"https:\/\/cwilc.com\/es\/wp-json\/wp\/v2\/media?parent=1541"}],"curies":[{"name":"wp","href":"https:\/\/api.w.org\/{rel}","templated":true}]}}