{"id":1540,"date":"2026-01-21T13:27:31","date_gmt":"2026-01-21T21:27:31","guid":{"rendered":"https:\/\/cwilc.com\/?page_id=1540"},"modified":"2026-01-21T14:04:35","modified_gmt":"2026-01-21T22:04:35","slug":"accidente-laboral","status":"publish","type":"page","link":"https:\/\/cwilc.com\/es\/lugares\/condado-de-orange\/accidente-laboral\/","title":{"rendered":"Abogado especializado en accidentes laborales en el condado de Orange"},"content":{"rendered":"<div data-elementor-type=\"wp-page\" data-elementor-id=\"1540\" class=\"elementor elementor-1540\" data-elementor-post-type=\"page\">\n\t\t\t\t\t\t<section class=\"elementor-section elementor-top-section elementor-element elementor-element-dc2c1ce elementor-section-boxed elementor-section-height-default elementor-section-height-default\" data-id=\"dc2c1ce\" data-element_type=\"section\" data-e-type=\"section\" data-settings=\"{&quot;background_background&quot;:&quot;classic&quot;}\">\n\t\t\t\t\t\t\t<div class=\"elementor-background-overlay\"><\/div>\n\t\t\t\t\t\t\t<div class=\"elementor-container elementor-column-gap-default\">\n\t\t\t\t\t<div class=\"elementor-column elementor-col-100 elementor-top-column elementor-element elementor-element-fea2973\" data-id=\"fea2973\" data-element_type=\"column\" data-e-type=\"column\" data-settings=\"{&quot;background_background&quot;:&quot;classic&quot;}\">\n\t\t\t<div class=\"elementor-widget-wrap elementor-element-populated\">\n\t\t\t\t\t\t<div class=\"elementor-element elementor-element-0d21ea2 elementor-widget elementor-widget-heading\" data-id=\"0d21ea2\" data-element_type=\"widget\" data-e-type=\"widget\" data-widget_type=\"heading.default\">\n\t\t\t\t<div class=\"elementor-widget-container\">\n\t\t\t\t\t<h1 class=\"elementor-heading-title elementor-size-default\">Abogado especializado en accidentes laborales en el condado de Orange<\/h1>\t\t\t\t<\/div>\n\t\t\t\t<\/div>\n\t\t\t\t\t<\/div>\n\t\t<\/div>\n\t\t\t\t\t<\/div>\n\t\t<\/section>\n\t\t\t\t<section class=\"elementor-section elementor-top-section elementor-element elementor-element-5750acd elementor-reverse-tablet elementor-reverse-mobile elementor-section-boxed elementor-section-height-default elementor-section-height-default\" data-id=\"5750acd\" data-element_type=\"section\" data-e-type=\"section\">\n\t\t\t\t\t\t<div class=\"elementor-container elementor-column-gap-default\">\n\t\t\t\t\t<div class=\"elementor-column elementor-col-100 elementor-top-column elementor-element elementor-element-9bf8f73\" data-id=\"9bf8f73\" data-element_type=\"column\" data-e-type=\"column\">\n\t\t\t<div class=\"elementor-widget-wrap elementor-element-populated\">\n\t\t\t\t\t\t<div class=\"elementor-element elementor-element-9f58324 elementor-widget elementor-widget-text-editor\" data-id=\"9f58324\" data-element_type=\"widget\" data-e-type=\"widget\" data-widget_type=\"text-editor.default\">\n\t\t\t\t<div class=\"elementor-widget-container\">\n\t\t\t\t\t\t\t\t\t<p>El trabajo industrial es la columna vertebral de la econom\u00eda del sur de California, pero tambi\u00e9n es uno de los m\u00e1s peligrosos. Desde los amplios almacenes de Anaheim hasta las pesadas plantas de fabricaci\u00f3n de Santa Ana y los centros log\u00edsticos cercanos al aeropuerto John Wayne, los trabajadores industriales se enfrentan a riesgos diarios que pueden provocar lesiones catastr\u00f3ficas.<\/p><p>En <a href=\"https:\/\/cwilc.com\/es\/\">CWILC<\/a>, entendemos que un accidente laboral es m\u00e1s que una simple lesi\u00f3n f\u00edsica. Es una amenaza para su capacidad de mantener a su familia. Como abogados especializados en accidentes laborales en el condado de Orange, proporcionamos el apoyo legal agresivo necesario para navegar por el sistema de compensaci\u00f3n laboral y garantizar la atenci\u00f3n m\u00e9dica y la recuperaci\u00f3n financiera que usted se merece.<\/p><p>\u00a0<\/p>\t\t\t\t\t\t\t\t<\/div>\n\t\t\t\t<\/div>\n\t\t\t\t<div class=\"elementor-element elementor-element-c3bd0f7 elementor-widget elementor-widget-heading\" data-id=\"c3bd0f7\" data-element_type=\"widget\" data-e-type=\"widget\" data-widget_type=\"heading.default\">\n\t\t\t\t<div class=\"elementor-widget-container\">\n\t\t\t\t\t<h2 class=\"elementor-heading-title elementor-size-default\">Tipos comunes de accidentes industriales en OC<\/h2>\t\t\t\t<\/div>\n\t\t\t\t<\/div>\n\t\t\t\t<div class=\"elementor-element elementor-element-ae2c1bf elementor-widget elementor-widget-text-editor\" data-id=\"ae2c1bf\" data-element_type=\"widget\" data-e-type=\"widget\" data-widget_type=\"text-editor.default\">\n\t\t\t\t<div class=\"elementor-widget-container\">\n\t\t\t\t\t\t\t\t\t<p>Los entornos industriales suelen implicar maquinaria pesada, flujos de trabajo de alta intensidad y log\u00edstica compleja. Cuando fallan los protocolos de seguridad, las consecuencias suelen cambiar la vida. Representamos a trabajadores lesionados en diversos escenarios, entre ellos:<\/p><ul><li><strong>Aver\u00edas en la maquinaria:<\/strong> Lesiones causadas por cintas transportadoras, carretillas elevadoras, prensas mec\u00e1nicas o equipos industriales pesados defectuosos.<\/li><li><strong>Accidentes en almacenes y muelles de carga:<\/strong> Golpes con carretillas elevadoras, accidentes por \u00abaplastamiento\u00bb y lesiones causadas por la ca\u00edda de mercanc\u00edas.<\/li><li><strong>Explosiones e incendios:<\/strong> Acontecimientos devastadores a menudo relacionados con sustancias qu\u00edmicas vol\u00e1tiles, sistemas presurizados o fallos el\u00e9ctricos.<\/li><li><strong>Lesiones por aplastamiento:<\/strong> Incidentes con maquinaria pesada o ca\u00edda de objetos que provocan fracturas \u00f3seas o la p\u00e9rdida de extremidades.<\/li><li><strong>Ca\u00eddas desde alturas:<\/strong> Accidentes relacionados con andamios industriales, escaleras o plataformas elevadas.<\/li><\/ul><p>\u00a0<\/p>\t\t\t\t\t\t\t\t<\/div>\n\t\t\t\t<\/div>\n\t\t\t\t<div class=\"elementor-element elementor-element-cbabb5f elementor-widget elementor-widget-heading\" data-id=\"cbabb5f\" data-element_type=\"widget\" data-e-type=\"widget\" data-widget_type=\"heading.default\">\n\t\t\t\t<div class=\"elementor-widget-container\">\n\t\t\t\t\t<h2 class=\"elementor-heading-title elementor-size-default\">Causas comunes de lesiones laborales en el \u00e1mbito industrial<\/h2>\t\t\t\t<\/div>\n\t\t\t\t<\/div>\n\t\t\t\t<div class=\"elementor-element elementor-element-d62f051 elementor-widget elementor-widget-text-editor\" data-id=\"d62f051\" data-element_type=\"widget\" data-e-type=\"widget\" data-widget_type=\"text-editor.default\">\n\t\t\t\t<div class=\"elementor-widget-container\">\n\t\t\t\t\t\t\t\t\t<p>En el acelerado mundo de la fabricaci\u00f3n y la log\u00edstica del condado de Orange, a menudo se prioriza la velocidad por encima de la seguridad. Identificar la causa ra\u00edz de su accidente es esencial para que su reclamaci\u00f3n tenga \u00e9xito. Entre los factores m\u00e1s comunes se incluyen:<\/p><ul><li><strong>Formaci\u00f3n inadecuada:<\/strong> Se pide a los trabajadores que manejen maquinaria compleja sin la certificaci\u00f3n adecuada ni instrucciones de seguridad.<\/li><li><strong>Protecciones de seguridad omitidas:<\/strong> Retirar o desactivar los sensores y protecciones de seguridad para acelerar las l\u00edneas de producci\u00f3n.<\/li><li><strong>Mantenimiento deficiente del equipo:<\/strong> No realizar inspecciones rutinarias en herramientas y veh\u00edculos industriales antiguos.<\/li><li><strong>Fatiga y falta de personal:<\/strong> Los empleados con exceso de trabajo son m\u00e1s propensos a cometer errores, especialmente en entornos log\u00edsticos y de transporte que funcionan las 24 horas del d\u00eda, los 7 d\u00edas de la semana.<\/li><li><strong>Infracciones de las normas de la OSHA:<\/strong> Incumplimiento de las normas de seguridad federales y estatales dise\u00f1adas para proteger a los trabajadores industriales.<\/li><\/ul><p>\u00a0<\/p>\t\t\t\t\t\t\t\t<\/div>\n\t\t\t\t<\/div>\n\t\t\t\t<div class=\"elementor-element elementor-element-09206f5 elementor-widget elementor-widget-heading\" data-id=\"09206f5\" data-element_type=\"widget\" data-e-type=\"widget\" data-widget_type=\"heading.default\">\n\t\t\t\t<div class=\"elementor-widget-container\">\n\t\t\t\t\t<h2 class=\"elementor-heading-title elementor-size-default\">Conozca sus derechos: \u00bfA qu\u00e9 indemnizaci\u00f3n tiene derecho?\n<\/h2>\t\t\t\t<\/div>\n\t\t\t\t<\/div>\n\t\t\t\t<div class=\"elementor-element elementor-element-75849a9 elementor-widget elementor-widget-text-editor\" data-id=\"75849a9\" data-element_type=\"widget\" data-e-type=\"widget\" data-widget_type=\"text-editor.default\">\n\t\t\t\t<div class=\"elementor-widget-container\">\n\t\t\t\t\t\t\t\t\t<p>Muchos trabajadores industriales desconocen el alcance total de las prestaciones disponibles en virtud de la legislaci\u00f3n de California. Dado <a href=\"https:\/\/cwilc.com\/es\/lugares\/condado-de-orange\/\">que la indemnizaci\u00f3n por accidente laboral<\/a> es un sistema \u00absin culpa\u00bb, no es necesario demostrar que su empleador fue negligente para recibir ayuda. Si ha sufrido una lesi\u00f3n mientras desempe\u00f1aba sus funciones laborales, tiene derecho a:<\/p><ul><li><strong>Cobertura m\u00e9dica completa:<\/strong> Tu empleador debe pagar todas las visitas al m\u00e9dico, cirug\u00edas, medicamentos y hospitalizaciones necesarias para tratar tu lesi\u00f3n. En California, esto tambi\u00e9n incluye el reembolso de los gastos de desplazamiento para acudir a tus citas m\u00e9dicas.<\/li><li><strong>Pagos por incapacidad temporal:<\/strong> Si no puede trabajar mientras se recupera, tiene derecho a aproximadamente dos tercios de su salario semanal promedio para ayudarle a cubrir sus gastos.<\/li><li><strong>Prestaciones por incapacidad permanente:<\/strong> Si su lesi\u00f3n le provoca una discapacidad f\u00edsica o mental permanente que afecta a su capacidad futura para ganarse la vida, tiene derecho a una indemnizaci\u00f3n por incapacidad permanente.<\/li><li><strong>Desplazamiento laboral complementario:<\/strong> Si no puede volver a su antiguo trabajo, puede recibir un vale de hasta 6000 d\u00f3lares para ayudarle a reciclarse o aprender nuevas habilidades para una carrera diferente.<\/li><li><strong>Derecho a reclamaci\u00f3n frente a terceros:<\/strong> Si una parte distinta a su empleador (como el fabricante de una m\u00e1quina o un contratista externo negligente) caus\u00f3 su lesi\u00f3n, es posible que pueda presentar una demanda por da\u00f1os personales por dolor y sufrimiento, da\u00f1os que no cubre la indemnizaci\u00f3n por accidente laboral.<\/li><\/ul><p>\u00a0<\/p>\t\t\t\t\t\t\t\t<\/div>\n\t\t\t\t<\/div>\n\t\t\t\t<div class=\"elementor-element elementor-element-75cbe4f elementor-widget elementor-widget-heading\" data-id=\"75cbe4f\" data-element_type=\"widget\" data-e-type=\"widget\" data-widget_type=\"heading.default\">\n\t\t\t\t<div class=\"elementor-widget-container\">\n\t\t\t\t\t<h2 class=\"elementor-heading-title elementor-size-default\">\u00bfPor qu\u00e9 elegir CWILC para su caso de lesiones laborales?\n<\/h2>\t\t\t\t<\/div>\n\t\t\t\t<\/div>\n\t\t\t\t<div class=\"elementor-element elementor-element-2501bb7 elementor-widget elementor-widget-text-editor\" data-id=\"2501bb7\" data-element_type=\"widget\" data-e-type=\"widget\" data-widget_type=\"text-editor.default\">\n\t\t\t\t<div class=\"elementor-widget-container\">\n\t\t\t\t\t\t\t\t\t<p>Las reclamaciones industriales suelen ser impugnadas por las grandes compa\u00f1\u00edas de seguros, que desean minimizar sus pagos. Necesita un bufete de abogados que cuente con los recursos necesarios para investigar el lugar y la reputaci\u00f3n para exigir un acuerdo justo.<\/p><ul><li><strong>Centrado en los trabajadores industriales:<\/strong> Contamos con una amplia experiencia en la gesti\u00f3n de casos relacionados con sectores industriales espec\u00edficos de OC, desde la fabricaci\u00f3n de piezas aeroespaciales hasta el procesamiento de alimentos.<\/li><li><strong>Investigaciones de expertos:<\/strong> Trabajamos con ingenieros de seguridad y expertos en reconstrucci\u00f3n de accidentes para demostrar c\u00f3mo se produjo su lesi\u00f3n.<\/li><li><strong>Ventaja de jugar en casa:<\/strong> Nuestros abogados est\u00e1n familiarizados con los tribunales de compensaci\u00f3n laboral de Santa Ana y Anaheim, lo que garantiza que su caso sea manejado con experiencia local.<\/li><li><strong>Sin gastos de bolsillo:<\/strong> Nos encargamos de todo en base a resultados. Si no ganamos su caso, no nos deber\u00e1 pagar los honorarios del abogado.<\/li><\/ul><p>\u00a0<\/p>\t\t\t\t\t\t\t\t<\/div>\n\t\t\t\t<\/div>\n\t\t\t\t<div class=\"elementor-element elementor-element-a37a73a elementor-widget elementor-widget-heading\" data-id=\"a37a73a\" data-element_type=\"widget\" data-e-type=\"widget\" data-widget_type=\"heading.default\">\n\t\t\t\t<div class=\"elementor-widget-container\">\n\t\t\t\t\t<h2 class=\"elementor-heading-title elementor-size-default\">Preguntas frecuentes<\/h2>\t\t\t\t<\/div>\n\t\t\t\t<\/div>\n\t\t\t\t<div class=\"elementor-element elementor-element-ec3c9d4 elementor-widget elementor-widget-text-editor\" data-id=\"ec3c9d4\" data-element_type=\"widget\" data-e-type=\"widget\" data-widget_type=\"text-editor.default\">\n\t\t\t\t<div class=\"elementor-widget-container\">\n\t\t\t\t\t\t\t\t\t<p><strong>\u00bfQu\u00e9 debo hacer inmediatamente despu\u00e9s de un accidente laboral?<\/strong><br \/>En primer lugar, busque atenci\u00f3n m\u00e9dica. En segundo lugar, informe inmediatamente de la lesi\u00f3n a su supervisor. En California, retrasar la notificaci\u00f3n puede dar a la compa\u00f1\u00eda de seguros una raz\u00f3n para denegar su reclamaci\u00f3n. Por \u00faltimo, p\u00f3ngase en contacto con un abogado antes de prestar declaraci\u00f3n grabada ante un perito de seguros.<\/p><p><strong>\u00bfPuedo demandar a un tercero por mi accidente laboral?<\/strong><br \/>Aunque la indemnizaci\u00f3n por accidente laboral normalmente le impide demandar a su empleador, es posible que pueda presentar una demanda por da\u00f1os personales por separado si hay un tercero implicado. Algunos ejemplos son el fabricante de una m\u00e1quina defectuosa o un contratista de mantenimiento que no repar\u00f3 correctamente una carretilla elevadora.<\/p><p><strong>\u00bfY si el accidente fuera en parte culpa m\u00eda?<\/strong><br \/>La indemnizaci\u00f3n por accidente laboral en California es un sistema \u00absin culpa\u00bb. Esto significa que, por lo general, usted tiene derecho a recibir prestaciones incluso si cometi\u00f3 un error que provoc\u00f3 el accidente, siempre y cuando la lesi\u00f3n se produjera mientras desempe\u00f1aba sus funciones laborales.<\/p><p>\u00a0<\/p>\t\t\t\t\t\t\t\t<\/div>\n\t\t\t\t<\/div>\n\t\t\t\t<div class=\"elementor-element elementor-element-e9631d0 elementor-widget elementor-widget-heading\" data-id=\"e9631d0\" data-element_type=\"widget\" data-e-type=\"widget\" data-widget_type=\"heading.default\">\n\t\t\t\t<div class=\"elementor-widget-container\">\n\t\t\t\t\t<h2 class=\"elementor-heading-title elementor-size-default\">P\u00f3ngase en contacto hoy mismo con un abogado especializado en accidentes laborales en el condado de Orange.<\/h2>\t\t\t\t<\/div>\n\t\t\t\t<\/div>\n\t\t\t\t<div class=\"elementor-element elementor-element-d095090 elementor-widget elementor-widget-text-editor\" data-id=\"d095090\" data-element_type=\"widget\" data-e-type=\"widget\" data-widget_type=\"text-editor.default\">\n\t\t\t\t<div class=\"elementor-widget-container\">\n\t\t\t\t\t\t\t\t\t<p>El camino hacia la recuperaci\u00f3n tras un accidente laboral es largo, pero no tiene por qu\u00e9 recorrerlo solo. En CWILC, nos comprometemos a ayudarle a recuperar su salud y su estabilidad financiera.<br \/>Ll\u00e1menos hoy mismo al <a href=\"tel:(949) 767-4423\">(949) 767-4423<\/a> o rellene nuestro <a href=\"https:\/\/cwilc.com\/contact\/\">formulario en l\u00ednea<\/a> para obtener una consulta gratuita y sin compromiso. Deje que nuestro equipo luche por los beneficios que usted se ha ganado.<\/p>\t\t\t\t\t\t\t\t<\/div>\n\t\t\t\t<\/div>\n\t\t\t\t\t<\/div>\n\t\t<\/div>\n\t\t\t\t\t<\/div>\n\t\t<\/section>\n\t\t\t\t<\/div>","protected":false},"excerpt":{"rendered":"<p>Orange County Industrial Accident Lawyer Industrial work is the backbone of the Southern California economy, but it is also among the most dangerous. From the expansive warehouses in Anaheim to the heavy manufacturing plants in Santa Ana and the logistics centers near John Wayne Airport, industrial workers face daily risks that can lead to catastrophic [&hellip;]<\/p>\n","protected":false},"author":4,"featured_media":1509,"parent":1074,"menu_order":0,"comment_status":"closed","ping_status":"closed","template":"elementor_header_footer","meta":{"_seopress_robots_primary_cat":"","_seopress_titles_title":"Orange County Industrial Accident Lawyer: FREE Consultation","_seopress_titles_desc":"Injured at a warehouse or factory? Our Orange County industrial accident lawyers fight for maximum workers\u2019 comp benefits. Free consultation.","_seopress_robots_index":"","footnotes":""},"class_list":["post-1540","page","type-page","status-publish","has-post-thumbnail","hentry"],"_links":{"self":[{"href":"https:\/\/cwilc.com\/es\/wp-json\/wp\/v2\/pages\/1540","targetHints":{"allow":["GET"]}}],"collection":[{"href":"https:\/\/cwilc.com\/es\/wp-json\/wp\/v2\/pages"}],"about":[{"href":"https:\/\/cwilc.com\/es\/wp-json\/wp\/v2\/types\/page"}],"author":[{"embeddable":true,"href":"https:\/\/cwilc.com\/es\/wp-json\/wp\/v2\/users\/4"}],"replies":[{"embeddable":true,"href":"https:\/\/cwilc.com\/es\/wp-json\/wp\/v2\/comments?post=1540"}],"version-history":[{"count":0,"href":"https:\/\/cwilc.com\/es\/wp-json\/wp\/v2\/pages\/1540\/revisions"}],"up":[{"embeddable":true,"href":"https:\/\/cwilc.com\/es\/wp-json\/wp\/v2\/pages\/1074"}],"wp:featuredmedia":[{"embeddable":true,"href":"https:\/\/cwilc.com\/es\/wp-json\/wp\/v2\/media\/1509"}],"wp:attachment":[{"href":"https:\/\/cwilc.com\/es\/wp-json\/wp\/v2\/media?parent=1540"}],"curies":[{"name":"wp","href":"https:\/\/api.w.org\/{rel}","templated":true}]}}