{"id":1537,"date":"2026-01-21T13:21:53","date_gmt":"2026-01-21T21:21:53","guid":{"rendered":"https:\/\/cwilc.com\/?page_id=1537"},"modified":"2026-01-25T19:51:31","modified_gmt":"2026-01-26T03:51:31","slug":"lesion-laboral-catastrofica","status":"publish","type":"page","link":"https:\/\/cwilc.com\/es\/lugares\/condado-de-orange\/lesion-laboral-catastrofica\/","title":{"rendered":"Abogado especializado en lesiones laborales catastr\u00f3ficas en el condado de Orange"},"content":{"rendered":"<div data-elementor-type=\"wp-page\" data-elementor-id=\"1537\" class=\"elementor elementor-1537\" data-elementor-post-type=\"page\">\n\t\t\t\t\t\t<section class=\"elementor-section elementor-top-section elementor-element elementor-element-dc2c1ce elementor-section-boxed elementor-section-height-default elementor-section-height-default\" data-id=\"dc2c1ce\" data-element_type=\"section\" data-e-type=\"section\" data-settings=\"{&quot;background_background&quot;:&quot;classic&quot;}\">\n\t\t\t\t\t\t\t<div class=\"elementor-background-overlay\"><\/div>\n\t\t\t\t\t\t\t<div class=\"elementor-container elementor-column-gap-default\">\n\t\t\t\t\t<div class=\"elementor-column elementor-col-100 elementor-top-column elementor-element elementor-element-fea2973\" data-id=\"fea2973\" data-element_type=\"column\" data-e-type=\"column\" data-settings=\"{&quot;background_background&quot;:&quot;classic&quot;}\">\n\t\t\t<div class=\"elementor-widget-wrap elementor-element-populated\">\n\t\t\t\t\t\t<div class=\"elementor-element elementor-element-0d21ea2 elementor-widget elementor-widget-heading\" data-id=\"0d21ea2\" data-element_type=\"widget\" data-e-type=\"widget\" data-widget_type=\"heading.default\">\n\t\t\t\t<div class=\"elementor-widget-container\">\n\t\t\t\t\t<h1 class=\"elementor-heading-title elementor-size-default\">Abogado especializado en lesiones laborales catastr\u00f3ficas en el condado de Orange<\/h1>\t\t\t\t<\/div>\n\t\t\t\t<\/div>\n\t\t\t\t\t<\/div>\n\t\t<\/div>\n\t\t\t\t\t<\/div>\n\t\t<\/section>\n\t\t\t\t<section class=\"elementor-section elementor-top-section elementor-element elementor-element-5750acd elementor-reverse-tablet elementor-reverse-mobile elementor-section-boxed elementor-section-height-default elementor-section-height-default\" data-id=\"5750acd\" data-element_type=\"section\" data-e-type=\"section\">\n\t\t\t\t\t\t<div class=\"elementor-container elementor-column-gap-default\">\n\t\t\t\t\t<div class=\"elementor-column elementor-col-100 elementor-top-column elementor-element elementor-element-9bf8f73\" data-id=\"9bf8f73\" data-element_type=\"column\" data-e-type=\"column\">\n\t\t\t<div class=\"elementor-widget-wrap elementor-element-populated\">\n\t\t\t\t\t\t<div class=\"elementor-element elementor-element-9f58324 elementor-widget elementor-widget-text-editor\" data-id=\"9f58324\" data-element_type=\"widget\" data-e-type=\"widget\" data-widget_type=\"text-editor.default\">\n\t\t\t\t<div class=\"elementor-widget-container\">\n\t\t\t\t\t\t\t\t\t<p>En <a href=\"https:\/\/cwilc.com\/es\/\">CWILC<\/a>, nos especializamos en representar a trabajadores que han sufrido las lesiones m\u00e1s graves imaginables. Como abogados dedicados a lesiones laborales catastr\u00f3ficas en el condado de Orange, entendemos que cuando hay tanto en juego, no hay margen para el error. Brindamos la defensa agresiva necesaria para garantizar que la compa\u00f1\u00eda de seguros pague todos los tratamientos especializados, modificaciones y reemplazo salarial a los que usted tiene derecho seg\u00fan la ley de California.<\/p>\t\t\t\t\t\t\t\t<\/div>\n\t\t\t\t<\/div>\n\t\t\t\t<div class=\"elementor-element elementor-element-c3bd0f7 elementor-widget elementor-widget-heading\" data-id=\"c3bd0f7\" data-element_type=\"widget\" data-e-type=\"widget\" data-widget_type=\"heading.default\">\n\t\t\t\t<div class=\"elementor-widget-container\">\n\t\t\t\t\t<h2 class=\"elementor-heading-title elementor-size-default\">\u00bfQu\u00e9 se considera una lesi\u00f3n catastr\u00f3fica en California?\n<\/h2>\t\t\t\t<\/div>\n\t\t\t\t<\/div>\n\t\t\t\t<div class=\"elementor-element elementor-element-ae2c1bf elementor-widget elementor-widget-text-editor\" data-id=\"ae2c1bf\" data-element_type=\"widget\" data-e-type=\"widget\" data-widget_type=\"text-editor.default\">\n\t\t\t\t<div class=\"elementor-widget-container\">\n\t\t\t\t\t\t\t\t\t<p>Aunque el t\u00e9rmino \u00abcatastr\u00f3fico\u00bb se utiliza de forma generalizada, en el contexto de <a href=\"https:\/\/cwilc.com\/es\/lugares\/condado-de-orange\/\">que la indemnizaci\u00f3n por accidente laboral<\/a>, se refiere a lesiones que provocan una discapacidad permanente que cambia la vida. Estos casos suelen cumplir los requisitos para la incapacidad total permanente (PTD), el nivel m\u00e1s alto de indemnizaci\u00f3n disponible.<br \/>Representamos a los trabajadores de OC que padecen:<\/p><ul><li><strong>Lesiones cerebrales traum\u00e1ticas (LCT):<\/strong> Discapacidades cognitivas o motoras causadas por ca\u00eddas o golpes con maquinaria pesada.<\/li><li><strong>Lesiones de la m\u00e9dula espinal:<\/strong> Paraplejia, tetraplejia o p\u00e9rdida permanente de sensibilidad y movilidad.<\/li><li><strong>Amputaciones:<\/strong> La p\u00e9rdida de miembros o extremidades que requiere cuidados prot\u00e9sicos y rehabilitaci\u00f3n de por vida.<\/li><li><strong>Lesiones por quemaduras graves:<\/strong> Quemaduras de tercer grado causadas por accidentes qu\u00edmicos, el\u00e9ctricos o t\u00e9rmicos que provocan desfiguraci\u00f3n y da\u00f1o nervioso.<\/li><li><strong>P\u00e9rdida de visi\u00f3n o <a href=\"https:\/\/cwilc.com\/orange-county-hearing-loss-work-injury-attorney\/\">audici\u00f3n:<\/a>:<\/strong> P\u00e9rdida sensorial permanente que impide el regreso al mercado laboral.<\/li><li><strong>Da\u00f1o multiorg\u00e1nico:<\/strong> Fallo sist\u00e9mico causado por lesiones por aplastamiento o exposici\u00f3n t\u00f3xica aguda.<\/li><\/ul>\t\t\t\t\t\t\t\t<\/div>\n\t\t\t\t<\/div>\n\t\t\t\t<div class=\"elementor-element elementor-element-cbabb5f elementor-widget elementor-widget-heading\" data-id=\"cbabb5f\" data-element_type=\"widget\" data-e-type=\"widget\" data-widget_type=\"heading.default\">\n\t\t\t\t<div class=\"elementor-widget-container\">\n\t\t\t\t\t<h2 class=\"elementor-heading-title elementor-size-default\">Conozca sus derechos: indemnizaci\u00f3n por las lesiones m\u00e1s graves<\/h2>\t\t\t\t<\/div>\n\t\t\t\t<\/div>\n\t\t\t\t<div class=\"elementor-element elementor-element-d62f051 elementor-widget elementor-widget-text-editor\" data-id=\"d62f051\" data-element_type=\"widget\" data-e-type=\"widget\" data-widget_type=\"text-editor.default\">\n\t\t\t\t<div class=\"elementor-widget-container\">\n\t\t\t\t\t\t\t\t\t<p>Si ha sufrido una lesi\u00f3n catastr\u00f3fica, los cheques est\u00e1ndar por \u00abincapacidad temporal\u00bb son solo el comienzo. Usted tiene derechos espec\u00edficos en virtud de los programas de prestaciones de California para 2026, que est\u00e1n dise\u00f1ados para proporcionar estabilidad a largo plazo:<\/p><ul><li><strong>Premios m\u00e9dicos vitalicios:<\/strong> Tiene derecho a una indemnizaci\u00f3n que cubra el 100 % de los gastos m\u00e9dicos relacionados con su lesi\u00f3n durante el resto de su vida, incluyendo la asistencia sanitaria a domicilio, el equipo especializado y futuras intervenciones quir\u00fargicas.<\/li><li><strong>Incapacidad total permanente (PTD):<\/strong> En caso de lesiones que den lugar a una discapacidad del 100 %, usted tiene derecho a una indemnizaci\u00f3n salarial semanal de por vida, ajustada anualmente seg\u00fan la inflaci\u00f3n.<\/li><li><strong>Modificaciones en el hogar y el veh\u00edculo:<\/strong> Sus prestaciones deben cubrir los gastos de adaptaci\u00f3n de su vivienda y su veh\u00edculo para garantizar que mantenga la mayor independencia posible.<\/li><li><strong>Prestaciones por fallecimiento para personas a cargo:<\/strong> En los casos en que una lesi\u00f3n laboral resulte finalmente mortal, los familiares supervivientes tienen derecho a los gastos del entierro y a una ayuda econ\u00f3mica continuada.<\/li><li><strong>Reclamaciones civiles de terceros:<\/strong> Si su lesi\u00f3n fue causada por un producto defectuoso o por la negligencia de un subcontratista, es posible que pueda presentar una demanda civil por da\u00f1os y perjuicios, adem\u00e1s de su reclamaci\u00f3n de indemnizaci\u00f3n laboral.<\/li><\/ul><p>\u00a0<\/p>\t\t\t\t\t\t\t\t<\/div>\n\t\t\t\t<\/div>\n\t\t\t\t<div class=\"elementor-element elementor-element-09206f5 elementor-widget elementor-widget-heading\" data-id=\"09206f5\" data-element_type=\"widget\" data-e-type=\"widget\" data-widget_type=\"heading.default\">\n\t\t\t\t<div class=\"elementor-widget-container\">\n\t\t\t\t\t<h2 class=\"elementor-heading-title elementor-size-default\">\u00bfPor qu\u00e9 elegir CWILC para una reclamaci\u00f3n por da\u00f1os catastr\u00f3ficos?<\/h2>\t\t\t\t<\/div>\n\t\t\t\t<\/div>\n\t\t\t\t<div class=\"elementor-element elementor-element-75849a9 elementor-widget elementor-widget-text-editor\" data-id=\"75849a9\" data-element_type=\"widget\" data-e-type=\"widget\" data-widget_type=\"text-editor.default\">\n\t\t\t\t<div class=\"elementor-widget-container\">\n\t\t\t\t\t\t\t\t\t<p>Las compa\u00f1\u00edas de seguros luchan contra las reclamaciones por cat\u00e1strofes con m\u00e1s fuerza que contra cualquier otra, ya que los costes a lo largo de la vida son muy elevados. Necesita una empresa que no se deje intimidar.<\/p><ul><li><strong>Experiencia de alto riesgo:<\/strong> Tenemos un historial probado de conseguir calificaciones de discapacidad del 100 % para nuestros clientes en el condado de Orange.<\/li><li><strong>Colaboraci\u00f3n con expertos:<\/strong> Trabajamos con planificadores de cuidados para toda la vida, expertos vocacionales y especialistas m\u00e9dicos de primer nivel para documentar todas sus necesidades futuras.<\/li><li><strong>Ventaja de jugar en casa:<\/strong> Somos habituales en los tribunales de compensaci\u00f3n laboral de <a href=\"https:\/\/cwilc.com\/es\/lugares\/santa-ana\/\">profesionales en Santa Ana<\/a> y <a href=\"https:\/\/cwilc.com\/es\/lugares\/anaheim\/\">Anaheim<\/a> , donde nos hemos ganado una reputaci\u00f3n por nuestra defensa incansable.<\/li><li><strong>Servicio personalizado y compasivo:<\/strong> Sabemos que las familias que se enfrentan a lesiones catastr\u00f3ficas est\u00e1n sometidas a un estr\u00e9s enorme. Nosotros nos encargamos de la batalla legal para que usted pueda centrarse en adaptarse a su nueva realidad.<\/li><\/ul><p>\u00a0<\/p>\t\t\t\t\t\t\t\t<\/div>\n\t\t\t\t<\/div>\n\t\t\t\t<div class=\"elementor-element elementor-element-75cbe4f elementor-widget elementor-widget-heading\" data-id=\"75cbe4f\" data-element_type=\"widget\" data-e-type=\"widget\" data-widget_type=\"heading.default\">\n\t\t\t\t<div class=\"elementor-widget-container\">\n\t\t\t\t\t<h2 class=\"elementor-heading-title elementor-size-default\">Preguntas frecuentes\n<\/h2>\t\t\t\t<\/div>\n\t\t\t\t<\/div>\n\t\t\t\t<div class=\"elementor-element elementor-element-2501bb7 elementor-widget elementor-widget-text-editor\" data-id=\"2501bb7\" data-element_type=\"widget\" data-e-type=\"widget\" data-widget_type=\"text-editor.default\">\n\t\t\t\t<div class=\"elementor-widget-container\">\n\t\t\t\t\t\t\t\t\t<p><strong>\u00bfQu\u00e9 es una calificaci\u00f3n de discapacidad permanente del 100 %?<\/strong><br \/>Una calificaci\u00f3n del 100 % significa que el estado reconoce que su lesi\u00f3n le ha impedido de forma completa y permanente competir en el mercado laboral abierto. Esto le da derecho a recibir pagos salariales de por vida.<\/p><p><strong>\u00bfPuedo elegir mi propio m\u00e9dico para una lesi\u00f3n catastr\u00f3fica?<\/strong><br \/>La legislaci\u00f3n de California establece normas espec\u00edficas sobre las \u00abredes de proveedores m\u00e9dicos\u00bb (MPN). Sin embargo, en casos graves, a menudo luchamos para garantizar que nuestros clientes acudan a especialistas que comprendan realmente la complejidad de su afecci\u00f3n, en lugar de limitarse a m\u00e9dicos \u00abafines a las aseguradoras\u00bb.<\/p><p><strong>\u00bfCu\u00e1nto tiempo lleva un caso de lesiones catastr\u00f3ficas?<\/strong><br \/>Debido a que estos casos implican prestaciones vitalicias, son complejos y pueden llevar m\u00e1s tiempo que las reclamaciones menores. Sin embargo, trabajamos para garantizar que sus prestaciones temporales y la atenci\u00f3n m\u00e9dica comiencen de inmediato, mientras preparamos el caso para su acuerdo a largo plazo.<\/p><p>\u00a0<\/p>\t\t\t\t\t\t\t\t<\/div>\n\t\t\t\t<\/div>\n\t\t\t\t<div class=\"elementor-element elementor-element-a37a73a elementor-widget elementor-widget-heading\" data-id=\"a37a73a\" data-element_type=\"widget\" data-e-type=\"widget\" data-widget_type=\"heading.default\">\n\t\t\t\t<div class=\"elementor-widget-container\">\n\t\t\t\t\t<h2 class=\"elementor-heading-title elementor-size-default\">P\u00f3ngase en contacto hoy mismo con un especialista en lesiones catastr\u00f3ficas del condado de Orange.<\/h2>\t\t\t\t<\/div>\n\t\t\t\t<\/div>\n\t\t\t\t<div class=\"elementor-element elementor-element-ec3c9d4 elementor-widget elementor-widget-text-editor\" data-id=\"ec3c9d4\" data-element_type=\"widget\" data-e-type=\"widget\" data-widget_type=\"text-editor.default\">\n\t\t\t\t<div class=\"elementor-widget-container\">\n\t\t\t\t\t\t\t\t\t<p>Cuando su futuro est\u00e1 en juego, necesita un bufete de abogados que comprenda la gravedad de su situaci\u00f3n. En CWILC, nos comprometemos a maximizar su recuperaci\u00f3n y proteger su dignidad.<\/p><p>Ll\u00e1menos hoy mismo al <a href=\"tel:(949) 767-4423\">(949) 767-4423<\/a> o rellene nuestro <a href=\"https:\/\/cwilc.com\/contact\/\">formulario en l\u00ednea<\/a> para obtener una consulta gratuita y sin compromiso. Si no puede desplazarse, acudiremos a su domicilio o a su habitaci\u00f3n del hospital.<\/p>\t\t\t\t\t\t\t\t<\/div>\n\t\t\t\t<\/div>\n\t\t\t\t\t<\/div>\n\t\t<\/div>\n\t\t\t\t\t<\/div>\n\t\t<\/section>\n\t\t\t\t<\/div>","protected":false},"excerpt":{"rendered":"<p>Orange County Catastrophic Work Injury Lawyer At CWILC, we specialize in representing workers who have sustained the most severe injuries imaginable. As dedicated Orange County catastrophic work injury lawyers, we understand that when the stakes are this high, there is no room for error. We provide the aggressive advocacy needed to ensure the insurance company [&hellip;]<\/p>\n","protected":false},"author":4,"featured_media":1538,"parent":1074,"menu_order":0,"comment_status":"closed","ping_status":"closed","template":"elementor_header_footer","meta":{"_seopress_robots_primary_cat":"","_seopress_titles_title":"Orange County Catastrophic Work Injury Lawyer","_seopress_titles_desc":"Suffered a life-altering work injury? Our Orange County catastrophic injury lawyers fight for lifetime benefits and maximum recovery. Free consultation.","_seopress_robots_index":"","footnotes":""},"class_list":["post-1537","page","type-page","status-publish","has-post-thumbnail","hentry"],"_links":{"self":[{"href":"https:\/\/cwilc.com\/es\/wp-json\/wp\/v2\/pages\/1537","targetHints":{"allow":["GET"]}}],"collection":[{"href":"https:\/\/cwilc.com\/es\/wp-json\/wp\/v2\/pages"}],"about":[{"href":"https:\/\/cwilc.com\/es\/wp-json\/wp\/v2\/types\/page"}],"author":[{"embeddable":true,"href":"https:\/\/cwilc.com\/es\/wp-json\/wp\/v2\/users\/4"}],"replies":[{"embeddable":true,"href":"https:\/\/cwilc.com\/es\/wp-json\/wp\/v2\/comments?post=1537"}],"version-history":[{"count":0,"href":"https:\/\/cwilc.com\/es\/wp-json\/wp\/v2\/pages\/1537\/revisions"}],"up":[{"embeddable":true,"href":"https:\/\/cwilc.com\/es\/wp-json\/wp\/v2\/pages\/1074"}],"wp:featuredmedia":[{"embeddable":true,"href":"https:\/\/cwilc.com\/es\/wp-json\/wp\/v2\/media\/1538"}],"wp:attachment":[{"href":"https:\/\/cwilc.com\/es\/wp-json\/wp\/v2\/media?parent=1537"}],"curies":[{"name":"wp","href":"https:\/\/api.w.org\/{rel}","templated":true}]}}