{"id":1536,"date":"2026-01-21T12:57:12","date_gmt":"2026-01-21T20:57:12","guid":{"rendered":"https:\/\/cwilc.com\/?page_id=1536"},"modified":"2026-01-22T13:30:12","modified_gmt":"2026-01-22T21:30:12","slug":"accidente-de-construccion","status":"publish","type":"page","link":"https:\/\/cwilc.com\/es\/lugares\/condado-de-orange\/accidente-de-construccion\/","title":{"rendered":"Abogado especializado en construcci\u00f3n del condado de Orange"},"content":{"rendered":"<div data-elementor-type=\"wp-page\" data-elementor-id=\"1536\" class=\"elementor elementor-1536\" data-elementor-post-type=\"page\">\n\t\t\t\t\t\t<section class=\"elementor-section elementor-top-section elementor-element elementor-element-dc2c1ce elementor-section-boxed elementor-section-height-default elementor-section-height-default\" data-id=\"dc2c1ce\" data-element_type=\"section\" data-e-type=\"section\" data-settings=\"{&quot;background_background&quot;:&quot;classic&quot;}\">\n\t\t\t\t\t\t\t<div class=\"elementor-background-overlay\"><\/div>\n\t\t\t\t\t\t\t<div class=\"elementor-container elementor-column-gap-default\">\n\t\t\t\t\t<div class=\"elementor-column elementor-col-100 elementor-top-column elementor-element elementor-element-fea2973\" data-id=\"fea2973\" data-element_type=\"column\" data-e-type=\"column\" data-settings=\"{&quot;background_background&quot;:&quot;classic&quot;}\">\n\t\t\t<div class=\"elementor-widget-wrap elementor-element-populated\">\n\t\t\t\t\t\t<div class=\"elementor-element elementor-element-0d21ea2 elementor-widget elementor-widget-heading\" data-id=\"0d21ea2\" data-element_type=\"widget\" data-e-type=\"widget\" data-widget_type=\"heading.default\">\n\t\t\t\t<div class=\"elementor-widget-container\">\n\t\t\t\t\t<h1 class=\"elementor-heading-title elementor-size-default\">Abogado especializado en construcci\u00f3n del condado de Orange<\/h1>\t\t\t\t<\/div>\n\t\t\t\t<\/div>\n\t\t\t\t\t<\/div>\n\t\t<\/div>\n\t\t\t\t\t<\/div>\n\t\t<\/section>\n\t\t\t\t<section class=\"elementor-section elementor-top-section elementor-element elementor-element-5750acd elementor-reverse-tablet elementor-reverse-mobile elementor-section-boxed elementor-section-height-default elementor-section-height-default\" data-id=\"5750acd\" data-element_type=\"section\" data-e-type=\"section\">\n\t\t\t\t\t\t<div class=\"elementor-container elementor-column-gap-default\">\n\t\t\t\t\t<div class=\"elementor-column elementor-col-100 elementor-top-column elementor-element elementor-element-9bf8f73\" data-id=\"9bf8f73\" data-element_type=\"column\" data-e-type=\"column\">\n\t\t\t<div class=\"elementor-widget-wrap elementor-element-populated\">\n\t\t\t\t\t\t<div class=\"elementor-element elementor-element-9f58324 elementor-widget elementor-widget-text-editor\" data-id=\"9f58324\" data-element_type=\"widget\" data-e-type=\"widget\" data-widget_type=\"text-editor.default\">\n\t\t\t\t<div class=\"elementor-widget-container\">\n\t\t\t\t\t\t\t\t\t<p>La construcci\u00f3n es la columna vertebral del crecimiento del sur de California, pero el ritmo acelerado de las obras en toda la regi\u00f3n a menudo tiene consecuencias devastadoras para los trabajadores. Cuando fallan los protocolos de seguridad o se producen aver\u00edas en los equipos, se necesita un abogado especializado en construcci\u00f3n del condado de Orange que comprenda las complejidades tanto de las leyes laborales estatales como de las normas industriales locales.<\/p><p>En el <a href=\"https:\/\/cwilc.com\/es\/\">California Work Injury Law Center<\/a>, representamos a trabajadores lesionados desde Anaheim hasta Irvine y en todas partes, proporcionando la defensa legal agresiva necesaria para garantizar la m\u00e1xima indemnizaci\u00f3n. Ya sea que se trate de una ca\u00edda catastr\u00f3fica, una falla en la maquinaria o negligencia del empleador, nuestro equipo se compromete a garantizar que usted obtenga la representaci\u00f3n y la indemnizaci\u00f3n que se merece.<\/p><p>\u00a0<\/p>\t\t\t\t\t\t\t\t<\/div>\n\t\t\t\t<\/div>\n\t\t\t\t<div class=\"elementor-element elementor-element-c3bd0f7 elementor-widget elementor-widget-heading\" data-id=\"c3bd0f7\" data-element_type=\"widget\" data-e-type=\"widget\" data-widget_type=\"heading.default\">\n\t\t\t\t<div class=\"elementor-widget-container\">\n\t\t\t\t\t<h2 class=\"elementor-heading-title elementor-size-default\">Comprender los riesgos de la construcci\u00f3n en el condado de Orange<\/h2>\t\t\t\t<\/div>\n\t\t\t\t<\/div>\n\t\t\t\t<div class=\"elementor-element elementor-element-ae2c1bf elementor-widget elementor-widget-text-editor\" data-id=\"ae2c1bf\" data-element_type=\"widget\" data-e-type=\"widget\" data-widget_type=\"text-editor.default\">\n\t\t\t\t<div class=\"elementor-widget-container\">\n\t\t\t\t\t\t\t\t\t<p>El condado de Orange se caracteriza por un ciclo continuo de renovaci\u00f3n urbana y expansi\u00f3n de infraestructuras. Desde los densos corredores residenciales de <a href=\"https:\/\/cwilc.com\/es\/lugares\/santa-ana\/\">profesionales en Santa Ana<\/a> y <a href=\"https:\/\/cwilc.com\/es\/lugares\/anaheim\/\">Anaheim<\/a> hasta los extensos centros industriales de Tustin y Orange, el crecimiento de la regi\u00f3n requiere obras complejas que conllevan riesgos elevados. A diferencia de los entornos de oficina est\u00e1ndar, estos lugares son paisajes din\u00e1micos en los que convergen maquinaria pesada, tareas en altura y m\u00faltiples subcontratistas, lo que crea un entorno de alto riesgo para todos los trabajadores.<\/p><p>Los riesgos en una obra del condado de Orange suelen verse agravados por los plazos agresivos de los proyectos y la gran densidad de nuestras comunidades costeras. Cuando los contratistas dan prioridad a la rapidez por encima de la seguridad en la obra, la probabilidad de que se produzca una lesi\u00f3n laboral devastadora aumenta considerablemente. Comprender estos riesgos es el primer paso para navegar por las complejas leyes laborales dise\u00f1adas para protegerle despu\u00e9s de un accidente.<\/p>\t\t\t\t\t\t\t\t<\/div>\n\t\t\t\t<\/div>\n\t\t\t\t<div class=\"elementor-element elementor-element-cbabb5f elementor-widget elementor-widget-heading\" data-id=\"cbabb5f\" data-element_type=\"widget\" data-e-type=\"widget\" data-widget_type=\"heading.default\">\n\t\t\t\t<div class=\"elementor-widget-container\">\n\t\t\t\t\t<h2 class=\"elementor-heading-title elementor-size-default\">Tipos comunes de accidentes en la construcci\u00f3n<\/h2>\t\t\t\t<\/div>\n\t\t\t\t<\/div>\n\t\t\t\t<div class=\"elementor-element elementor-element-d62f051 elementor-widget elementor-widget-text-editor\" data-id=\"d62f051\" data-element_type=\"widget\" data-e-type=\"widget\" data-widget_type=\"text-editor.default\">\n\t\t\t\t<div class=\"elementor-widget-container\">\n\t\t\t\t\t\t\t\t\t<p><span style=\"font-weight: 400;\">Aunque cada lugar de trabajo presenta sus propios retos, la mayor\u00eda de las lesiones y muertes que alteran la vida son causadas por lo que la OSHA identifica como los \u00abcuatro fatales\u00bb. Estos riesgos evitables representan m\u00e1s de la mitad de todas las muertes relacionadas con la construcci\u00f3n cada a\u00f1o, a menudo como resultado de no dar prioridad a la seguridad en el lugar de trabajo.\u00a0<\/span><\/p><p>\u00a0<\/p><ul><li style=\"font-weight: 400;\" aria-level=\"1\"><b>Ca\u00eddas desde alturas:<\/b><span style=\"font-weight: 400;\"> Como principal causa de mortalidad en la construcci\u00f3n, las ca\u00eddas desde tejados, escaleras y andamios siguen siendo una amenaza importante, especialmente en proyectos de varios pisos en Irvine y Santa Ana.<\/span><\/li><li style=\"font-weight: 400;\" aria-level=\"1\"><b>Accidentes por golpes:<\/b><span style=\"font-weight: 400;\"> Estos accidentes se producen cuando los trabajadores son golpeados por objetos que vuelan o caen, como herramientas que se caen desde pisos superiores o escombros pesados, as\u00ed como por veh\u00edculos o maquinaria en movimiento.<\/span><\/li><li style=\"font-weight: 400;\" aria-level=\"1\"><b>Electrocuciones:<\/b><span style=\"font-weight: 400;\"> La proximidad de los trabajadores al cableado expuesto, los conductores energizados o las l\u00edneas el\u00e9ctricas a\u00e9reas hace que los riesgos el\u00e9ctricos sean un peligro constante que requiere el cumplimiento estricto de los procedimientos de bloqueo y etiquetado.<\/span><\/li><li style=\"font-weight: 400;\" aria-level=\"1\"><b>Atrapado\/Entre:<\/b><span style=\"font-weight: 400;\"> Estos accidentes devastadores implican que los trabajadores queden aplastados o atrapados entre maquinaria pesada, estructuras que se derrumban o durante fallos en la excavaci\u00f3n de zanjas y excavaciones.<\/span><\/li><li style=\"font-weight: 400;\" aria-level=\"1\"><b>Fallos en maquinaria y equipos:<\/b><span> M\u00e1s all\u00e1 de las cuatro lesiones mortales, los fallos en gr\u00faas, carretillas elevadoras y herramientas el\u00e9ctricas suelen provocar laceraciones graves o amputaciones, lo que a menudo apunta a productos defectuosos o a un mantenimiento inadecuado.<\/span><\/li><\/ul><p>\u00a0<\/p>\t\t\t\t\t\t\t\t<\/div>\n\t\t\t\t<\/div>\n\t\t\t\t<div class=\"elementor-element elementor-element-09206f5 elementor-widget elementor-widget-heading\" data-id=\"09206f5\" data-element_type=\"widget\" data-e-type=\"widget\" data-widget_type=\"heading.default\">\n\t\t\t\t<div class=\"elementor-widget-container\">\n\t\t\t\t\t<h2 class=\"elementor-heading-title elementor-size-default\">\u00bfQui\u00e9n es responsable de un accidente de construcci\u00f3n en Orange County?<\/h2>\t\t\t\t<\/div>\n\t\t\t\t<\/div>\n\t\t\t\t<div class=\"elementor-element elementor-element-75849a9 elementor-widget elementor-widget-text-editor\" data-id=\"75849a9\" data-element_type=\"widget\" data-e-type=\"widget\" data-widget_type=\"text-editor.default\">\n\t\t\t\t<div class=\"elementor-widget-container\">\n\t\t\t\t\t\t\t\t\t<p>Si bien la <a href=\"https:\/\/cwilc.com\/es\/lugares\/condado-de-orange\/\">prestaciones de indemnizaci\u00f3n laboral<\/a> es un sistema \u00absin culpa\u00bb que proporciona una cobertura esencial para los gastos m\u00e9dicos y una parte de los salarios perdidos, a menudo no cubre la totalidad de los da\u00f1os, como el dolor, el sufrimiento y la angustia emocional. En muchos accidentes de construcci\u00f3n en el condado de Orange, el empleador no es la \u00fanica parte culpable. Seg\u00fan la legislaci\u00f3n de California, es posible que usted tenga derecho a presentar una reclamaci\u00f3n por responsabilidad civil contra otras entidades negligentes involucradas en el proyecto.<\/p><p>Dependiendo del accidente y las circunstancias, las partes responsables pueden incluir:<\/p><ul><li>Subcontratistas y propietarios negligentes<\/li><li>Fabricantes de equipos defectuosos<\/li><li>Contratistas externos que trabajan en el mismo sitio<\/li><li>Fabricantes de equipos con equipos defectuosos<\/li><\/ul>\t\t\t\t\t\t\t\t<\/div>\n\t\t\t\t<\/div>\n\t\t\t\t<div class=\"elementor-element elementor-element-75cbe4f elementor-widget elementor-widget-heading\" data-id=\"75cbe4f\" data-element_type=\"widget\" data-e-type=\"widget\" data-widget_type=\"heading.default\">\n\t\t\t\t<div class=\"elementor-widget-container\">\n\t\t\t\t\t<h2 class=\"elementor-heading-title elementor-size-default\">Comprender sus derechos como trabajador de la construcci\u00f3n lesionado en el condado de Orange<\/h2>\t\t\t\t<\/div>\n\t\t\t\t<\/div>\n\t\t\t\t<div class=\"elementor-element elementor-element-2501bb7 elementor-widget elementor-widget-text-editor\" data-id=\"2501bb7\" data-element_type=\"widget\" data-e-type=\"widget\" data-widget_type=\"text-editor.default\">\n\t\t\t\t<div class=\"elementor-widget-container\">\n\t\t\t\t\t\t\t\t\t<p>Las leyes laborales de California ofrecen algunas de las protecciones m\u00e1s s\u00f3lidas del pa\u00eds para los trabajadores de la construcci\u00f3n. Si ha sufrido una lesi\u00f3n en una obra en el condado de Orange, tiene derecho a recibir prestaciones espec\u00edficas, independientemente de qui\u00e9n haya sido el responsable del accidente. En California Work Injury Law Center, nos aseguramos de que las compa\u00f1\u00edas de seguros no pasen por alto ni subestimen los siguientes derechos:<\/p><ul><li>Tratamiento m\u00e9dico completo<\/li><li>Pagos por incapacidad temporal (TD)<\/li><li>Prestaciones por incapacidad permanente (PD)<\/li><li>Trabajo complementario<\/li><li>Prestaci\u00f3n por desplazamiento<\/li><li>Derecho a una reclamaci\u00f3n de \u00abterceros\u00bb<\/li><\/ul><p>\u00a0<\/p>\t\t\t\t\t\t\t\t<\/div>\n\t\t\t\t<\/div>\n\t\t\t\t<div class=\"elementor-element elementor-element-a37a73a elementor-widget elementor-widget-heading\" data-id=\"a37a73a\" data-element_type=\"widget\" data-e-type=\"widget\" data-widget_type=\"heading.default\">\n\t\t\t\t<div class=\"elementor-widget-container\">\n\t\t\t\t\t<h2 class=\"elementor-heading-title elementor-size-default\">Pasos a seguir despu\u00e9s de un accidente en el condado de Orange<\/h2>\t\t\t\t<\/div>\n\t\t\t\t<\/div>\n\t\t\t\t<div class=\"elementor-element elementor-element-ec3c9d4 elementor-widget elementor-widget-text-editor\" data-id=\"ec3c9d4\" data-element_type=\"widget\" data-e-type=\"widget\" data-widget_type=\"text-editor.default\">\n\t\t\t\t<div class=\"elementor-widget-container\">\n\t\t\t\t\t\t\t\t\t<ol><li><strong>Busque atenci\u00f3n m\u00e9dica:<\/strong> Documenta las lesiones inmediatamente en un centro de traumatolog\u00eda local.<\/li><li><strong>Denunciar el incidente:<\/strong> Debe notificarlo a su empleador en un plazo de 30 d\u00edas para proteger sus derechos.<\/li><li><strong>Documentar la escena:<\/strong> Tome fotos de los peligros y recopile la informaci\u00f3n de contacto de los testigos.<\/li><li><strong>Buscar representaci\u00f3n:<\/strong> Cuente con representaci\u00f3n legal antes de firmar acuerdos de seguros.<\/li><\/ol>\t\t\t\t\t\t\t\t<\/div>\n\t\t\t\t<\/div>\n\t\t\t\t<div class=\"elementor-element elementor-element-82acf6e elementor-widget elementor-widget-heading\" data-id=\"82acf6e\" data-element_type=\"widget\" data-e-type=\"widget\" data-widget_type=\"heading.default\">\n\t\t\t\t<div class=\"elementor-widget-container\">\n\t\t\t\t\t<h2 class=\"elementor-heading-title elementor-size-default\">\u00bfPor qu\u00e9 elegir CWILC?<\/h2>\t\t\t\t<\/div>\n\t\t\t\t<\/div>\n\t\t\t\t<div class=\"elementor-element elementor-element-ed58af7 elementor-widget elementor-widget-text-editor\" data-id=\"ed58af7\" data-element_type=\"widget\" data-e-type=\"widget\" data-widget_type=\"text-editor.default\">\n\t\t\t\t<div class=\"elementor-widget-container\">\n\t\t\t\t\t\t\t\t\t<p>Cuando elige CWILC, se asocia con un equipo que ha sido un referente en la comunidad legal del condado de Orange. Entendemos que un accidente de construcci\u00f3n no solo causa dolor f\u00edsico, sino que tambi\u00e9n genera una crisis financiera para toda su familia. Nuestra firma se basa en un compromiso \u00fanico e inquebrantable: luchamos exclusivamente por los empleados lesionados, nunca por las compa\u00f1\u00edas de seguros ni las grandes corporaciones.<\/p>\t\t\t\t\t\t\t\t<\/div>\n\t\t\t\t<\/div>\n\t\t\t\t<div class=\"elementor-element elementor-element-80241bb elementor-widget elementor-widget-heading\" data-id=\"80241bb\" data-element_type=\"widget\" data-e-type=\"widget\" data-widget_type=\"heading.default\">\n\t\t\t\t<div class=\"elementor-widget-container\">\n\t\t\t\t\t<h2 class=\"elementor-heading-title elementor-size-default\">Preguntas frecuentes<\/h2>\t\t\t\t<\/div>\n\t\t\t\t<\/div>\n\t\t\t\t<div class=\"elementor-element elementor-element-59a520d elementor-widget elementor-widget-text-editor\" data-id=\"59a520d\" data-element_type=\"widget\" data-e-type=\"widget\" data-widget_type=\"text-editor.default\">\n\t\t\t\t<div class=\"elementor-widget-container\">\n\t\t\t\t\t\t\t\t\t<p><strong>\u00bfCu\u00e1nto tiempo tengo para presentar una demanda por accidente de construcci\u00f3n en California?<\/strong><br \/>En California, el plazo de prescripci\u00f3n para las reclamaciones por lesiones personales es generalmente de dos a\u00f1os a partir de la fecha del accidente. Sin embargo, si presenta una reclamaci\u00f3n contra una entidad gubernamental, como una ciudad o un condado, por un accidente ocurrido en un proyecto p\u00fablico, normalmente solo dispone de seis meses para presentar una reclamaci\u00f3n administrativa formal.<\/p><p><strong>\u00bfQu\u00e9 pasa si mi empleador no tiene seguro de compensaci\u00f3n laboral?<\/strong><br \/>Si su empleador no tiene seguro de manera ilegal, usted a\u00fan tiene opciones legales para garantizar la atenci\u00f3n m\u00e9dica y los salarios perdidos. Puede presentar una reclamaci\u00f3n a trav\u00e9s del Fondo Fiduciario de Beneficios para Empleadores sin Seguro de California, que est\u00e1 dise\u00f1ado para pagar beneficios a los trabajadores lesionados cuando sus empleadores no les proporcionan cobertura.<\/p><p><strong>\u00bfNecesito un abogado si mi reclamaci\u00f3n es sencilla?<\/strong><br \/>S\u00ed, incluso las reclamaciones m\u00e1s sencillas pueden retrasarse, denegarse o convertirse en un problema prolongado y agotador. Contar con un abogado garantiza la protecci\u00f3n de sus derechos.<\/p><p><strong>\u00bfEs posible recibir prestaciones por trauma mental o emocional?<\/strong><br \/>S\u00ed, la legislaci\u00f3n de California reconoce que los accidentes laborales pueden provocar lesiones psicol\u00f3gicas importantes, como trastorno por estr\u00e9s postraum\u00e1tico o ansiedad grave. Es posible que tenga derecho a recibir prestaciones si puede aportar pruebas m\u00e9dicas de que su trabajo fue la causa principal de su trastorno de salud mental.<\/p>\t\t\t\t\t\t\t\t<\/div>\n\t\t\t\t<\/div>\n\t\t\t\t<div class=\"elementor-element elementor-element-28cfc1e elementor-widget elementor-widget-heading\" data-id=\"28cfc1e\" data-element_type=\"widget\" data-e-type=\"widget\" data-widget_type=\"heading.default\">\n\t\t\t\t<div class=\"elementor-widget-container\">\n\t\t\t\t\t<h2 class=\"elementor-heading-title elementor-size-default\">Hable hoy mismo con un abogado especializado en accidentes de construcci\u00f3n en el condado de Orange.<\/h2>\t\t\t\t<\/div>\n\t\t\t\t<\/div>\n\t\t\t\t<div class=\"elementor-element elementor-element-a8d7d45 elementor-widget elementor-widget-text-editor\" data-id=\"a8d7d45\" data-element_type=\"widget\" data-e-type=\"widget\" data-widget_type=\"text-editor.default\">\n\t\t\t\t<div class=\"elementor-widget-container\">\n\t\t\t\t\t\t\t\t\t<p>Si ha resultado lesionado en un accidente en una obra, no dude en buscar la ayuda y la indemnizaci\u00f3n que se merece. Contar con la orientaci\u00f3n de un abogado experto en accidentes de construcci\u00f3n le ayudar\u00e1 a construir un caso m\u00e1s s\u00f3lido y a eliminar cualquier duda sobre las reclamaciones o sus derechos legales.<\/p><p>Llame al <a href=\"tel:(949) 767-4423\">(949) 767-4423<\/a> o programe una consulta gratuita a trav\u00e9s de nuestro <a href=\"https:\/\/cwilc.com\/contact\/\">formulario en l\u00ednea<\/a>En CWILC, no pagar\u00e1 nada a menos que ganemos su caso.<\/p>\t\t\t\t\t\t\t\t<\/div>\n\t\t\t\t<\/div>\n\t\t\t\t\t<\/div>\n\t\t<\/div>\n\t\t\t\t\t<\/div>\n\t\t<\/section>\n\t\t\t\t<\/div>","protected":false},"excerpt":{"rendered":"<p>Orange County Construction Lawyer Construction is the backbone of Southern California\u2019s growth, but the fast-paced nature of job sites across the region often leads to devastating consequences for workers. When safety protocols fail or equipment malfunctions, you need a dedicated Orange County construction lawyer who understands the complexities of both state labor laws and local [&hellip;]<\/p>\n","protected":false},"author":4,"featured_media":1451,"parent":1074,"menu_order":0,"comment_status":"closed","ping_status":"closed","template":"elementor_header_footer","meta":{"_seopress_robots_primary_cat":"","_seopress_titles_title":"Orange County Construction Accident Lawyer: FREE Consultation","_seopress_titles_desc":"Have you been injured in a construction accident in Orange County CA? Speak to an expert construction accident lawyer to learn about potential compensation.","_seopress_robots_index":"","footnotes":""},"class_list":["post-1536","page","type-page","status-publish","has-post-thumbnail","hentry"],"_links":{"self":[{"href":"https:\/\/cwilc.com\/es\/wp-json\/wp\/v2\/pages\/1536","targetHints":{"allow":["GET"]}}],"collection":[{"href":"https:\/\/cwilc.com\/es\/wp-json\/wp\/v2\/pages"}],"about":[{"href":"https:\/\/cwilc.com\/es\/wp-json\/wp\/v2\/types\/page"}],"author":[{"embeddable":true,"href":"https:\/\/cwilc.com\/es\/wp-json\/wp\/v2\/users\/4"}],"replies":[{"embeddable":true,"href":"https:\/\/cwilc.com\/es\/wp-json\/wp\/v2\/comments?post=1536"}],"version-history":[{"count":0,"href":"https:\/\/cwilc.com\/es\/wp-json\/wp\/v2\/pages\/1536\/revisions"}],"up":[{"embeddable":true,"href":"https:\/\/cwilc.com\/es\/wp-json\/wp\/v2\/pages\/1074"}],"wp:featuredmedia":[{"embeddable":true,"href":"https:\/\/cwilc.com\/es\/wp-json\/wp\/v2\/media\/1451"}],"wp:attachment":[{"href":"https:\/\/cwilc.com\/es\/wp-json\/wp\/v2\/media?parent=1536"}],"curies":[{"name":"wp","href":"https:\/\/api.w.org\/{rel}","templated":true}]}}