{"id":1533,"date":"2026-01-21T10:19:50","date_gmt":"2026-01-21T18:19:50","guid":{"rendered":"https:\/\/cwilc.com\/?page_id=1533"},"modified":"2026-01-21T14:02:49","modified_gmt":"2026-01-21T22:02:49","slug":"enfermedad-profesional","status":"publish","type":"page","link":"https:\/\/cwilc.com\/es\/lugares\/condado-de-orange\/enfermedad-profesional\/","title":{"rendered":"Abogado especializado en enfermedades profesionales del condado de Orange"},"content":{"rendered":"<div data-elementor-type=\"wp-page\" data-elementor-id=\"1533\" class=\"elementor elementor-1533\" data-elementor-post-type=\"page\">\n\t\t\t\t\t\t<section class=\"elementor-section elementor-top-section elementor-element elementor-element-dc2c1ce elementor-section-boxed elementor-section-height-default elementor-section-height-default\" data-id=\"dc2c1ce\" data-element_type=\"section\" data-e-type=\"section\" data-settings=\"{&quot;background_background&quot;:&quot;classic&quot;}\">\n\t\t\t\t\t\t\t<div class=\"elementor-background-overlay\"><\/div>\n\t\t\t\t\t\t\t<div class=\"elementor-container elementor-column-gap-default\">\n\t\t\t\t\t<div class=\"elementor-column elementor-col-100 elementor-top-column elementor-element elementor-element-fea2973\" data-id=\"fea2973\" data-element_type=\"column\" data-e-type=\"column\" data-settings=\"{&quot;background_background&quot;:&quot;classic&quot;}\">\n\t\t\t<div class=\"elementor-widget-wrap elementor-element-populated\">\n\t\t\t\t\t\t<div class=\"elementor-element elementor-element-0d21ea2 elementor-widget elementor-widget-heading\" data-id=\"0d21ea2\" data-element_type=\"widget\" data-e-type=\"widget\" data-widget_type=\"heading.default\">\n\t\t\t\t<div class=\"elementor-widget-container\">\n\t\t\t\t\t<h1 class=\"elementor-heading-title elementor-size-default\">Abogado especializado en enfermedades profesionales del condado de Orange<\/h1>\t\t\t\t<\/div>\n\t\t\t\t<\/div>\n\t\t\t\t\t<\/div>\n\t\t<\/div>\n\t\t\t\t\t<\/div>\n\t\t<\/section>\n\t\t\t\t<section class=\"elementor-section elementor-top-section elementor-element elementor-element-5750acd elementor-reverse-tablet elementor-reverse-mobile elementor-section-boxed elementor-section-height-default elementor-section-height-default\" data-id=\"5750acd\" data-element_type=\"section\" data-e-type=\"section\">\n\t\t\t\t\t\t<div class=\"elementor-container elementor-column-gap-default\">\n\t\t\t\t\t<div class=\"elementor-column elementor-col-100 elementor-top-column elementor-element elementor-element-9bf8f73\" data-id=\"9bf8f73\" data-element_type=\"column\" data-e-type=\"column\">\n\t\t\t<div class=\"elementor-widget-wrap elementor-element-populated\">\n\t\t\t\t\t\t<div class=\"elementor-element elementor-element-9f58324 elementor-widget elementor-widget-text-editor\" data-id=\"9f58324\" data-element_type=\"widget\" data-e-type=\"widget\" data-widget_type=\"text-editor.default\">\n\t\t\t\t<div class=\"elementor-widget-container\">\n\t\t\t\t\t\t\t\t\t<p>\u00bfLucha contra una enfermedad cr\u00f3nica o un problema de salud a largo plazo causado por su lugar de trabajo? No deber\u00eda tener que luchar solo por sus prestaciones. En CWILC, nuestros abogados especializados en enfermedades profesionales del condado de Orange se dedican a ayudar a los trabajadores a navegar por las complejidades de las reclamaciones de indemnizaci\u00f3n laboral de California relacionadas con la exposici\u00f3n a sustancias t\u00f3xicas, problemas respiratorios y traumatismos repetitivos.<\/p><p>Desde los centros industriales de <a href=\"https:\/\/cwilc.com\/es\/lugares\/santa-ana\/\">profesionales en Santa Ana<\/a> hasta los corredores m\u00e9dicos de Irvine, brindamos la defensa agresiva necesaria para garantizar la atenci\u00f3n m\u00e9dica y los salarios perdidos a quienes padecen enfermedades relacionadas con el trabajo. Si su trabajo en el condado de Orange le caus\u00f3 una enfermedad, estamos aqu\u00ed para garantizar que las compa\u00f1\u00edas de seguros paguen lo que le deben.<\/p><p>\u00a0<\/p>\t\t\t\t\t\t\t\t<\/div>\n\t\t\t\t<\/div>\n\t\t\t\t<div class=\"elementor-element elementor-element-c3bd0f7 elementor-widget elementor-widget-heading\" data-id=\"c3bd0f7\" data-element_type=\"widget\" data-e-type=\"widget\" data-widget_type=\"heading.default\">\n\t\t\t\t<div class=\"elementor-widget-container\">\n\t\t\t\t\t<h2 class=\"elementor-heading-title elementor-size-default\">Enfermedades profesionales comunes en el condado de Orange<\/h2>\t\t\t\t<\/div>\n\t\t\t\t<\/div>\n\t\t\t\t<div class=\"elementor-element elementor-element-ae2c1bf elementor-widget elementor-widget-text-editor\" data-id=\"ae2c1bf\" data-element_type=\"widget\" data-e-type=\"widget\" data-widget_type=\"text-editor.default\">\n\t\t\t\t<div class=\"elementor-widget-container\">\n\t\t\t\t\t\t\t\t\t<p>Las enfermedades profesionales en el condado de Orange suelen desarrollarse de forma silenciosa, como resultado de la exposici\u00f3n prolongada a sustancias t\u00f3xicas, esfuerzo f\u00edsico o entornos peligrosos. Dado que estas afecciones no tienen una \u00abfecha de accidente\u00bb concreta, demostrar que est\u00e1n relacionadas con el trabajo requiere un profundo conocimiento de las complejas leyes de indemnizaci\u00f3n laboral de California.<\/p><p>Nuestro bufete representa con \u00e9xito a trabajadores de OC que padecen una amplia gama de enfermedades cr\u00f3nicas, entre las que se incluyen:<\/p><ul><li><strong>Afecciones respiratorias:<\/strong> Silicosis (frecuente en el corte de piedra), asma ocupacional y EPOC por exposici\u00f3n a sustancias qu\u00edmicas o polvo.<\/li><li><strong><a href=\"https:\/\/cwilc.com\/locations\/orange-county\/repetitive-motion-injury-attorney\/\">Lesiones por esfuerzo repetitivo<\/a>:<\/strong> Carpal tunnel syndrome and chronic joint pain from assembly line or office work.<\/li><li><strong>Exposici\u00f3n a sustancias t\u00f3xicas:<\/strong> Mesotelioma, asbestosis y envenenamiento por plomo causados por entornos industriales o de construcci\u00f3n.<\/li><li><strong>C\u00e1nceres ocupacionales:<\/strong> Leucemia o c\u00e1ncer de piel relacionados con el contacto prolongado con carcin\u00f3genos y disolventes.<\/li><li><strong><a href=\"https:\/\/cwilc.com\/orange-county-hearing-loss-work-injury-attorney\/\">audici\u00f3n:<\/a> y visi\u00f3n:<\/strong> Da\u00f1o permanente causado por maquinaria industrial de alto decibelio o exposici\u00f3n peligrosa a la luz.<\/li><li><strong>Enfermedades infecciosas:<\/strong> Enfermedades transmitidas por la sangre o por aerosoles contra\u00eddas en centros sanitarios y laboratorios del condado de Orange.<\/li><\/ul>\t\t\t\t\t\t\t\t<\/div>\n\t\t\t\t<\/div>\n\t\t\t\t<div class=\"elementor-element elementor-element-cbabb5f elementor-widget elementor-widget-heading\" data-id=\"cbabb5f\" data-element_type=\"widget\" data-e-type=\"widget\" data-widget_type=\"heading.default\">\n\t\t\t\t<div class=\"elementor-widget-container\">\n\t\t\t\t\t<h2 class=\"elementor-heading-title elementor-size-default\">C\u00f3mo presentar una reclamaci\u00f3n por enfermedad profesional en el condado de Orange<\/h2>\t\t\t\t<\/div>\n\t\t\t\t<\/div>\n\t\t\t\t<div class=\"elementor-element elementor-element-d62f051 elementor-widget elementor-widget-text-editor\" data-id=\"d62f051\" data-element_type=\"widget\" data-e-type=\"widget\" data-widget_type=\"text-editor.default\">\n\t\t\t\t<div class=\"elementor-widget-container\">\n\t\t\t\t\t\t\t\t\t<p>Para solicitar prestaciones en California es necesario cumplir estrictamente los plazos establecidos por el estado. En el condado de Orange, es probable que su reclamaci\u00f3n sea tramitada por las oficinas del distrito de <a href=\"https:\/\/cwilc.com\/es\/lugares\/anaheim\/\">Anaheim<\/a> o Santa Ana de la Divisi\u00f3n de Compensaci\u00f3n Laboral (DWC).<\/p><p>Siga estos cuatro pasos fundamentales para proteger sus derechos:<\/p><p><strong>1. Identifique la \u00abfecha de la lesi\u00f3n\u00bb.<\/strong><\/p><p>A diferencia de un resbal\u00f3n y ca\u00edda, una enfermedad ocupacional utiliza la norma del C\u00f3digo Laboral \u00a7 5412. Su \u00abfecha de lesi\u00f3n\u00bb es oficialmente el d\u00eda en que falt\u00f3 al trabajo por primera vez (o busc\u00f3 atenci\u00f3n m\u00e9dica) y se dio cuenta de que la afecci\u00f3n estaba relacionada con el trabajo. Utilice esta fecha como punto de partida para todos los tr\u00e1mites.<\/p><p><strong>2. Notifique formalmente a su empleador<\/strong><\/p><p>Tan pronto como reciba un diagn\u00f3stico o sospeche que su trabajo caus\u00f3 su enfermedad, notif\u00edquelo a su supervisor. Seg\u00fan la ley de California, por lo general, tiene <strong>30 d\u00edas<\/strong> desde la \u00abfecha de la lesi\u00f3n\u00bb (descubrimiento) para informarlo, o corre el riesgo de que se rechace su reclamaci\u00f3n.<\/p><p><strong>3. Complete y env\u00ede el formulario DWC-1.<\/strong><br \/>Tu empleador debe proporcionarte un formulario de reclamaci\u00f3n DWC-1 en el plazo de un d\u00eda h\u00e1bil desde la fecha de tu informe.<\/p><ul><li><strong>La secci\u00f3n \u00abEmpleado\u00bb:<\/strong> Sea espec\u00edfico sobre sus s\u00edntomas y las exposiciones en el lugar de trabajo (sustancias qu\u00edmicas, movimientos repetitivos, etc.) que los causaron.<\/li><li><strong>Presentaci\u00f3n:<\/strong> Env\u00ede el formulario por correo certificado o entr\u00e9guelo en persona. Su empleador tendr\u00e1 entonces un d\u00eda para autorizar hasta 10 000 d\u00f3lares en tratamiento m\u00e9dico mientras la compa\u00f1\u00eda de seguros investiga.<\/li><\/ul><p><strong>4. Presentar una solicitud de resoluci\u00f3n de reclamaci\u00f3n.<\/strong><br \/>Para proteger sus derechos a largo plazo, debe presentar una Solicitud de adjudicaci\u00f3n de reclamaci\u00f3n en la oficina local de la DWC del condado de Orange. Esto \u00ababre\u00bb su caso en el sistema judicial, lo cual es fundamental si la compa\u00f1\u00eda de seguros retrasa o deniega sus prestaciones.<\/p><p>\u00a0<\/p>\t\t\t\t\t\t\t\t<\/div>\n\t\t\t\t<\/div>\n\t\t\t\t<div class=\"elementor-element elementor-element-09206f5 elementor-widget elementor-widget-heading\" data-id=\"09206f5\" data-element_type=\"widget\" data-e-type=\"widget\" data-widget_type=\"heading.default\">\n\t\t\t\t<div class=\"elementor-widget-container\">\n\t\t\t\t\t<h2 class=\"elementor-heading-title elementor-size-default\">Enfermedades profesionales frente a enfermedades no profesionales: \u00bfcu\u00e1l es la diferencia?<\/h2>\t\t\t\t<\/div>\n\t\t\t\t<\/div>\n\t\t\t\t<div class=\"elementor-element elementor-element-75849a9 elementor-widget elementor-widget-text-editor\" data-id=\"75849a9\" data-element_type=\"widget\" data-e-type=\"widget\" data-widget_type=\"text-editor.default\">\n\t\t\t\t<div class=\"elementor-widget-container\">\n\t\t\t\t\t\t\t\t\t<p>In California, the primary difference between an &#8220;occupational&#8221; disease and a &#8220;non-occupational&#8221; one is causation. For a condition to be covered by workers&#8217; compensation, your job must be the &#8220;proximate cause&#8221; of the illness.<\/p><ul><li><strong>Enfermedad profesional:<\/strong> Una afecci\u00f3n causada espec\u00edficamente por la naturaleza de su trabajo o su entorno. Por ejemplo, un cantero de Santa Ana que desarrolla silicosis o un trabajador tecnol\u00f3gico de Irvine con s\u00edndrome del t\u00fanel carpiano.<\/li><li><strong>Enfermedad no profesional:<\/strong> Una \u00abenfermedad com\u00fan de la vida cotidiana\u00bb, como la gripe estacional o un resfriado. Aunque se haya contagiado de un compa\u00f1ero de trabajo, por lo general no est\u00e1 cubierta porque el p\u00fablico en general corre el mismo riesgo.<\/li><\/ul><p>\u00a0<\/p><p><strong>La excepci\u00f3n:<\/strong> Si su trabajo espec\u00edfico le expone a un riesgo significativamente mayor que el p\u00fablico en general (como una enfermera de urgencias expuesta a enfermedades infecciosas), una enfermedad que normalmente se considerar\u00eda \u00abno laboral\u00bb puede convertirse en una reclamaci\u00f3n v\u00e1lida de indemnizaci\u00f3n por accidente laboral.<\/p><p>\u00a0<\/p>\t\t\t\t\t\t\t\t<\/div>\n\t\t\t\t<\/div>\n\t\t\t\t<div class=\"elementor-element elementor-element-75cbe4f elementor-widget elementor-widget-heading\" data-id=\"75cbe4f\" data-element_type=\"widget\" data-e-type=\"widget\" data-widget_type=\"heading.default\">\n\t\t\t\t<div class=\"elementor-widget-container\">\n\t\t\t\t\t<h2 class=\"elementor-heading-title elementor-size-default\">\u00bfPor qu\u00e9 asociarse con CWILC para su enfermedad profesional?<\/h2>\t\t\t\t<\/div>\n\t\t\t\t<\/div>\n\t\t\t\t<div class=\"elementor-element elementor-element-2501bb7 elementor-widget elementor-widget-text-editor\" data-id=\"2501bb7\" data-element_type=\"widget\" data-e-type=\"widget\" data-widget_type=\"text-editor.default\">\n\t\t\t\t<div class=\"elementor-widget-container\">\n\t\t\t\t\t\t\t\t\t<p>Demostrar que una enfermedad cr\u00f3nica fue causada por su lugar de trabajo es mucho m\u00e1s complejo que una reclamaci\u00f3n por lesiones est\u00e1ndar. En CWILC, nos especializamos en los casos \u00abinvisibles\u00bb, afecciones que se desarrollan tras a\u00f1os de exposici\u00f3n a sustancias t\u00f3xicas, esfuerzos repetitivos o condiciones ambientales peligrosas. No nos limitamos a presentar documentos; construimos un puente m\u00e9dico y cient\u00edfico entre sus tareas laborales y su diagn\u00f3stico.<\/p><p>Nuestra firma est\u00e1 especialmente preparada para manejar los matices de las reclamaciones por enfermedades profesionales en el condado de Orange:<\/p><ul><li><strong>Los expertos en \u00abdescubrimientos\u00bb:<\/strong> Muchos trabajadores no saben que pueden presentar una reclamaci\u00f3n a\u00f1os despu\u00e9s de haber estado expuestos. Somos expertos en la \u00abregla de descubrimiento\u00bb de California y le ayudamos a obtener prestaciones incluso si los s\u00edntomas no aparecieron hasta mucho despu\u00e9s de haber dejado el trabajo.<\/li><li><strong>Representaci\u00f3n agresiva \u00absolo para trabajadores\u00bb:<\/strong> Hemos construido nuestra reputaci\u00f3n sobre una misi\u00f3n singular: proteger al empleado. Nunca representamos a compa\u00f1\u00edas de seguros, lo que significa que nuestras estrategias nunca se ven comprometidas por conflictos de intereses.<\/li><li><strong>Navegando por el sistema judicial de OC:<\/strong> Con profundas ra\u00edces en las oficinas del distrito de Santa Ana y Anaheim, sabemos exactamente c\u00f3mo ven los jueces locales las pruebas de enfermedades profesionales. Utilizamos este conocimiento local para conseguir los m\u00e1ximos acuerdos posibles.<\/li><\/ul><p>\u00a0<\/p>\t\t\t\t\t\t\t\t<\/div>\n\t\t\t\t<\/div>\n\t\t\t\t<div class=\"elementor-element elementor-element-a37a73a elementor-widget elementor-widget-heading\" data-id=\"a37a73a\" data-element_type=\"widget\" data-e-type=\"widget\" data-widget_type=\"heading.default\">\n\t\t\t\t<div class=\"elementor-widget-container\">\n\t\t\t\t\t<h2 class=\"elementor-heading-title elementor-size-default\">Preguntas frecuentes<\/h2>\t\t\t\t<\/div>\n\t\t\t\t<\/div>\n\t\t\t\t<div class=\"elementor-element elementor-element-ec3c9d4 elementor-widget elementor-widget-text-editor\" data-id=\"ec3c9d4\" data-element_type=\"widget\" data-e-type=\"widget\" data-widget_type=\"text-editor.default\">\n\t\t\t\t<div class=\"elementor-widget-container\">\n\t\t\t\t\t\t\t\t\t<p><strong>\u00bfCu\u00e1nto tiempo tengo para presentar una reclamaci\u00f3n por enfermedad profesional en California?<\/strong><br \/>En California, por lo general, se dispone de un a\u00f1o desde la fecha de la lesi\u00f3n para presentar una reclamaci\u00f3n. Sin embargo, en el caso de las enfermedades profesionales, la \u00abfecha de la lesi\u00f3n\u00bb se define seg\u00fan la regla del descubrimiento. Esto significa que el plazo de un a\u00f1o suele comenzar el d\u00eda en que se supo (o se deber\u00eda haber sabido) que la enfermedad estaba causada por el trabajo.<\/p><p><strong>\u00bfPuedo seguir recibiendo prestaciones si ya no trabajo para ese empleador?<\/strong><br \/>S\u00ed. Muchas enfermedades profesionales, como el mesotelioma o las lesiones por esfuerzo repetitivo, tienen largos per\u00edodos de latencia y pueden no mostrar s\u00edntomas hasta a\u00f1os despu\u00e9s de haber dejado un trabajo. Siempre que presente la solicitud dentro del plazo de prescripci\u00f3n tras su diagn\u00f3stico, podr\u00e1 seguir reclamando las prestaciones a la compa\u00f1\u00eda de seguros de su antiguo empleador.<\/p><p><strong>\u00bfQu\u00e9 pasa si la compa\u00f1\u00eda de seguros alega que mi enfermedad es \u00abpreexistente\u00bb?<\/strong><br \/>Esta es la defensa m\u00e1s com\u00fan utilizada en el condado de Orange. Pueden argumentar que su afecci\u00f3n se debe a la edad o a una afici\u00f3n anterior. Nosotros contrarrestamos esto obteniendo evaluaciones m\u00e9dicas especializadas que se\u00f1alan la \u00abcausa industrial\u00bb, demostrando que el entorno de su lugar de trabajo fue el factor principal en su diagn\u00f3stico.<\/p><p>\u00a0<\/p>\t\t\t\t\t\t\t\t<\/div>\n\t\t\t\t<\/div>\n\t\t\t\t<div class=\"elementor-element elementor-element-82acf6e elementor-widget elementor-widget-heading\" data-id=\"82acf6e\" data-element_type=\"widget\" data-e-type=\"widget\" data-widget_type=\"heading.default\">\n\t\t\t\t<div class=\"elementor-widget-container\">\n\t\t\t\t\t<h2 class=\"elementor-heading-title elementor-size-default\">Asegura tu futuro: obt\u00e9n una consulta gratuita.<\/h2>\t\t\t\t<\/div>\n\t\t\t\t<\/div>\n\t\t\t\t<div class=\"elementor-element elementor-element-ed58af7 elementor-widget elementor-widget-text-editor\" data-id=\"ed58af7\" data-element_type=\"widget\" data-e-type=\"widget\" data-widget_type=\"text-editor.default\">\n\t\t\t\t<div class=\"elementor-widget-container\">\n\t\t\t\t\t\t\t\t\t<p>Una enfermedad profesional no solo afecta a su salud, sino que tambi\u00e9n pone en peligro su sustento y la estabilidad financiera de su familia. En CWILC, ofrecemos la representaci\u00f3n legal especializada necesaria para navegar por las complejidades del sistema de indemnizaci\u00f3n laboral de California. Tanto si se enfrenta a una denegaci\u00f3n como si acaba de iniciar el proceso de reclamaci\u00f3n, nuestro equipo est\u00e1 listo para estar a su lado.<\/p><p>Llame al <a href=\"tel:(949) 767-4423\">(949) 767-4423<\/a> o rellene nuestro <a href=\"https:\/\/cwilc.com\/contact\/\">formulario en l\u00ednea<\/a> para programar su consulta gratuita y confidencial. D\u00e9jenos ocuparnos de la carga legal para que usted pueda centrarse en su recuperaci\u00f3n.<\/p>\t\t\t\t\t\t\t\t<\/div>\n\t\t\t\t<\/div>\n\t\t\t\t\t<\/div>\n\t\t<\/div>\n\t\t\t\t\t<\/div>\n\t\t<\/section>\n\t\t\t\t<\/div>","protected":false},"excerpt":{"rendered":"<p>Orange County Occupational Disease Attorney Struggling with a chronic illness or long-term health condition caused by your workplace? You shouldn\u2019t have to fight for your benefits alone. At CWILC, our dedicated Orange County occupational disease lawyers specialize in helping workers navigate the complexities of CA workers&#8217; comp claims involving toxic exposure, respiratory issues, and repetitive [&hellip;]<\/p>\n","protected":false},"author":4,"featured_media":1534,"parent":1074,"menu_order":0,"comment_status":"closed","ping_status":"closed","template":"elementor_header_footer","meta":{"_seopress_robots_primary_cat":"","_seopress_titles_title":"Occupational Disease Attorney in Orange County - Get Legal Help","_seopress_titles_desc":"Have you contracted an illness at work? Our Orange County occupational disease attorneys are ready to help with any questions or concerns you may have.","_seopress_robots_index":"","footnotes":""},"class_list":["post-1533","page","type-page","status-publish","has-post-thumbnail","hentry"],"_links":{"self":[{"href":"https:\/\/cwilc.com\/es\/wp-json\/wp\/v2\/pages\/1533","targetHints":{"allow":["GET"]}}],"collection":[{"href":"https:\/\/cwilc.com\/es\/wp-json\/wp\/v2\/pages"}],"about":[{"href":"https:\/\/cwilc.com\/es\/wp-json\/wp\/v2\/types\/page"}],"author":[{"embeddable":true,"href":"https:\/\/cwilc.com\/es\/wp-json\/wp\/v2\/users\/4"}],"replies":[{"embeddable":true,"href":"https:\/\/cwilc.com\/es\/wp-json\/wp\/v2\/comments?post=1533"}],"version-history":[{"count":0,"href":"https:\/\/cwilc.com\/es\/wp-json\/wp\/v2\/pages\/1533\/revisions"}],"up":[{"embeddable":true,"href":"https:\/\/cwilc.com\/es\/wp-json\/wp\/v2\/pages\/1074"}],"wp:featuredmedia":[{"embeddable":true,"href":"https:\/\/cwilc.com\/es\/wp-json\/wp\/v2\/media\/1534"}],"wp:attachment":[{"href":"https:\/\/cwilc.com\/es\/wp-json\/wp\/v2\/media?parent=1533"}],"curies":[{"name":"wp","href":"https:\/\/api.w.org\/{rel}","templated":true}]}}