{"id":1513,"date":"2025-11-10T09:12:02","date_gmt":"2025-11-10T17:12:02","guid":{"rendered":"https:\/\/cwilc.com\/?page_id=1513"},"modified":"2025-11-10T10:44:37","modified_gmt":"2025-11-10T18:44:37","slug":"exposicion-toxica","status":"publish","type":"page","link":"https:\/\/cwilc.com\/es\/lugares\/santa-ana\/exposicion-toxica\/","title":{"rendered":"Abogado especializado en exposici\u00f3n a sustancias t\u00f3xicas en el \u00e1mbito laboral en Santa Ana"},"content":{"rendered":"<div data-elementor-type=\"wp-page\" data-elementor-id=\"1513\" class=\"elementor elementor-1513\" data-elementor-post-type=\"page\">\n\t\t\t\t\t\t<section class=\"elementor-section elementor-top-section elementor-element elementor-element-dc2c1ce elementor-section-boxed elementor-section-height-default elementor-section-height-default\" data-id=\"dc2c1ce\" data-element_type=\"section\" data-e-type=\"section\" data-settings=\"{&quot;background_background&quot;:&quot;classic&quot;}\">\n\t\t\t\t\t\t\t<div class=\"elementor-background-overlay\"><\/div>\n\t\t\t\t\t\t\t<div class=\"elementor-container elementor-column-gap-default\">\n\t\t\t\t\t<div class=\"elementor-column elementor-col-100 elementor-top-column elementor-element elementor-element-fea2973\" data-id=\"fea2973\" data-element_type=\"column\" data-e-type=\"column\" data-settings=\"{&quot;background_background&quot;:&quot;classic&quot;}\">\n\t\t\t<div class=\"elementor-widget-wrap elementor-element-populated\">\n\t\t\t\t\t\t<div class=\"elementor-element elementor-element-0d21ea2 elementor-widget elementor-widget-heading\" data-id=\"0d21ea2\" data-element_type=\"widget\" data-e-type=\"widget\" data-widget_type=\"heading.default\">\n\t\t\t\t<div class=\"elementor-widget-container\">\n\t\t\t\t\t<h1 class=\"elementor-heading-title elementor-size-default\">Abogado especializado en exposici\u00f3n a sustancias t\u00f3xicas en el \u00e1mbito laboral en Santa Ana<\/h1>\t\t\t\t<\/div>\n\t\t\t\t<\/div>\n\t\t\t\t\t<\/div>\n\t\t<\/div>\n\t\t\t\t\t<\/div>\n\t\t<\/section>\n\t\t\t\t<section class=\"elementor-section elementor-top-section elementor-element elementor-element-5750acd elementor-reverse-tablet elementor-reverse-mobile elementor-section-boxed elementor-section-height-default elementor-section-height-default\" data-id=\"5750acd\" data-element_type=\"section\" data-e-type=\"section\">\n\t\t\t\t\t\t<div class=\"elementor-container elementor-column-gap-default\">\n\t\t\t\t\t<div class=\"elementor-column elementor-col-100 elementor-top-column elementor-element elementor-element-9bf8f73\" data-id=\"9bf8f73\" data-element_type=\"column\" data-e-type=\"column\">\n\t\t\t<div class=\"elementor-widget-wrap elementor-element-populated\">\n\t\t\t\t\t\t<div class=\"elementor-element elementor-element-9f58324 elementor-widget elementor-widget-text-editor\" data-id=\"9f58324\" data-element_type=\"widget\" data-e-type=\"widget\" data-widget_type=\"text-editor.default\">\n\t\t\t\t<div class=\"elementor-widget-container\">\n\t\t\t\t\t\t\t\t\t<p>La exposici\u00f3n a sustancias t\u00f3xicas en el lugar de trabajo puede tener consecuencias que cambian la vida. Si ha estado expuesto a sustancias nocivas en el trabajo, es importante que cuente con un abogado que sepa c\u00f3mo preparar una demanda s\u00f3lida y luchar por la atenci\u00f3n m\u00e9dica y la indemnizaci\u00f3n que se merece.<\/p>\n<p>En <a href=\"https:\/\/cwilc.com\/es\/\">California Work Injury Law Center<\/a>, nuestros <a href=\"https:\/\/cwilc.com\/es\/lugares\/santa-ana\/\">abogados especializados en indemnizaci\u00f3n laboral en Santa Ana<\/a> cuentan con d\u00e9cadas de experiencia ayudando a empleados lesionados a enfrentarse a las compa\u00f1\u00edas de seguros y a obtener las prestaciones que necesitan para recuperarse.<\/p>\t\t\t\t\t\t\t\t<\/div>\n\t\t\t\t<\/div>\n\t\t\t\t<div class=\"elementor-element elementor-element-c3bd0f7 elementor-widget elementor-widget-heading\" data-id=\"c3bd0f7\" data-element_type=\"widget\" data-e-type=\"widget\" data-widget_type=\"heading.default\">\n\t\t\t\t<div class=\"elementor-widget-container\">\n\t\t\t\t\t<h2 class=\"elementor-heading-title elementor-size-default\">C\u00f3mo afecta la exposici\u00f3n a sustancias t\u00f3xicas a los trabajadores<\/h2>\t\t\t\t<\/div>\n\t\t\t\t<\/div>\n\t\t\t\t<div class=\"elementor-element elementor-element-ae2c1bf elementor-widget elementor-widget-text-editor\" data-id=\"ae2c1bf\" data-element_type=\"widget\" data-e-type=\"widget\" data-widget_type=\"text-editor.default\">\n\t\t\t\t<div class=\"elementor-widget-container\">\n\t\t\t\t\t\t\t\t\t<p>La exposici\u00f3n en el lugar de trabajo a sustancias y materiales qu\u00edmicos peligrosos puede causar problemas de salud tanto inmediatos como a largo plazo. Sustancias como el amianto, los disolventes y los metales pesados suelen provocar:<\/p>\n<ul>\n<li>Enfermedades pulmonares y afecciones respiratorias cr\u00f3nicas<\/li>\n<li>Da\u00f1o neurol\u00f3gico<\/li>\n<li>C\u00e1nceres como el mesotelioma o la leucemia.<\/li>\n<li>Enfermedades graves que pueden no aparecer hasta meses, o incluso a\u00f1os, despu\u00e9s de la exposici\u00f3n.<\/li>\n<\/ul>\n<p>\u00a0<\/p>\n<p>Estas condiciones pueden ser devastadoras no solo para su salud, sino tambi\u00e9n para su sustento. Por eso es fundamental contar con un abogado con experiencia en exposici\u00f3n a sustancias t\u00f3xicas de su lado.<\/p>\t\t\t\t\t\t\t\t<\/div>\n\t\t\t\t<\/div>\n\t\t\t\t<div class=\"elementor-element elementor-element-cbabb5f elementor-widget elementor-widget-heading\" data-id=\"cbabb5f\" data-element_type=\"widget\" data-e-type=\"widget\" data-widget_type=\"heading.default\">\n\t\t\t\t<div class=\"elementor-widget-container\">\n\t\t\t\t\t<h2 class=\"elementor-heading-title elementor-size-default\">Hacer responsables a los empleadores<\/h2>\t\t\t\t<\/div>\n\t\t\t\t<\/div>\n\t\t\t\t<div class=\"elementor-element elementor-element-d62f051 elementor-widget elementor-widget-text-editor\" data-id=\"d62f051\" data-element_type=\"widget\" data-e-type=\"widget\" data-widget_type=\"text-editor.default\">\n\t\t\t\t<div class=\"elementor-widget-container\">\n\t\t\t\t\t\t\t\t\t<p>La exposici\u00f3n a sustancias t\u00f3xicas suele producirse porque los empleadores no cumplen las normas b\u00e1sicas de seguridad. Entre los ejemplos m\u00e1s comunes de negligencia se incluyen:<\/p>\n<ul>\n<li>No proporcionar equipo de protecci\u00f3n<\/li>\n<li>No formar a los empleados en el manejo de sustancias peligrosas.<\/li>\n<li>Ignorar las normas de seguridad estatales y federales.<\/li>\n<\/ul>\n<p>\u00a0<\/p>\n<p>Cuando se pasan por alto estas responsabilidades, son los trabajadores quienes pagan el precio. Nuestro equipo trabaja para descubrir estas deficiencias y hacer responsables a los empleadores y las aseguradoras.<\/p>\t\t\t\t\t\t\t\t<\/div>\n\t\t\t\t<\/div>\n\t\t\t\t<div class=\"elementor-element elementor-element-09206f5 elementor-widget elementor-widget-heading\" data-id=\"09206f5\" data-element_type=\"widget\" data-e-type=\"widget\" data-widget_type=\"heading.default\">\n\t\t\t\t<div class=\"elementor-widget-container\">\n\t\t\t\t\t<h2 class=\"elementor-heading-title elementor-size-default\">Sustancias t\u00f3xicas comunes en el lugar de trabajo<\/h2>\t\t\t\t<\/div>\n\t\t\t\t<\/div>\n\t\t\t\t<div class=\"elementor-element elementor-element-75849a9 elementor-widget elementor-widget-text-editor\" data-id=\"75849a9\" data-element_type=\"widget\" data-e-type=\"widget\" data-widget_type=\"text-editor.default\">\n\t\t\t\t<div class=\"elementor-widget-container\">\n\t\t\t\t\t\t\t\t\t<p>Algunos de los materiales peligrosos relacionados con las reclamaciones de indemnizaci\u00f3n laboral incluyen:<\/p>\n<ul>\n<li>Acetona<\/li>\n<li>Amon\u00edaco<\/li>\n<li>Ars\u00e9nico<\/li>\n<li>Amianto<\/li>\n<li>Benceno<\/li>\n<li>Cloroformo<\/li>\n<li>Formaldeh\u00eddo<\/li>\n<li>Plomo<\/li>\n<li>Mercurio<\/li>\n<li>N\u00edquel<\/li>\n<\/ul>\t\t\t\t\t\t\t\t<\/div>\n\t\t\t\t<\/div>\n\t\t\t\t<div class=\"elementor-element elementor-element-75cbe4f elementor-widget elementor-widget-heading\" data-id=\"75cbe4f\" data-element_type=\"widget\" data-e-type=\"widget\" data-widget_type=\"heading.default\">\n\t\t\t\t<div class=\"elementor-widget-container\">\n\t\t\t\t\t<h2 class=\"elementor-heading-title elementor-size-default\">Beneficios a los que puede tener derecho<\/h2>\t\t\t\t<\/div>\n\t\t\t\t<\/div>\n\t\t\t\t<div class=\"elementor-element elementor-element-2501bb7 elementor-widget elementor-widget-text-editor\" data-id=\"2501bb7\" data-element_type=\"widget\" data-e-type=\"widget\" data-widget_type=\"text-editor.default\">\n\t\t\t\t<div class=\"elementor-widget-container\">\n\t\t\t\t\t\t\t\t\t<p>Si su enfermedad o lesi\u00f3n est\u00e1 relacionada con la exposici\u00f3n en el lugar de trabajo, puede tener derecho a:<\/p>\n<ul>\n<li><strong>Beneficios m\u00e9dicos \u2013<\/strong> que cubre visitas al m\u00e9dico, hospitalizaciones, medicamentos y rehabilitaci\u00f3n.<\/li>\n<li><strong>Prestaciones por discapacidad \u2013<\/strong> indemnizaci\u00f3n por salarios perdidos si no puede volver al trabajo de forma temporal o permanente<\/li>\n<li><strong>Prestaciones por fallecimiento \u2013<\/strong> Ayuda econ\u00f3mica para los familiares a cargo cuando la exposici\u00f3n a sustancias t\u00f3xicas provoca una enfermedad mortal.<\/li>\n<\/ul>\n<p>\u00a0<\/p>\n<p>Aunque su reclamaci\u00f3n haya sido denegada, a\u00fan tiene opciones. Nuestros abogados apelan regularmente las denegaciones injustificadas y luchan contra las compa\u00f1\u00edas de seguros que intentan minimizar o desestimar las lesiones de los trabajadores.<\/p>\t\t\t\t\t\t\t\t<\/div>\n\t\t\t\t<\/div>\n\t\t\t\t<div class=\"elementor-element elementor-element-a37a73a elementor-widget elementor-widget-heading\" data-id=\"a37a73a\" data-element_type=\"widget\" data-e-type=\"widget\" data-widget_type=\"heading.default\">\n\t\t\t\t<div class=\"elementor-widget-container\">\n\t\t\t\t\t<h2 class=\"elementor-heading-title elementor-size-default\">\u00bfPor qu\u00e9 elegirnos?<\/h2>\t\t\t\t<\/div>\n\t\t\t\t<\/div>\n\t\t\t\t<div class=\"elementor-element elementor-element-ec3c9d4 elementor-widget elementor-widget-text-editor\" data-id=\"ec3c9d4\" data-element_type=\"widget\" data-e-type=\"widget\" data-widget_type=\"text-editor.default\">\n\t\t\t\t<div class=\"elementor-widget-container\">\n\t\t\t\t\t\t\t\t\t<p>Nuestro equipo de abogados expertos en indemnizaciones por exposici\u00f3n a sustancias t\u00f3xicas en Santa Ana ha ayudado a innumerables empleados que sufrieron lesiones o enfermedades en el trabajo. Nos encargamos de todo, desde la recopilaci\u00f3n de pruebas hasta las negociaciones con los ajustadores de seguros, para que usted pueda centrarse en su salud.<\/p><p>Si usted o un ser querido ha sufrido una exposici\u00f3n t\u00f3xica en el lugar de trabajo, ll\u00e1menos hoy mismo al <a href=\"tel:(714) 550-7002\">(714) 550-7002<\/a>Estamos listos para luchar por sus derechos y asegurarnos de que reciba la atenci\u00f3n y los beneficios que se merece.<\/p>\t\t\t\t\t\t\t\t<\/div>\n\t\t\t\t<\/div>\n\t\t\t\t\t<\/div>\n\t\t<\/div>\n\t\t\t\t\t<\/div>\n\t\t<\/section>\n\t\t\t\t<\/div>","protected":false},"excerpt":{"rendered":"<p>Santa Ana Workers\u2019 Compensation Toxic Exposure Lawyer Toxic exposure in the workplace can have life-changing consequences. If you\u2019ve been exposed to harmful substances on the job, it\u2019s important to work with an attorney who understands how to build a strong claim and fight for the medical care and compensation you deserve. At California Work Injury [&hellip;]<\/p>\n","protected":false},"author":4,"featured_media":1514,"parent":1063,"menu_order":0,"comment_status":"closed","ping_status":"closed","template":"elementor_header_footer","meta":{"_seopress_robots_primary_cat":"","_seopress_titles_title":"Santa Ana Workers\u2019 Compensation Toxic Exposure Lawyer | CWILC","_seopress_titles_desc":"Suffered toxic exposure at work? Our Santa Ana lawyers fight for your medical care, benefits, and justice. Get experienced legal help today.","_seopress_robots_index":"","footnotes":""},"class_list":["post-1513","page","type-page","status-publish","has-post-thumbnail","hentry"],"_links":{"self":[{"href":"https:\/\/cwilc.com\/es\/wp-json\/wp\/v2\/pages\/1513","targetHints":{"allow":["GET"]}}],"collection":[{"href":"https:\/\/cwilc.com\/es\/wp-json\/wp\/v2\/pages"}],"about":[{"href":"https:\/\/cwilc.com\/es\/wp-json\/wp\/v2\/types\/page"}],"author":[{"embeddable":true,"href":"https:\/\/cwilc.com\/es\/wp-json\/wp\/v2\/users\/4"}],"replies":[{"embeddable":true,"href":"https:\/\/cwilc.com\/es\/wp-json\/wp\/v2\/comments?post=1513"}],"version-history":[{"count":0,"href":"https:\/\/cwilc.com\/es\/wp-json\/wp\/v2\/pages\/1513\/revisions"}],"up":[{"embeddable":true,"href":"https:\/\/cwilc.com\/es\/wp-json\/wp\/v2\/pages\/1063"}],"wp:featuredmedia":[{"embeddable":true,"href":"https:\/\/cwilc.com\/es\/wp-json\/wp\/v2\/media\/1514"}],"wp:attachment":[{"href":"https:\/\/cwilc.com\/es\/wp-json\/wp\/v2\/media?parent=1513"}],"curies":[{"name":"wp","href":"https:\/\/api.w.org\/{rel}","templated":true}]}}