{"id":1510,"date":"2025-11-07T11:36:12","date_gmt":"2025-11-07T19:36:12","guid":{"rendered":"https:\/\/cwilc.com\/?page_id=1510"},"modified":"2025-11-07T13:59:26","modified_gmt":"2025-11-07T21:59:26","slug":"abogado-especializado-en-accidentes-de-grua","status":"publish","type":"page","link":"https:\/\/cwilc.com\/es\/lugares\/santa-ana\/abogado-especializado-en-accidentes-de-grua\/","title":{"rendered":"Abogado especializado en accidentes de gr\u00faas en Santa Ana"},"content":{"rendered":"<div data-elementor-type=\"wp-page\" data-elementor-id=\"1510\" class=\"elementor elementor-1510\" data-elementor-post-type=\"page\">\n\t\t\t\t\t\t<section class=\"elementor-section elementor-top-section elementor-element elementor-element-dc2c1ce elementor-section-boxed elementor-section-height-default elementor-section-height-default\" data-id=\"dc2c1ce\" data-element_type=\"section\" data-e-type=\"section\" data-settings=\"{&quot;background_background&quot;:&quot;classic&quot;}\">\n\t\t\t\t\t\t\t<div class=\"elementor-background-overlay\"><\/div>\n\t\t\t\t\t\t\t<div class=\"elementor-container elementor-column-gap-default\">\n\t\t\t\t\t<div class=\"elementor-column elementor-col-100 elementor-top-column elementor-element elementor-element-fea2973\" data-id=\"fea2973\" data-element_type=\"column\" data-e-type=\"column\" data-settings=\"{&quot;background_background&quot;:&quot;classic&quot;}\">\n\t\t\t<div class=\"elementor-widget-wrap elementor-element-populated\">\n\t\t\t\t\t\t<div class=\"elementor-element elementor-element-0d21ea2 elementor-widget elementor-widget-heading\" data-id=\"0d21ea2\" data-element_type=\"widget\" data-e-type=\"widget\" data-widget_type=\"heading.default\">\n\t\t\t\t<div class=\"elementor-widget-container\">\n\t\t\t\t\t<h1 class=\"elementor-heading-title elementor-size-default\">Abogado especializado en accidentes de gr\u00faas en Santa Ana<\/h1>\t\t\t\t<\/div>\n\t\t\t\t<\/div>\n\t\t\t\t\t<\/div>\n\t\t<\/div>\n\t\t\t\t\t<\/div>\n\t\t<\/section>\n\t\t\t\t<section class=\"elementor-section elementor-top-section elementor-element elementor-element-5750acd elementor-reverse-tablet elementor-reverse-mobile elementor-section-boxed elementor-section-height-default elementor-section-height-default\" data-id=\"5750acd\" data-element_type=\"section\" data-e-type=\"section\">\n\t\t\t\t\t\t<div class=\"elementor-container elementor-column-gap-default\">\n\t\t\t\t\t<div class=\"elementor-column elementor-col-100 elementor-top-column elementor-element elementor-element-9bf8f73\" data-id=\"9bf8f73\" data-element_type=\"column\" data-e-type=\"column\">\n\t\t\t<div class=\"elementor-widget-wrap elementor-element-populated\">\n\t\t\t\t\t\t<div class=\"elementor-element elementor-element-9f58324 elementor-widget elementor-widget-text-editor\" data-id=\"9f58324\" data-element_type=\"widget\" data-e-type=\"widget\" data-widget_type=\"text-editor.default\">\n\t\t\t\t<div class=\"elementor-widget-container\">\n\t\t\t\t\t\t\t\t\t<p>Los accidentes con gr\u00faas se encuentran entre los incidentes m\u00e1s devastadores en las obras de construcci\u00f3n. Estas enormes m\u00e1quinas requieren habilidad, precisi\u00f3n y estrictas medidas de seguridad para funcionar de forma segura. Cuando algo sale mal, las consecuencias pueden cambiar la vida. Si usted o un ser querido ha sufrido una lesi\u00f3n en un accidente con una gr\u00faa en Santa Ana o en cualquier lugar del condado de Orange, tiene derechos legales que deben protegerse.<\/p><p>En <a href=\"https:\/\/cwilc.com\/es\/\">California Workers Injury Law Center,<\/a>nuestros abogados con experiencia en accidentes de gr\u00faas en Santa Ana representan a trabajadores lesionados en todo California con compasi\u00f3n y determinaci\u00f3n. Dirigidos por la abogada Rae Sadeghian-Levin, sabemos c\u00f3mo enfrentarnos a las poderosas compa\u00f1\u00edas de seguros y a los empleadores que intentan minimizar o denegar reclamaciones leg\u00edtimas. Nuestra misi\u00f3n es sencilla: luchar por la indemnizaci\u00f3n completa que usted se merece para que pueda recuperarse f\u00edsica, emocional y econ\u00f3micamente.<\/p><p>Llame al <a href=\"tel:(949) 767-4423\">(949) 767-4423<\/a> para una consulta gratuita. No pagar\u00e1 nada a menos que ganemos su caso.<\/p>\t\t\t\t\t\t\t\t<\/div>\n\t\t\t\t<\/div>\n\t\t\t\t<div class=\"elementor-element elementor-element-c3bd0f7 elementor-widget elementor-widget-heading\" data-id=\"c3bd0f7\" data-element_type=\"widget\" data-e-type=\"widget\" data-widget_type=\"heading.default\">\n\t\t\t\t<div class=\"elementor-widget-container\">\n\t\t\t\t\t<h2 class=\"elementor-heading-title elementor-size-default\">Comprender las reclamaciones por accidentes con gr\u00faas en California<\/h2>\t\t\t\t<\/div>\n\t\t\t\t<\/div>\n\t\t\t\t<div class=\"elementor-element elementor-element-ae2c1bf elementor-widget elementor-widget-text-editor\" data-id=\"ae2c1bf\" data-element_type=\"widget\" data-e-type=\"widget\" data-widget_type=\"text-editor.default\">\n\t\t\t\t<div class=\"elementor-widget-container\">\n\t\t\t\t\t\t\t\t\t<p>Los accidentes con gr\u00faas suelen implicar factores complejos, como fallos en los equipos, negligencia y pr\u00e1cticas laborales inseguras. Dado que en las operaciones con gr\u00faas suelen intervenir m\u00faltiples partes, determinar la responsabilidad puede resultar complicado. Nuestro equipo le ayuda a gestionar cada paso del proceso de reclamaci\u00f3n, al tiempo que protege sus derechos como trabajador lesionado.<\/p><p>Las causas comunes de los accidentes con gr\u00faas incluyen:<\/p><ul><li>Mantenimiento o inspecciones inadecuadas del equipo.<\/li><li>Formaci\u00f3n inadecuada de los operadores<\/li><li>Defectos mec\u00e1nicos o fallos de piezas<\/li><li>Cargas que caen o materiales que se caen<\/li><li>Condiciones inseguras en el lugar de trabajo o falta de supervisi\u00f3n.<\/li><\/ul><p>\u00a0<\/p><p>Cuando nos ocupamos de su caso, investigamos cada detalle para descubrir la verdadera causa del accidente e identificar a todas las partes responsables.<\/p>\t\t\t\t\t\t\t\t<\/div>\n\t\t\t\t<\/div>\n\t\t\t\t<div class=\"elementor-element elementor-element-cbabb5f elementor-widget elementor-widget-heading\" data-id=\"cbabb5f\" data-element_type=\"widget\" data-e-type=\"widget\" data-widget_type=\"heading.default\">\n\t\t\t\t<div class=\"elementor-widget-container\">\n\t\t\t\t\t<h2 class=\"elementor-heading-title elementor-size-default\">\u00bfQui\u00e9n puede ser responsable de un accidente con una gr\u00faa?\n<\/h2>\t\t\t\t<\/div>\n\t\t\t\t<\/div>\n\t\t\t\t<div class=\"elementor-element elementor-element-d62f051 elementor-widget elementor-widget-text-editor\" data-id=\"d62f051\" data-element_type=\"widget\" data-e-type=\"widget\" data-widget_type=\"text-editor.default\">\n\t\t\t\t<div class=\"elementor-widget-container\">\n\t\t\t\t\t\t\t\t\t<p>La responsabilidad en los accidentes con gr\u00faas puede extenderse m\u00e1s all\u00e1 de su empleador directo. Dependiendo de las circunstancias del caso, varias partes pueden compartir la responsabilidad.<\/p><p>Estos pueden incluir:<\/p><ul><li>Contratistas generales o propietarios del sitio<\/li><li>Subcontratistas<\/li><li>Empresas de alquiler de equipos<\/li><li>Fabricantes o proveedores de servicios de mantenimiento<\/li><li>Inspectores o supervisores de seguridad<\/li><\/ul><p>\u00a0<\/p><p>En CWILC, investigamos a fondo para descubrir todas las posibles fuentes de recuperaci\u00f3n, ya sea a trav\u00e9s de la indemnizaci\u00f3n por accidente laboral o de reclamaciones adicionales a terceros. Nuestro objetivo es asegurarnos de que no se pase por alto ninguna oportunidad de indemnizaci\u00f3n.<\/p>\t\t\t\t\t\t\t\t<\/div>\n\t\t\t\t<\/div>\n\t\t\t\t<div class=\"elementor-element elementor-element-09206f5 elementor-widget elementor-widget-heading\" data-id=\"09206f5\" data-element_type=\"widget\" data-e-type=\"widget\" data-widget_type=\"heading.default\">\n\t\t\t\t<div class=\"elementor-widget-container\">\n\t\t\t\t\t<h2 class=\"elementor-heading-title elementor-size-default\">Lesiones comunes por accidentes con gr\u00faas<\/h2>\t\t\t\t<\/div>\n\t\t\t\t<\/div>\n\t\t\t\t<div class=\"elementor-element elementor-element-75849a9 elementor-widget elementor-widget-text-editor\" data-id=\"75849a9\" data-element_type=\"widget\" data-e-type=\"widget\" data-widget_type=\"text-editor.default\">\n\t\t\t\t<div class=\"elementor-widget-container\">\n\t\t\t\t\t\t\t\t\t<p>Los accidentes con gr\u00faas pueden causar da\u00f1os catastr\u00f3ficos que afectan a todos los aspectos de su vida. Nuestra firma ha representado a trabajadores que han sufrido algunas de las lesiones m\u00e1s graves que se puedan imaginar, entre ellas:<\/p><ul><li>Da\u00f1o en la m\u00e9dula espinal y par\u00e1lisis<\/li><li>Lesiones cerebrales traum\u00e1ticas (LCT)<\/li><li>Huesos rotos y fracturas complejas<\/li><li>Lesiones por aplastamiento y amputaciones<\/li><li>Quemaduras graves y lesiones internas.<\/li><\/ul><p>\u00a0<\/p><p>Sabemos que estas lesiones suelen requerir cuidados a largo plazo, m\u00faltiples cirug\u00edas y tiempo fuera del trabajo. Nuestro trabajo es asegurarnos de que reciba todas las prestaciones por su tratamiento m\u00e9dico, rehabilitaci\u00f3n y salarios perdidos.<\/p>\t\t\t\t\t\t\t\t<\/div>\n\t\t\t\t<\/div>\n\t\t\t\t<div class=\"elementor-element elementor-element-75cbe4f elementor-widget elementor-widget-heading\" data-id=\"75cbe4f\" data-element_type=\"widget\" data-e-type=\"widget\" data-widget_type=\"heading.default\">\n\t\t\t\t<div class=\"elementor-widget-container\">\n\t\t\t\t\t<h2 class=\"elementor-heading-title elementor-size-default\">Indemnizaci\u00f3n disponible para trabajadores lesionados<\/h2>\t\t\t\t<\/div>\n\t\t\t\t<\/div>\n\t\t\t\t<div class=\"elementor-element elementor-element-2501bb7 elementor-widget elementor-widget-text-editor\" data-id=\"2501bb7\" data-element_type=\"widget\" data-e-type=\"widget\" data-widget_type=\"text-editor.default\">\n\t\t\t\t<div class=\"elementor-widget-container\">\n\t\t\t\t\t\t\t\t\t<p>Si usted result\u00f3 lesionado en un accidente con una gr\u00faa, puede tener derecho a recibir prestaciones a trav\u00e9s del sistema de indemnizaci\u00f3n laboral de California. Dependiendo de las circunstancias, tambi\u00e9n podr\u00eda tener derecho a presentar una reclamaci\u00f3n contra terceros si la negligencia de otra empresa o persona contribuy\u00f3 a su lesi\u00f3n.<\/p><p>La compensaci\u00f3n puede incluir:<\/p><ul><li>Asistencia m\u00e9dica y gastos hospitalarios<\/li><li>Prestaciones por incapacidad temporal mientras te recuperas<\/li><li>Prestaciones por incapacidad permanente si su lesi\u00f3n provoca una discapacidad duradera.<\/li><li>Salarios perdidos y reducci\u00f3n de la capacidad de generar ingresos<\/li><li>Prestaciones por fallecimiento para los familiares supervivientes<\/li><li>Dolor, sufrimiento y angustia emocional (en casos de terceros)<\/li><\/ul><p>\u00a0<\/p><p>Nuestro equipo legal eval\u00faa su caso para determinar todas las v\u00edas disponibles para obtener una indemnizaci\u00f3n y lucha por conseguir la cantidad m\u00e1xima a la que tiene derecho seg\u00fan la legislaci\u00f3n de California.<\/p>\t\t\t\t\t\t\t\t<\/div>\n\t\t\t\t<\/div>\n\t\t\t\t<div class=\"elementor-element elementor-element-a37a73a elementor-widget elementor-widget-heading\" data-id=\"a37a73a\" data-element_type=\"widget\" data-e-type=\"widget\" data-widget_type=\"heading.default\">\n\t\t\t\t<div class=\"elementor-widget-container\">\n\t\t\t\t\t<h2 class=\"elementor-heading-title elementor-size-default\">\u00bfPor qu\u00e9 elegir California Workers Injury Law Center?<\/h2>\t\t\t\t<\/div>\n\t\t\t\t<\/div>\n\t\t\t\t<div class=\"elementor-element elementor-element-ec3c9d4 elementor-widget elementor-widget-text-editor\" data-id=\"ec3c9d4\" data-element_type=\"widget\" data-e-type=\"widget\" data-widget_type=\"text-editor.default\">\n\t\t\t\t<div class=\"elementor-widget-container\">\n\t\t\t\t\t\t\t\t\t<p>Cuando usted sufre un da\u00f1o y se enfrenta a la incertidumbre, elegir al abogado adecuado puede marcar la diferencia. En CWILC, combinamos nuestra experiencia jur\u00eddica con una atenci\u00f3n personalizada para ayudarle a superar este momento dif\u00edcil.<\/p><p>La abogada Rae Sadeghian-Levin tiene una trayectoria poco com\u00fan que la distingue del resto. Antes de fundar CWILC, represent\u00f3 a importantes compa\u00f1\u00edas de seguros en casos de indemnizaci\u00f3n por accidentes laborales. Esta perspectiva privilegiada le da una ventaja estrat\u00e9gica a la hora de negociar en nombre de los trabajadores lesionados. Sabe c\u00f3mo operan las aseguradoras, c\u00f3mo eval\u00faan las reclamaciones y qu\u00e9 se necesita para que paguen de manera justa.<\/p><p>Nuestra firma se basa en cuatro valores fundamentales: defensa, compasi\u00f3n, experiencia y resultados. Nos tomamos el tiempo necesario para comprender su situaci\u00f3n, comunicarnos con claridad y explorar todas las opciones para lograr el mejor resultado posible. Nunca lo trataremos como un caso m\u00e1s. Lo trataremos como a un miembro de nuestra familia.<\/p><p>Llame al <a href=\"tel:(949) 767-4423\">(949) 767-4423<\/a> para hablar directamente con un abogado con experiencia en accidentes de gr\u00faas en Santa Ana. Las consultas son siempre gratuitas y no tendr\u00e1 que pagar nada a menos que ganemos su caso.<\/p>\t\t\t\t\t\t\t\t<\/div>\n\t\t\t\t<\/div>\n\t\t\t\t<div class=\"elementor-element elementor-element-838bc32 elementor-widget elementor-widget-heading\" data-id=\"838bc32\" data-element_type=\"widget\" data-e-type=\"widget\" data-widget_type=\"heading.default\">\n\t\t\t\t<div class=\"elementor-widget-container\">\n\t\t\t\t\t<h2 class=\"elementor-heading-title elementor-size-default\">C\u00f3mo CWILC ayuda a los trabajadores lesionados en Santa Ana<\/h2>\t\t\t\t<\/div>\n\t\t\t\t<\/div>\n\t\t\t\t<div class=\"elementor-element elementor-element-816643d elementor-widget elementor-widget-text-editor\" data-id=\"816643d\" data-element_type=\"widget\" data-e-type=\"widget\" data-widget_type=\"text-editor.default\">\n\t\t\t\t<div class=\"elementor-widget-container\">\n\t\t\t\t\t\t\t\t\t<p>Nuestro bufete de abogados representa con orgullo a trabajadores de Santa Ana, Anaheim, el condado de Orange, Los \u00c1ngeles, Riverside y toda California. Nos encargamos de todas las etapas del proceso de indemnizaci\u00f3n laboral para que usted pueda centrarse en su recuperaci\u00f3n.<\/p><p>Nuestros servicios incluyen:<\/p><ul><li>Presentaci\u00f3n y gesti\u00f3n de reclamaciones de indemnizaci\u00f3n por accidentes laborales.<\/li><li>Reclamaciones denegadas o retrasadas<\/li><li>Coordinaci\u00f3n de la atenci\u00f3n m\u00e9dica y las autorizaciones de tratamiento<\/li><li>Interponer demandas por negligencia contra terceros<br \/>Representarle en audiencias y apelaciones.<\/li><\/ul><p>\u00a0<\/p><p>Desde la primera consulta hasta la resoluci\u00f3n final, estaremos a su lado. Siempre tendr\u00e1 comunicaci\u00f3n directa con nuestro equipo y orientaci\u00f3n honesta en cada paso del camino.<\/p>\t\t\t\t\t\t\t\t<\/div>\n\t\t\t\t<\/div>\n\t\t\t\t<div class=\"elementor-element elementor-element-7a33ed0 elementor-widget elementor-widget-heading\" data-id=\"7a33ed0\" data-element_type=\"widget\" data-e-type=\"widget\" data-widget_type=\"heading.default\">\n\t\t\t\t<div class=\"elementor-widget-container\">\n\t\t\t\t\t<h2 class=\"elementor-heading-title elementor-size-default\">Hable hoy mismo con un abogado especializado en accidentes con gr\u00faas en Santa Ana.<\/h2>\t\t\t\t<\/div>\n\t\t\t\t<\/div>\n\t\t\t\t<div class=\"elementor-element elementor-element-c99838f elementor-widget elementor-widget-text-editor\" data-id=\"c99838f\" data-element_type=\"widget\" data-e-type=\"widget\" data-widget_type=\"text-editor.default\">\n\t\t\t\t<div class=\"elementor-widget-container\">\n\t\t\t\t\t\t\t\t\t<p>Los accidentes con gr\u00faas requieren atenci\u00f3n inmediata. Es necesario preservar las pruebas, recabar las declaraciones de los testigos y presentar las reclamaciones r\u00e1pidamente para proteger sus derechos. Cuanto antes cuente con la ayuda de un abogado con experiencia, m\u00e1s s\u00f3lido ser\u00e1 su caso.<\/p><p>En California Workers Injury Law Center, estamos listos para luchar por usted. D\u00e9jenos encargarnos de la carga legal mientras usted se concentra en su recuperaci\u00f3n.<\/p><p><a href=\"https:\/\/cwilc.com\/contact\/\">Cont\u00e1ctenos hoy mismo<\/a> para programar su consulta gratuita con un abogado. Estamos orgullosos de prestar nuestros servicios a los trabajadores lesionados de Santa Ana y las comunidades circundantes.<\/p>\t\t\t\t\t\t\t\t<\/div>\n\t\t\t\t<\/div>\n\t\t\t\t\t<\/div>\n\t\t<\/div>\n\t\t\t\t\t<\/div>\n\t\t<\/section>\n\t\t\t\t<\/div>","protected":false},"excerpt":{"rendered":"<p>Santa Ana Crane Accident Attorney Crane accidents are among the most devastating incidents on construction sites. These massive machines require skill, precision, and strict safety measures to operate safely. When something goes wrong, the consequences can be life-changing. If you or a loved one suffered an injury in a crane accident in Santa Ana or [&hellip;]<\/p>\n","protected":false},"author":4,"featured_media":1511,"parent":1063,"menu_order":0,"comment_status":"closed","ping_status":"closed","template":"elementor_header_footer","meta":{"_seopress_robots_primary_cat":"","_seopress_titles_title":"Santa Ana Crane Accident Attorney | CWILC","_seopress_titles_desc":"Injured in a crane accident in Santa Ana? CWILC fights for injured workers to recover maximum benefits. Contact us for a free consultation today.","_seopress_robots_index":"","footnotes":""},"class_list":["post-1510","page","type-page","status-publish","has-post-thumbnail","hentry"],"_links":{"self":[{"href":"https:\/\/cwilc.com\/es\/wp-json\/wp\/v2\/pages\/1510","targetHints":{"allow":["GET"]}}],"collection":[{"href":"https:\/\/cwilc.com\/es\/wp-json\/wp\/v2\/pages"}],"about":[{"href":"https:\/\/cwilc.com\/es\/wp-json\/wp\/v2\/types\/page"}],"author":[{"embeddable":true,"href":"https:\/\/cwilc.com\/es\/wp-json\/wp\/v2\/users\/4"}],"replies":[{"embeddable":true,"href":"https:\/\/cwilc.com\/es\/wp-json\/wp\/v2\/comments?post=1510"}],"version-history":[{"count":0,"href":"https:\/\/cwilc.com\/es\/wp-json\/wp\/v2\/pages\/1510\/revisions"}],"up":[{"embeddable":true,"href":"https:\/\/cwilc.com\/es\/wp-json\/wp\/v2\/pages\/1063"}],"wp:featuredmedia":[{"embeddable":true,"href":"https:\/\/cwilc.com\/es\/wp-json\/wp\/v2\/media\/1511"}],"wp:attachment":[{"href":"https:\/\/cwilc.com\/es\/wp-json\/wp\/v2\/media?parent=1510"}],"curies":[{"name":"wp","href":"https:\/\/api.w.org\/{rel}","templated":true}]}}