{"id":1355,"date":"2023-12-14T07:16:06","date_gmt":"2023-12-14T15:16:06","guid":{"rendered":"https:\/\/cwilc.com\/?page_id=1355"},"modified":"2026-02-03T07:47:48","modified_gmt":"2026-02-03T15:47:48","slug":"perdida-auditiva-accidente-laboral","status":"publish","type":"page","link":"https:\/\/cwilc.com\/es\/lugares\/condado-de-orange\/perdida-auditiva-accidente-laboral\/","title":{"rendered":"Orange County Hearing Loss Work Injury Attorney"},"content":{"rendered":"<div data-elementor-type=\"wp-page\" data-elementor-id=\"1355\" class=\"elementor elementor-1355\" data-elementor-post-type=\"page\">\n\t\t\t\t\t\t<section class=\"elementor-section elementor-top-section elementor-element elementor-element-5c6d6b2 elementor-section-boxed elementor-section-height-default elementor-section-height-default\" data-id=\"5c6d6b2\" data-element_type=\"section\" data-e-type=\"section\">\n\t\t\t\t\t\t<div class=\"elementor-container elementor-column-gap-default\">\n\t\t\t\t\t<div class=\"elementor-column elementor-col-100 elementor-top-column elementor-element elementor-element-53d3e48\" data-id=\"53d3e48\" data-element_type=\"column\" data-e-type=\"column\">\n\t\t\t<div class=\"elementor-widget-wrap elementor-element-populated\">\n\t\t\t\t\t\t<div class=\"elementor-element elementor-element-72245fa elementor-widget elementor-widget-heading\" data-id=\"72245fa\" data-element_type=\"widget\" data-e-type=\"widget\" data-widget_type=\"heading.default\">\n\t\t\t\t<div class=\"elementor-widget-container\">\n\t\t\t\t\t<h1 class=\"elementor-heading-title elementor-size-default\"><br>Abogado especializado en lesiones laborales por <br>p\u00e9rdida auditiva en el condado de Orange<\/h1>\t\t\t\t<\/div>\n\t\t\t\t<\/div>\n\t\t\t\t\t<\/div>\n\t\t<\/div>\n\t\t\t\t\t<\/div>\n\t\t<\/section>\n\t\t\t\t<section class=\"elementor-section elementor-top-section elementor-element elementor-element-db5ca1a elementor-section-boxed elementor-section-height-default elementor-section-height-default\" data-id=\"db5ca1a\" data-element_type=\"section\" data-e-type=\"section\">\n\t\t\t\t\t\t<div class=\"elementor-container elementor-column-gap-default\">\n\t\t\t\t\t<div class=\"elementor-column elementor-col-100 elementor-top-column elementor-element elementor-element-39724cc\" data-id=\"39724cc\" data-element_type=\"column\" data-e-type=\"column\">\n\t\t\t<div class=\"elementor-widget-wrap elementor-element-populated\">\n\t\t\t\t\t\t<div class=\"elementor-element elementor-element-3c38f9e elementor-widget elementor-widget-heading\" data-id=\"3c38f9e\" data-element_type=\"widget\" data-e-type=\"widget\" data-widget_type=\"heading.default\">\n\t\t\t\t<div class=\"elementor-widget-container\">\n\t\t\t\t\t<h2 class=\"elementor-heading-title elementor-size-default\"><br><b>P\u00e9rdida auditiva por accidente laboral<\/b><\/h2>\t\t\t\t<\/div>\n\t\t\t\t<\/div>\n\t\t\t\t<div class=\"elementor-element elementor-element-6e5cba9 elementor-widget__width-initial elementor-widget elementor-widget-text-editor\" data-id=\"6e5cba9\" data-element_type=\"widget\" data-e-type=\"widget\" data-widget_type=\"text-editor.default\">\n\t\t\t\t<div class=\"elementor-widget-container\">\n\t\t\t\t\t\t\t\t\t<p>Sufrir una p\u00e9rdida auditiva debido a un accidente laboral puede ser un acontecimiento que cambie la vida. Puede deberse a diversos factores, como la exposici\u00f3n al ruido en el trabajo, la exposici\u00f3n a niveles elevados de decibelios, la exposici\u00f3n a sustancias qu\u00edmicas, la falta de protecci\u00f3n auditiva adecuada, lesiones traum\u00e1ticas y otros. Estos accidentes pueden tener efectos duraderos en la vida de una persona, afectando a su capacidad para trabajar y disfrutar de las actividades cotidianas.<\/p><p>Buscar representaci\u00f3n legal es fundamental para las personas que sufren lesiones laborales relacionadas con la p\u00e9rdida auditiva. Un abogado con experiencia puede ayudar a navegar por el complejo panorama legal, garantizando que las v\u00edctimas reciban una indemnizaci\u00f3n justa por sus lesiones y los gastos relacionados. En\u00a0<a href=\"https:\/\/cwilc.com\/es\/\" target=\"_blank\" rel=\"noopener\">CWILC<\/a>, nuestro equipo se dedica a ayudar a las personas del condado de Orange que han sufrido p\u00e9rdida auditiva debido a incidentes relacionados con el trabajo. Ofrecemos asistencia legal integral, guiando a los clientes a lo largo de todo el proceso para garantizar que obtengan la indemnizaci\u00f3n que merecen.<\/p>\t\t\t\t\t\t\t\t<\/div>\n\t\t\t\t<\/div>\n\t\t\t\t\t<\/div>\n\t\t<\/div>\n\t\t\t\t\t<\/div>\n\t\t<\/section>\n\t\t<div class=\"elementor-element elementor-element-5b800b0 e-flex e-con-boxed e-con e-parent\" data-id=\"5b800b0\" data-element_type=\"container\" data-e-type=\"container\">\n\t\t\t\t\t<div class=\"e-con-inner\">\n\t\t\t\t<div class=\"elementor-element elementor-element-32881d1 elementor-widget elementor-widget-heading\" data-id=\"32881d1\" data-element_type=\"widget\" data-e-type=\"widget\" data-widget_type=\"heading.default\">\n\t\t\t\t<div class=\"elementor-widget-container\">\n\t\t\t\t\t<h2 class=\"elementor-heading-title elementor-size-default\"><b>Causas de la p\u00e9rdida auditiva por accidente laboral<\/b><\/h2>\t\t\t\t<\/div>\n\t\t\t\t<\/div>\n\t\t\t\t<div class=\"elementor-element elementor-element-e996d68 elementor-widget elementor-widget-text-editor\" data-id=\"e996d68\" data-element_type=\"widget\" data-e-type=\"widget\" data-widget_type=\"text-editor.default\">\n\t\t\t\t<div class=\"elementor-widget-container\">\n\t\t\t\t\t\t\t\t\t<p>Comprender las causas de las lesiones laborales relacionadas con la p\u00e9rdida auditiva es esencial para construir un caso s\u00f3lido. Las causas m\u00e1s comunes incluyen:<\/p><ul><li><strong>Exposici\u00f3n al ruido en el trabajo:<\/strong> Exposici\u00f3n prolongada a ruidos fuertes en el lugar de trabajo.<\/li><li><strong>Ruidos a altos niveles de decibelios:<\/strong> Exposici\u00f3n a sonidos que superan los niveles de decibelios seguros.<\/li><li><strong>Exposici\u00f3n a sustancias qu\u00edmicas:<\/strong> Contacto con productos qu\u00edmicos peligrosos que afectan a la audici\u00f3n.<\/li><li><strong>Falta de protecci\u00f3n auditiva adecuada:<\/strong> Ausencia o uso insuficiente del equipo de protecci\u00f3n.<\/li><li><b>Lesiones traum\u00e1ticas: <\/b>Accidentes que causan da\u00f1os f\u00edsicos en los o\u00eddos.<\/li><\/ul>\t\t\t\t\t\t\t\t<\/div>\n\t\t\t\t<\/div>\n\t\t\t\t\t<\/div>\n\t\t\t\t<\/div>\n\t\t<div class=\"elementor-element elementor-element-00e3787 e-flex e-con-boxed e-con e-parent\" data-id=\"00e3787\" data-element_type=\"container\" data-e-type=\"container\">\n\t\t\t\t\t<div class=\"e-con-inner\">\n\t\t\t\t<div class=\"elementor-element elementor-element-4977533 elementor-widget elementor-widget-heading\" data-id=\"4977533\" data-element_type=\"widget\" data-e-type=\"widget\" data-widget_type=\"heading.default\">\n\t\t\t\t<div class=\"elementor-widget-container\">\n\t\t\t\t\t<h2 class=\"elementor-heading-title elementor-size-default\"><b>De qu\u00e9 deben ser responsables los empleadores  <\/b><\/h2>\t\t\t\t<\/div>\n\t\t\t\t<\/div>\n\t\t\t\t<div class=\"elementor-element elementor-element-1aa272a elementor-widget elementor-widget-text-editor\" data-id=\"1aa272a\" data-element_type=\"widget\" data-e-type=\"widget\" data-widget_type=\"text-editor.default\">\n\t\t\t\t<div class=\"elementor-widget-container\">\n\t\t\t\t\t\t\t\t\t<p>Los empleadores tienen la responsabilidad de crear un entorno de trabajo seguro y proteger a los empleados contra la p\u00e9rdida auditiva. Esto incluye:<\/p><ul><li><strong>Suministro de equipos de protecci\u00f3n:<\/strong> Proporcionar protecci\u00f3n auditiva adecuada a los empleados.<\/li><li><strong>Pruebas auditivas peri\u00f3dicas:<\/strong> Implementaci\u00f3n de pruebas auditivas rutinarias para supervisar la salud auditiva de los empleados.<\/li><li><strong>Cumplimiento de la normativa:<\/strong> Cumplimiento de las normas y directrices de seguridad.<\/li><\/ul>\t\t\t\t\t\t\t\t<\/div>\n\t\t\t\t<\/div>\n\t\t\t\t\t<\/div>\n\t\t\t\t<\/div>\n\t\t<div class=\"elementor-element elementor-element-536fd76 e-flex e-con-boxed e-con e-parent\" data-id=\"536fd76\" data-element_type=\"container\" data-e-type=\"container\">\n\t\t\t\t\t<div class=\"e-con-inner\">\n\t\t\t\t<div class=\"elementor-element elementor-element-501de73 elementor-widget elementor-widget-spacer\" data-id=\"501de73\" data-element_type=\"widget\" data-e-type=\"widget\" data-widget_type=\"spacer.default\">\n\t\t\t\t<div class=\"elementor-widget-container\">\n\t\t\t\t\t\t\t<div class=\"elementor-spacer\">\n\t\t\t<div class=\"elementor-spacer-inner\"><\/div>\n\t\t<\/div>\n\t\t\t\t\t\t<\/div>\n\t\t\t\t<\/div>\n\t\t\t\t<div class=\"elementor-element elementor-element-6d90bb8 elementor-widget elementor-widget-heading\" data-id=\"6d90bb8\" data-element_type=\"widget\" data-e-type=\"widget\" data-widget_type=\"heading.default\">\n\t\t\t\t<div class=\"elementor-widget-container\">\n\t\t\t\t\t<h2 class=\"elementor-heading-title elementor-size-default\"><b>Recursos legales<\/b><\/h2>\t\t\t\t<\/div>\n\t\t\t\t<\/div>\n\t\t\t\t<div class=\"elementor-element elementor-element-e2916bb elementor-widget elementor-widget-text-editor\" data-id=\"e2916bb\" data-element_type=\"widget\" data-e-type=\"widget\" data-widget_type=\"text-editor.default\">\n\t\t\t\t<div class=\"elementor-widget-container\">\n\t\t\t\t\t\t\t\t\t<p>Cuando se enfrentan a lesiones laborales por p\u00e9rdida auditiva, las personas disponen de recursos legales, entre los que se incluyen:<\/p><ul><li><strong>Indemnizaci\u00f3n por accidente laboral:<\/strong>\u00a0<a href=\"https:\/\/cwilc.com\/es\/compensacion-de-trabajadores\/\" target=\"_blank\" rel=\"noopener\">Indemnizaci\u00f3n<\/a>\u00a0por gastos m\u00e9dicos, rehabilitaci\u00f3n y salarios perdidos.<\/li><li><strong>Demandas judiciales:<\/strong> Emprender acciones legales contra las partes responsables por da\u00f1os adicionales.<\/li><li><strong>Prestaciones por discapacidad de la Seguridad Social:<\/strong> Solicitud de prestaciones por discapacidad por p\u00e9rdida auditiva permanente o de larga duraci\u00f3n.<\/li><\/ul>\t\t\t\t\t\t\t\t<\/div>\n\t\t\t\t<\/div>\n\t\t\t\t\t<\/div>\n\t\t\t\t<\/div>\n\t\t<div class=\"elementor-element elementor-element-858d4c4 e-flex e-con-boxed e-con e-parent\" data-id=\"858d4c4\" data-element_type=\"container\" data-e-type=\"container\">\n\t\t\t\t\t<div class=\"e-con-inner\">\n\t\t\t\t<div class=\"elementor-element elementor-element-895cc16 elementor-widget elementor-widget-heading\" data-id=\"895cc16\" data-element_type=\"widget\" data-e-type=\"widget\" data-widget_type=\"heading.default\">\n\t\t\t\t<div class=\"elementor-widget-container\">\n\t\t\t\t\t<h2 class=\"elementor-heading-title elementor-size-default\"><b>Contratar a un abogado especializado en lesiones laborales por p\u00e9rdida auditiva en el condado de Orange <\/b><\/h2>\t\t\t\t<\/div>\n\t\t\t\t<\/div>\n\t\t\t\t<div class=\"elementor-element elementor-element-c349a59 elementor-widget elementor-widget-text-editor\" data-id=\"c349a59\" data-element_type=\"widget\" data-e-type=\"widget\" data-widget_type=\"text-editor.default\">\n\t\t\t\t<div class=\"elementor-widget-container\">\n\t\t\t\t\t\t\t\t\t<p>Elegir un abogado con experiencia en lesiones laborales por p\u00e9rdida auditiva ofrece varias ventajas claras. En primer lugar, nuestros profundos conocimientos nos permiten comprender las complejidades de los casos de p\u00e9rdida auditiva. Esta experiencia es muy valiosa a la hora de navegar por las complejidades de las leyes y normativas pertinentes, lo que garantiza que los clientes reciban el mejor asesoramiento jur\u00eddico posible adaptado a su situaci\u00f3n espec\u00edfica. Adem\u00e1s, un abogado con experiencia como CWILC aporta s\u00f3lidas habilidades de negociaci\u00f3n, lo que permite una interacci\u00f3n eficaz con las compa\u00f1\u00edas de seguros. Esta capacidad es crucial para garantizar acuerdos justos que compensen adecuadamente a las v\u00edctimas por sus lesiones y p\u00e9rdidas relacionadas.<\/p><p><a style=\"font-family: var( --e-global-typography-text-font-family ), Sans-serif; font-size: var( --e-global-typography-text-font-size ); font-weight: var( --e-global-typography-text-font-weight ); text-align: var(--text-align); background-color: #ffffff;\" href=\"https:\/\/cwilc.com\/es\/perfil-de-abogado\/\" target=\"_blank\" rel=\"noopener\">Nuestros abogados del California Work Injury Law Center<\/a>\u00a0van m\u00e1s all\u00e1, ofreciendo un apoyo integral durante todo el proceso legal. Adem\u00e1s de comprender los matices de los casos de p\u00e9rdida auditiva y negociar con las entidades aseguradoras, contribuimos activamente a construir un caso s\u00f3lido. Esto implica investigar el incidente en detalle, examinando minuciosamente las circunstancias que rodean la p\u00e9rdida auditiva. Al mismo tiempo, damos prioridad a la recopilaci\u00f3n de pruebas relevantes, asegur\u00e1ndonos de que los casos de nuestros clientes se vean reforzados por informaci\u00f3n convincente y fundamentada. Si no se puede llegar a una resoluci\u00f3n fuera de las negociaciones, nuestro equipo legal est\u00e1 bien preparado para representar a los clientes en los tribunales, presentando un caso convincente y bien preparado para buscar la justicia y la compensaci\u00f3n que se merecen.<\/p>\t\t\t\t\t\t\t\t<\/div>\n\t\t\t\t<\/div>\n\t\t\t\t\t<\/div>\n\t\t\t\t<\/div>\n\t\t<div class=\"elementor-element elementor-element-60d5dbc e-flex e-con-boxed e-con e-parent\" data-id=\"60d5dbc\" data-element_type=\"container\" data-e-type=\"container\">\n\t\t\t\t\t<div class=\"e-con-inner\">\n\t\t\t\t<div class=\"elementor-element elementor-element-7f268ac elementor-widget elementor-widget-heading\" data-id=\"7f268ac\" data-element_type=\"widget\" data-e-type=\"widget\" data-widget_type=\"heading.default\">\n\t\t\t\t<div class=\"elementor-widget-container\">\n\t\t\t\t\t<h2 class=\"elementor-heading-title elementor-size-default\"><b>P\u00f3ngase en contacto con los abogados especializados en lesiones laborales por p\u00e9rdida auditiva del condado de Orange en CWILC.<\/b><\/h2>\t\t\t\t<\/div>\n\t\t\t\t<\/div>\n\t\t\t\t<div class=\"elementor-element elementor-element-ea8dafe elementor-widget elementor-widget-text-editor\" data-id=\"ea8dafe\" data-element_type=\"widget\" data-e-type=\"widget\" data-widget_type=\"text-editor.default\">\n\t\t\t\t<div class=\"elementor-widget-container\">\n\t\t\t\t\t\t\t\t\t<p>Si usted o un ser querido ha sufrido una lesi\u00f3n laboral por p\u00e9rdida auditiva en el condado de Orange,\u00a0<a href=\"https:\/\/cwilc.com\/contact\/\" target=\"_blank\" rel=\"noopener\">p\u00f3ngase en contacto con el equipo legal especializado<\/a>\u00a0de California Work Injury Law Center. Nos comprometemos a ayudarle a navegar por el proceso legal y a conseguir la indemnizaci\u00f3n que se merece. Concierte una consulta hoy mismo.<\/p>\t\t\t\t\t\t\t\t<\/div>\n\t\t\t\t<\/div>\n\t\t\t\t<div class=\"elementor-element elementor-element-55ab0b6 elementor-widget elementor-widget-spacer\" data-id=\"55ab0b6\" data-element_type=\"widget\" data-e-type=\"widget\" data-widget_type=\"spacer.default\">\n\t\t\t\t<div class=\"elementor-widget-container\">\n\t\t\t\t\t\t\t<div class=\"elementor-spacer\">\n\t\t\t<div class=\"elementor-spacer-inner\"><\/div>\n\t\t<\/div>\n\t\t\t\t\t\t<\/div>\n\t\t\t\t<\/div>\n\t\t\t\t\t<\/div>\n\t\t\t\t<\/div>\n\t\t\t\t<\/div>","protected":false},"excerpt":{"rendered":"<p>Orange County Hearing Loss Work Injury Attorney Hearing Loss Work Injury Experiencing hearing loss due to a work-related incident can be a life-altering event. They can result from various factors, including occupational noise exposure, exposure to high decibel levels, chemical exposure, lack of adequate ear protection, traumatic injuries, and more. These incidents can have lasting [&hellip;]<\/p>\n","protected":false},"author":4,"featured_media":0,"parent":1074,"menu_order":0,"comment_status":"closed","ping_status":"closed","template":"","meta":{"_seopress_robots_primary_cat":"","_seopress_titles_title":"Orange County Hearing Loss Work Injury Attorney | CWILC","_seopress_titles_desc":"If you've suffered hearing loss as a result of a work-related incident, it's essential to seek legal representation from a qualified Orange County hearing loss work injury attorney.","_seopress_robots_index":"","footnotes":""},"class_list":["post-1355","page","type-page","status-publish","hentry"],"_links":{"self":[{"href":"https:\/\/cwilc.com\/es\/wp-json\/wp\/v2\/pages\/1355","targetHints":{"allow":["GET"]}}],"collection":[{"href":"https:\/\/cwilc.com\/es\/wp-json\/wp\/v2\/pages"}],"about":[{"href":"https:\/\/cwilc.com\/es\/wp-json\/wp\/v2\/types\/page"}],"author":[{"embeddable":true,"href":"https:\/\/cwilc.com\/es\/wp-json\/wp\/v2\/users\/4"}],"replies":[{"embeddable":true,"href":"https:\/\/cwilc.com\/es\/wp-json\/wp\/v2\/comments?post=1355"}],"version-history":[{"count":0,"href":"https:\/\/cwilc.com\/es\/wp-json\/wp\/v2\/pages\/1355\/revisions"}],"up":[{"embeddable":true,"href":"https:\/\/cwilc.com\/es\/wp-json\/wp\/v2\/pages\/1074"}],"wp:attachment":[{"href":"https:\/\/cwilc.com\/es\/wp-json\/wp\/v2\/media?parent=1355"}],"curies":[{"name":"wp","href":"https:\/\/api.w.org\/{rel}","templated":true}]}}