{"id":1354,"date":"2023-12-14T07:10:20","date_gmt":"2023-12-14T15:10:20","guid":{"rendered":"https:\/\/cwilc.com\/?page_id=1354"},"modified":"2026-02-03T08:10:07","modified_gmt":"2026-02-03T16:10:07","slug":"muerte-en-el-lugar-de-trabajo","status":"publish","type":"page","link":"https:\/\/cwilc.com\/es\/lugares\/condado-de-orange\/muerte-en-el-lugar-de-trabajo\/","title":{"rendered":"en muertes en el lugar de trabajo en el condado de Orange"},"content":{"rendered":"<div data-elementor-type=\"wp-page\" data-elementor-id=\"1354\" class=\"elementor elementor-1354\" data-elementor-post-type=\"page\">\n\t\t\t\t\t\t<section class=\"elementor-section elementor-top-section elementor-element elementor-element-5c6d6b2 elementor-section-boxed elementor-section-height-default elementor-section-height-default\" data-id=\"5c6d6b2\" data-element_type=\"section\" data-e-type=\"section\">\n\t\t\t\t\t\t<div class=\"elementor-container elementor-column-gap-default\">\n\t\t\t\t\t<div class=\"elementor-column elementor-col-100 elementor-top-column elementor-element elementor-element-53d3e48\" data-id=\"53d3e48\" data-element_type=\"column\" data-e-type=\"column\">\n\t\t\t<div class=\"elementor-widget-wrap elementor-element-populated\">\n\t\t\t\t\t\t<div class=\"elementor-element elementor-element-72245fa elementor-widget elementor-widget-heading\" data-id=\"72245fa\" data-element_type=\"widget\" data-e-type=\"widget\" data-widget_type=\"heading.default\">\n\t\t\t\t<div class=\"elementor-widget-container\">\n\t\t\t\t\t<h1 class=\"elementor-heading-title elementor-size-default\"><br>en muertes en el lugar de trabajo en el condado de Orange<\/h1>\t\t\t\t<\/div>\n\t\t\t\t<\/div>\n\t\t\t\t\t<\/div>\n\t\t<\/div>\n\t\t\t\t\t<\/div>\n\t\t<\/section>\n\t\t\t\t<section class=\"elementor-section elementor-top-section elementor-element elementor-element-db5ca1a elementor-section-boxed elementor-section-height-default elementor-section-height-default\" data-id=\"db5ca1a\" data-element_type=\"section\" data-e-type=\"section\">\n\t\t\t\t\t\t<div class=\"elementor-container elementor-column-gap-default\">\n\t\t\t\t\t<div class=\"elementor-column elementor-col-100 elementor-top-column elementor-element elementor-element-39724cc\" data-id=\"39724cc\" data-element_type=\"column\" data-e-type=\"column\">\n\t\t\t<div class=\"elementor-widget-wrap elementor-element-populated\">\n\t\t\t\t\t\t<div class=\"elementor-element elementor-element-6e5cba9 elementor-widget__width-initial elementor-widget elementor-widget-text-editor\" data-id=\"6e5cba9\" data-element_type=\"widget\" data-e-type=\"widget\" data-widget_type=\"text-editor.default\">\n\t\t\t\t<div class=\"elementor-widget-container\">\n\t\t\t\t\t\t\t\t\t<p>Las muertes en el lugar de trabajo son sucesos tr\u00e1gicos que tienen un profundo impacto en la familia afectada. Estos incidentes pueden producirse debido a diversos factores, entre ellos accidentes, exposici\u00f3n a sustancias nocivas o violencia en el lugar de trabajo.<\/p><p>Tras una muerte en el lugar de trabajo, lidiar con las complejidades legales puede resultar abrumador para las familias en duelo. Contratar a un abogado especializado\u00a0<a href=\"https:\/\/cwilc.com\/es\/\" target=\"_blank\" rel=\"noopener\">en muertes en el lugar de trabajo en el condado de Orange<\/a>\u00a0es fundamental para garantizar que se protejan los derechos de la familia y que esta reciba la indemnizaci\u00f3n que se merece. California Work Injury Law Center (CWILC) se especializa en\u00a0<a href=\"https:\/\/cwilc.com\/es\/compensacion-de-trabajadores\/beneficios\/prestaciones-por-defuncion\/\" target=\"_blank\" rel=\"noopener\">casos de muerte en el lugar de trabajo<\/a>\u00a0en el condado de Orange. Nuestros abogados experimentados ofrecen apoyo compasivo y experiencia legal para guiar a las familias a trav\u00e9s de este dif\u00edcil proceso.<\/p>\t\t\t\t\t\t\t\t<\/div>\n\t\t\t\t<\/div>\n\t\t\t\t\t<\/div>\n\t\t<\/div>\n\t\t\t\t\t<\/div>\n\t\t<\/section>\n\t\t<div class=\"elementor-element elementor-element-5b800b0 e-flex e-con-boxed e-con e-parent\" data-id=\"5b800b0\" data-element_type=\"container\" data-e-type=\"container\">\n\t\t\t\t\t<div class=\"e-con-inner\">\n\t\t\t\t<div class=\"elementor-element elementor-element-32881d1 elementor-widget elementor-widget-heading\" data-id=\"32881d1\" data-element_type=\"widget\" data-e-type=\"widget\" data-widget_type=\"heading.default\">\n\t\t\t\t<div class=\"elementor-widget-container\">\n\t\t\t\t\t<h2 class=\"elementor-heading-title elementor-size-default\"><b>Tipos de muertes en el lugar de trabajo<\/b><\/h2>\t\t\t\t<\/div>\n\t\t\t\t<\/div>\n\t\t\t\t<div class=\"elementor-element elementor-element-e996d68 elementor-widget elementor-widget-text-editor\" data-id=\"e996d68\" data-element_type=\"widget\" data-e-type=\"widget\" data-widget_type=\"text-editor.default\">\n\t\t\t\t<div class=\"elementor-widget-container\">\n\t\t\t\t\t\t\t\t\t<p>Las causas comunes de muertes en el lugar de trabajo en el condado de Orange incluyen:<\/p><ul><li><strong>Incidentes de transporte:<\/strong> Los accidentes que involucran veh\u00edculos dentro de las instalaciones del lugar de trabajo representan un riesgo significativo y contribuyen a las muertes en el lugar de trabajo.<\/li><li><strong>Equipo:<\/strong> Los accidentes relacionados con la maquinaria y los equipos exponen a los trabajadores a peligros que pueden provocar accidentes mortales.<\/li><li><strong>Exposici\u00f3n a sustancias o entornos nocivos:<\/strong> Problemas de salud derivados de la exposici\u00f3n en el lugar de trabajo.<\/li><li><strong>Violencia:<\/strong> Los incidentes laborales que implican violencia, agresi\u00f3n o da\u00f1os pueden crear entornos peligrosos y provocar muertes.<\/li><li><strong>Incendios y explosiones:<\/strong> Accidentes que provocan incendios o explosiones durante actividades relacionadas con el trabajo.<\/li><li><strong>Resbalones y ca\u00eddas:<\/strong> Los accidentes provocados por\u00a0<a href=\"https:\/\/cwilc.com\/workers-compensation\/occupational-injury\/slip-and-fall-injury\/\" target=\"_blank\" rel=\"noopener\">resbalones, tropiezos o ca\u00eddas<\/a>\u00a0contribuyen al lamentable n\u00famero de muertes en el lugar de trabajo.<\/li><\/ul>\t\t\t\t\t\t\t\t<\/div>\n\t\t\t\t<\/div>\n\t\t\t\t\t<\/div>\n\t\t\t\t<\/div>\n\t\t<div class=\"elementor-element elementor-element-00e3787 e-flex e-con-boxed e-con e-parent\" data-id=\"00e3787\" data-element_type=\"container\" data-e-type=\"container\">\n\t\t\t\t\t<div class=\"e-con-inner\">\n\t\t\t\t<div class=\"elementor-element elementor-element-4977533 elementor-widget elementor-widget-heading\" data-id=\"4977533\" data-element_type=\"widget\" data-e-type=\"widget\" data-widget_type=\"heading.default\">\n\t\t\t\t<div class=\"elementor-widget-container\">\n\t\t\t\t\t<h2 class=\"elementor-heading-title elementor-size-default\"><b>Industrias con muertes comunes en el lugar de trabajo <\/b><\/h2>\t\t\t\t<\/div>\n\t\t\t\t<\/div>\n\t\t\t\t<div class=\"elementor-element elementor-element-1aa272a elementor-widget elementor-widget-text-editor\" data-id=\"1aa272a\" data-element_type=\"widget\" data-e-type=\"widget\" data-widget_type=\"text-editor.default\">\n\t\t\t\t<div class=\"elementor-widget-container\">\n\t\t\t\t\t\t\t\t\t<p>En el condado de Orange, ciertas industrias corren un mayor riesgo de accidentes mortales en el lugar de trabajo debido a la naturaleza de sus operaciones y a los riesgos laborales.\u00a0<a href=\"https:\/\/cwilc.com\/es\/perfil-de-abogado\/\" target=\"_blank\" rel=\"noopener\">El equipo de CWILC<\/a>\u00a0ha visto y trabajado en muchos casos en las siguientes industrias:<\/p><p><strong>Construcci\u00f3n:<\/strong> El sector de la construcci\u00f3n, con sus riesgos inherentes y el uso de maquinaria pesada, registra un n\u00famero notable de accidentes mortales en el lugar de trabajo.<\/p><p><strong>Transporte:<\/strong> Las profesiones relacionadas con el transporte, como los conductores y los trabajadores de log\u00edstica, se enfrentan a un riesgo elevado de sufrir accidentes mortales en el lugar de trabajo.<\/p><p><strong>Industrias pesqueras y cineg\u00e9ticas:<\/strong> Los trabajadores de las industrias pesquera y cineg\u00e9tica se enfrentan a riesgos \u00fanicos que contribuyen a las muertes en el lugar de trabajo.<\/p><p><strong>Techadores:<\/strong> Los profesionales de la construcci\u00f3n de tejados que trabajan en alturas elevadas son especialmente propensos a sufrir accidentes laborales mortales.<\/p><p><strong>Almacenamiento:<\/strong> Los trabajadores que se desempe\u00f1an en entornos de almacenamiento enfrentan riesgos que pueden provocar accidentes mortales en el lugar de trabajo.<\/p><p>Otras industrias del condado de Orange tambi\u00e9n sufren accidentes mortales en el lugar de trabajo, lo que pone de relieve la necesidad de mejorar las medidas de seguridad en diversos sectores.<span style=\"font-weight: 400;\">\u00a0<\/span><\/p>\t\t\t\t\t\t\t\t<\/div>\n\t\t\t\t<\/div>\n\t\t\t\t\t<\/div>\n\t\t\t\t<\/div>\n\t\t<div class=\"elementor-element elementor-element-536fd76 e-flex e-con-boxed e-con e-parent\" data-id=\"536fd76\" data-element_type=\"container\" data-e-type=\"container\">\n\t\t\t\t\t<div class=\"e-con-inner\">\n\t\t\t\t<div class=\"elementor-element elementor-element-6d90bb8 elementor-widget elementor-widget-heading\" data-id=\"6d90bb8\" data-element_type=\"widget\" data-e-type=\"widget\" data-widget_type=\"heading.default\">\n\t\t\t\t<div class=\"elementor-widget-container\">\n\t\t\t\t\t<h2 class=\"elementor-heading-title elementor-size-default\"><b>Indemnizaci\u00f3n por muerte en el lugar de trabajo en el condado de Orange<\/b><\/h2>\t\t\t\t<\/div>\n\t\t\t\t<\/div>\n\t\t\t\t<div class=\"elementor-element elementor-element-e2916bb elementor-widget elementor-widget-text-editor\" data-id=\"e2916bb\" data-element_type=\"widget\" data-e-type=\"widget\" data-widget_type=\"text-editor.default\">\n\t\t\t\t<div class=\"elementor-widget-container\">\n\t\t\t\t\t\t\t\t\t<p>En caso de fallecimiento en el lugar de trabajo, pueden estar disponibles varios tipos de indemnizaci\u00f3n, entre ellos:<\/p><ul><li><strong>Total de personas a cargo:<\/strong> Familiares directos que depend\u00edan totalmente del fallecido.<\/li><li><strong>Dependientes parciales:<\/strong> Familiares que depend\u00edan parcialmente del fallecido.<\/li><\/ul>\t\t\t\t\t\t\t\t<\/div>\n\t\t\t\t<\/div>\n\t\t\t\t\t<\/div>\n\t\t\t\t<\/div>\n\t\t<div class=\"elementor-element elementor-element-858d4c4 e-flex e-con-boxed e-con e-parent\" data-id=\"858d4c4\" data-element_type=\"container\" data-e-type=\"container\">\n\t\t\t\t\t<div class=\"e-con-inner\">\n\t\t\t\t<div class=\"elementor-element elementor-element-895cc16 elementor-widget elementor-widget-heading\" data-id=\"895cc16\" data-element_type=\"widget\" data-e-type=\"widget\" data-widget_type=\"heading.default\">\n\t\t\t\t<div class=\"elementor-widget-container\">\n\t\t\t\t\t<h2 class=\"elementor-heading-title elementor-size-default\"><b>Demostrar que una muerte ocurri\u00f3 en el trabajo<\/b><\/h2>\t\t\t\t<\/div>\n\t\t\t\t<\/div>\n\t\t\t\t<div class=\"elementor-element elementor-element-c349a59 elementor-widget elementor-widget-text-editor\" data-id=\"c349a59\" data-element_type=\"widget\" data-e-type=\"widget\" data-widget_type=\"text-editor.default\">\n\t\t\t\t<div class=\"elementor-widget-container\">\n\t\t\t\t\t\t\t\t\t<p>Es fundamental determinar que la muerte se produjo en el lugar de trabajo. Para ello, es necesario establecer una relaci\u00f3n clara y jur\u00eddicamente v\u00e1lida entre las actividades laborales de la persona fallecida y las circunstancias que provocaron su muerte. A continuaci\u00f3n se indican algunos elementos clave para demostrar que la muerte se produjo en el trabajo:<\/p><ol><li><strong>Causalidad:<\/strong> Demostrar una relaci\u00f3n directa entre la muerte y las actividades laborales, como un accidente en el lugar de trabajo o la exposici\u00f3n a sustancias nocivas.<\/li><li><strong>Documentaci\u00f3n:<\/strong> Recopile informes de incidentes y registros m\u00e9dicos que relacionen claramente la causa de la muerte con las condiciones del lugar de trabajo.<\/li><li><strong>Testimonios de testigos:<\/strong> Obtenga declaraciones de compa\u00f1eros de trabajo y expertos del sector que certifiquen la naturaleza laboral de la muerte.<\/li><li><strong>Infracciones de seguridad laboral:<\/strong> Identificar y documentar cualquier infracci\u00f3n de seguridad en el lugar de trabajo que haya contribuido a la muerte.<\/li><li><strong>Hora y lugar:<\/strong> Establecer que la muerte ocurri\u00f3 dentro de los l\u00edmites del lugar de trabajo y durante el horario laboral habitual.<\/li><li><strong>An\u00e1lisis de expertos:<\/strong> Utilizar an\u00e1lisis forenses y contratar a peritos para determinar y respaldar la causa de la muerte relacionada con el trabajo.<\/li><li><strong>Coherencia en las declaraciones:<\/strong> Aseg\u00farese de que todas las declaraciones, informes y pruebas sean coherentes, lo que contribuir\u00e1 a la credibilidad del caso.<\/li><li><strong>Representaci\u00f3n legal:<\/strong> Busque el asesoramiento de un abogado especializado en muertes en el lugar de trabajo, como los de CWILC, para orientarse en el proceso legal y presentar un caso convincente ante los tribunales.<\/li><\/ol>\t\t\t\t\t\t\t\t<\/div>\n\t\t\t\t<\/div>\n\t\t\t\t\t<\/div>\n\t\t\t\t<\/div>\n\t\t<div class=\"elementor-element elementor-element-60d5dbc e-flex e-con-boxed e-con e-parent\" data-id=\"60d5dbc\" data-element_type=\"container\" data-e-type=\"container\">\n\t\t\t\t\t<div class=\"e-con-inner\">\n\t\t\t\t<div class=\"elementor-element elementor-element-7f268ac elementor-widget elementor-widget-heading\" data-id=\"7f268ac\" data-element_type=\"widget\" data-e-type=\"widget\" data-widget_type=\"heading.default\">\n\t\t\t\t<div class=\"elementor-widget-container\">\n\t\t\t\t\t<h2 class=\"elementor-heading-title elementor-size-default\"><b>Contratar a un abogado especializado en muertes en el lugar de trabajo en el condado de Orange<\/b><\/h2>\t\t\t\t<\/div>\n\t\t\t\t<\/div>\n\t\t\t\t<div class=\"elementor-element elementor-element-ea8dafe elementor-widget elementor-widget-text-editor\" data-id=\"ea8dafe\" data-element_type=\"widget\" data-e-type=\"widget\" data-widget_type=\"text-editor.default\">\n\t\t\t\t<div class=\"elementor-widget-container\">\n\t\t\t\t\t\t\t\t\t<h3>Ventajas de contratar a CWILC<\/h3><p>Contratar a CWILC aporta varios beneficios a las familias que se enfrentan a una muerte en el lugar de trabajo. En primer lugar, nuestros abogados se especializan en casos de muerte en el lugar de trabajo, proporcionando conocimientos jur\u00eddicos especializados adaptados a la complejidad de este tipo de situaciones. M\u00e1s all\u00e1 de la experiencia jur\u00eddica, nuestro equipo ofrece un apoyo compasivo a las familias durante todo el proceso de duelo, reconociendo los retos emocionales a los que se enfrentan. Gracias a nuestra amplia experiencia, hay m\u00e1s posibilidades de obtener una indemnizaci\u00f3n justa, lo que garantiza que las familias reciban la justicia que se merecen. En \u00faltima instancia, elegir a\u00a0<a href=\"https:\/\/cwilc.com\/es\/lugares\/condado-de-orange\/\" target=\"_blank\" rel=\"noopener\">nuestros abogados especializados en muertes en el lugar de trabajo en el condado de Orange<\/a>\u00a0proporciona tranquilidad a las familias, sabiendo que profesionales experimentados se encargan de los aspectos legales de su caso con habilidad y dedicaci\u00f3n.<\/p><h3>\u00a0<\/h3><h3>Responsabilidades de los abogados especializados en muertes en el lugar de trabajo<\/h3><p>Los abogados especializados en muertes en el lugar de trabajo en \u00e1reas como el condado de Orange asumen una serie de responsabilidades fundamentales para defender a las familias que se enfrentan a las consecuencias de una muerte en el lugar de trabajo. Nuestras funciones abarcan una investigaci\u00f3n exhaustiva para determinar la causa de la muerte en el lugar de trabajo, lo que implica un examen meticuloso de las circunstancias. Al mismo tiempo, los profesionales del derecho se encargan de reunir las pruebas esenciales y recopilar la documentaci\u00f3n que servir\u00e1 de base para el caso. En lo que respecta a los procedimientos legales, los abogados especializados en muertes en el lugar de trabajo representan a la familia con una dedicaci\u00f3n inquebrantable, defendiendo sus derechos ante los tribunales. Adem\u00e1s, nuestra funci\u00f3n se extiende a la b\u00fasqueda activa de una indemnizaci\u00f3n, persiguiendo una restituci\u00f3n econ\u00f3mica que cubra las p\u00e9rdidas sufridas por la familia debido al tr\u00e1gico incidente laboral.<\/p>\t\t\t\t\t\t\t\t<\/div>\n\t\t\t\t<\/div>\n\t\t\t\t<div class=\"elementor-element elementor-element-55ab0b6 elementor-widget elementor-widget-spacer\" data-id=\"55ab0b6\" data-element_type=\"widget\" data-e-type=\"widget\" data-widget_type=\"spacer.default\">\n\t\t\t\t<div class=\"elementor-widget-container\">\n\t\t\t\t\t\t\t<div class=\"elementor-spacer\">\n\t\t\t<div class=\"elementor-spacer-inner\"><\/div>\n\t\t<\/div>\n\t\t\t\t\t\t<\/div>\n\t\t\t\t<\/div>\n\t\t\t\t\t<\/div>\n\t\t\t\t<\/div>\n\t\t<div class=\"elementor-element elementor-element-9d2c6d3 e-flex e-con-boxed e-con e-parent\" data-id=\"9d2c6d3\" data-element_type=\"container\" data-e-type=\"container\">\n\t\t\t\t\t<div class=\"e-con-inner\">\n\t\t\t\t<div class=\"elementor-element elementor-element-96fbd68 elementor-widget elementor-widget-heading\" data-id=\"96fbd68\" data-element_type=\"widget\" data-e-type=\"widget\" data-widget_type=\"heading.default\">\n\t\t\t\t<div class=\"elementor-widget-container\">\n\t\t\t\t\t<h2 class=\"elementor-heading-title elementor-size-default\"><b>Busque justicia por las muertes en el lugar de trabajo con CWILC<\/b><\/h2>\t\t\t\t<\/div>\n\t\t\t\t<\/div>\n\t\t\t\t<div class=\"elementor-element elementor-element-b05d7b7 elementor-widget elementor-widget-text-editor\" data-id=\"b05d7b7\" data-element_type=\"widget\" data-e-type=\"widget\" data-widget_type=\"text-editor.default\">\n\t\t\t\t<div class=\"elementor-widget-container\">\n\t\t\t\t\t\t\t\t\t<p><a style=\"font-family: var( --e-global-typography-text-font-family ), Sans-serif; font-size: var( --e-global-typography-text-font-size ); font-weight: var( --e-global-typography-text-font-weight ); text-align: var(--text-align); background-color: #ffffff;\" href=\"https:\/\/cwilc.com\/contact\/\" target=\"_blank\" rel=\"noopener\">P\u00f3ngase en contacto hoy mismo con nuestros abogados expertos en muertes laborales en<\/a>\u00a0el condado de Orange para concertar una consulta y dar el primer paso hacia la obtenci\u00f3n de justicia y una indemnizaci\u00f3n justa para su familia. CWILC est\u00e1 aqu\u00ed para apoyarle en estos momentos tan dif\u00edciles.<\/p>\t\t\t\t\t\t\t\t<\/div>\n\t\t\t\t<\/div>\n\t\t\t\t\t<\/div>\n\t\t\t\t<\/div>\n\t\t\t\t<\/div>","protected":false},"excerpt":{"rendered":"<p>Lost a loved one in a workplace accident? An experienced Orange County workplace death lawyer at California Work Injury Law Center can help guide you through the claims process and ensure your family receives the support they need.<\/p>","protected":false},"author":4,"featured_media":0,"parent":1074,"menu_order":0,"comment_status":"closed","ping_status":"closed","template":"","meta":{"_seopress_robots_primary_cat":"","_seopress_titles_title":"Orange County Workplace Death Lawyer | CWILC","_seopress_titles_desc":"If you lost a loved one on the job, an Orange County workplace death lawyer can offer guidance. Understand your rights to financial recovery and a sense of closure.","_seopress_robots_index":"","footnotes":""},"class_list":["post-1354","page","type-page","status-publish","hentry"],"_links":{"self":[{"href":"https:\/\/cwilc.com\/es\/wp-json\/wp\/v2\/pages\/1354","targetHints":{"allow":["GET"]}}],"collection":[{"href":"https:\/\/cwilc.com\/es\/wp-json\/wp\/v2\/pages"}],"about":[{"href":"https:\/\/cwilc.com\/es\/wp-json\/wp\/v2\/types\/page"}],"author":[{"embeddable":true,"href":"https:\/\/cwilc.com\/es\/wp-json\/wp\/v2\/users\/4"}],"replies":[{"embeddable":true,"href":"https:\/\/cwilc.com\/es\/wp-json\/wp\/v2\/comments?post=1354"}],"version-history":[{"count":0,"href":"https:\/\/cwilc.com\/es\/wp-json\/wp\/v2\/pages\/1354\/revisions"}],"up":[{"embeddable":true,"href":"https:\/\/cwilc.com\/es\/wp-json\/wp\/v2\/pages\/1074"}],"wp:attachment":[{"href":"https:\/\/cwilc.com\/es\/wp-json\/wp\/v2\/media?parent=1354"}],"curies":[{"name":"wp","href":"https:\/\/api.w.org\/{rel}","templated":true}]}}