{"id":1279,"date":"2022-04-13T18:43:30","date_gmt":"2022-04-13T18:43:30","guid":{"rendered":"https:\/\/cwilc.com\/?page_id=1279"},"modified":"2025-06-17T12:40:34","modified_gmt":"2025-06-17T19:40:34","slug":"san-francisco","status":"publish","type":"page","link":"https:\/\/cwilc.com\/es\/lugares\/san-francisco\/","title":{"rendered":"San Francisco"},"content":{"rendered":"<div data-elementor-type=\"wp-page\" data-elementor-id=\"1279\" class=\"elementor elementor-1279\" data-elementor-post-type=\"page\">\n\t\t\t\t\t\t<section class=\"elementor-section elementor-top-section elementor-element elementor-element-79b8901 elementor-section-boxed elementor-section-height-default elementor-section-height-default\" data-id=\"79b8901\" data-element_type=\"section\" data-e-type=\"section\">\n\t\t\t\t\t\t<div class=\"elementor-container elementor-column-gap-default\">\n\t\t\t\t\t<div class=\"elementor-column elementor-col-100 elementor-top-column elementor-element elementor-element-dbdc9bb\" data-id=\"dbdc9bb\" data-element_type=\"column\" data-e-type=\"column\">\n\t\t\t<div class=\"elementor-widget-wrap elementor-element-populated\">\n\t\t\t\t\t\t<div class=\"elementor-element elementor-element-5def54a elementor-widget elementor-widget-heading\" data-id=\"5def54a\" data-element_type=\"widget\" data-e-type=\"widget\" data-widget_type=\"heading.default\">\n\t\t\t\t<div class=\"elementor-widget-container\">\n\t\t\t\t\t<h1 class=\"elementor-heading-title elementor-size-default\">SAN FRANCISCO ABOGADO DE COMPENSACI\u00d3N DE TRABAJADORES<\/h1>\t\t\t\t<\/div>\n\t\t\t\t<\/div>\n\t\t\t\t<div class=\"elementor-element elementor-element-d863633 elementor-widget elementor-widget-text-editor\" data-id=\"d863633\" data-element_type=\"widget\" data-e-type=\"widget\" data-widget_type=\"text-editor.default\">\n\t\t\t\t<div class=\"elementor-widget-container\">\n\t\t\t\t\t\t\t\t\t<p>Si se lesiona en el trabajo o realizando las tareas de su puesto de trabajo, su empresa est\u00e1 obligada por ley a pagar las <a href=\"https:\/\/cwilc.com\/es\/compensacion-de-trabajadores\/beneficios\/\">prestaciones de compensaci\u00f3n a los trabajadores.<\/a>.<\/p><p>Puede lesionarse por:<\/p><ul><li>Un suceso en el trabajo. Ejemplos: lesionarse la espalda en una ca\u00edda, quemarse la piel, lesionarse en un accidente de coche mientras hace repartos. O:<\/li><li>Exposiciones repetidas en el trabajo. Ejemplos: lesiones en la mano, la espalda u otra parte del cuerpo por hacer el mismo movimiento una y otra vez, como las lesiones del t\u00fanel carpiano o la p\u00e9rdida de audici\u00f3n por ruidos fuertes y constantes. La indemnizaci\u00f3n por accidente de trabajo cubre algunas lesiones relacionadas con el estr\u00e9s (psicol\u00f3gicas) causadas por el trabajo, pero no todas.<\/li><\/ul>\t\t\t\t\t\t\t\t<\/div>\n\t\t\t\t<\/div>\n\t\t\t\t<div class=\"elementor-element elementor-element-1789af1 elementor-widget elementor-widget-heading\" data-id=\"1789af1\" data-element_type=\"widget\" data-e-type=\"widget\" data-widget_type=\"heading.default\">\n\t\t\t\t<div class=\"elementor-widget-container\">\n\t\t\t\t\t<h2 class=\"elementor-heading-title elementor-size-large\">CONTRATACI\u00d3N DE UN ABOGADO DE INDEMNIZACI\u00d3N LABORAL EN SAN FRANCISCO, CA<\/h2>\t\t\t\t<\/div>\n\t\t\t\t<\/div>\n\t\t\t\t<div class=\"elementor-element elementor-element-573d9d4 elementor-widget elementor-widget-text-editor\" data-id=\"573d9d4\" data-element_type=\"widget\" data-e-type=\"widget\" data-widget_type=\"text-editor.default\">\n\t\t\t\t<div class=\"elementor-widget-container\">\n\t\t\t\t\t\t\t\t\t<p><strong>\u00bfCu\u00e1l es el prop\u00f3sito?<\/strong><\/p>\t\t\t\t\t\t\t\t<\/div>\n\t\t\t\t<\/div>\n\t\t\t\t<div class=\"elementor-element elementor-element-5e95b57 elementor-widget elementor-widget-text-editor\" data-id=\"5e95b57\" data-element_type=\"widget\" data-e-type=\"widget\" data-widget_type=\"text-editor.default\">\n\t\t\t\t<div class=\"elementor-widget-container\">\n\t\t\t\t\t\t\t\t\t<p>Contratar a <a href=\"https:\/\/cwilc.com\/es\/\">un abogado de compensaci\u00f3n de trabajadores en California<\/a> puede ayudarle con reclamos que han sido negados por su empleador. Hemos visto muchos casos de empleados que han tenido sus reclamos negados a pesar de trabajar en su trabajo por muchos a\u00f1os y haber sido un empleado fant\u00e1stico. Las cosas pueden agriarse r\u00e1pidamente despu\u00e9s de que se presenten las reclamaciones. Podemos presentar un caso notable en su nombre e ir contra las compa\u00f1\u00edas de seguros y los abogados de su empleador.<\/p><p>Nuestros <a href=\"https:\/\/cwilc.com\/es\/lugares\/san-francisco\/\">abogados de indemnizaci\u00f3n laboral de San Francisco<\/a> organizan las declaraciones de m\u00e9dicos y otros expertos en su nombre, de modo que si tenemos que comparecer ante un juez o tribunal, tendremos todas nuestras pruebas listas para presentar su caso de la mejor manera posible.\u00a0<\/p><p><span style=\"color: var( --e-global-color-text ); font-family: var( --e-global-typography-text-font-family ), Sans-serif; font-size: var( --e-global-typography-text-font-size ); font-weight: var( --e-global-typography-text-font-weight );\">Contratarnos aumenta sus posibilidades de conseguir un acuerdo mayor. Tomamos en sus empleadores como las compa\u00f1\u00edas de seguros y si usted no tiene la experiencia o tenido que haber hecho eso antes de que puede ser desalentador. Somos abogados con experiencia, ajustadores, y los empleadores con m\u00e1s de 1.000 casos resueltos con \u00e9xito. Conocemos todos los \u00e1ngulos y cada truco que podr\u00edan tratar de utilizar. Adem\u00e1s, no aceptamos la primera oferta o incluso su oferta final. Somos expertos en negociaci\u00f3n y sabemos cu\u00e1nto pueden ofrecer realmente a los demandantes. Esto nos permite conseguir las indemnizaciones m\u00e1s altas posibles para nuestros clientes.\u00a0<\/span><\/p><p><span style=\"color: var( --e-global-color-text ); font-family: var( --e-global-typography-text-font-family ), Sans-serif; font-size: var( --e-global-typography-text-font-size );\"><b>Seguiremos trabajando en su nombre hasta que haya recibido todas las prestaciones posibles a las que tiene derecho seg\u00fan la ley.<\/b><\/span><\/p><p>Con suerte, su caso se resuelve extrajudicialmente y usted queda satisfecho con la oferta. Por desgracia, no siempre es as\u00ed. En algunos casos puede que tenga que ir a juicio y comparecer ante un juez. Si usted se representa a s\u00ed mismo ser\u00e1 muy dif\u00edcil desde el punto de vista del tiempo, le costar\u00e1 dinero, as\u00ed como la experiencia en el conocimiento de la jurisprudencia. Contratarnos no le costar\u00e1 nada y haremos todos los tr\u00e1mites y le representaremos ante el tribunal.<\/p><p><span style=\"color: var( --e-global-color-text ); font-family: var( --e-global-typography-text-font-family ), Sans-serif; font-size: var( --e-global-typography-text-font-size ); font-weight: var( --e-global-typography-text-font-weight );\">Usted no tiene que hacer esto solo, dejenos hacernos cargo de todo por usted y conseguirle el mejor acuerdo posible ya sea en la corte o fuera de la corte.<\/span><\/p>\t\t\t\t\t\t\t\t<\/div>\n\t\t\t\t<\/div>\n\t\t\t\t<div class=\"elementor-element elementor-element-0d981a8 elementor-widget elementor-widget-heading\" data-id=\"0d981a8\" data-element_type=\"widget\" data-e-type=\"widget\" data-widget_type=\"heading.default\">\n\t\t\t\t<div class=\"elementor-widget-container\">\n\t\t\t\t\t<h2 class=\"elementor-heading-title elementor-size-large\">\u00bfQU\u00c9 CUBRE LA LEY EN SAN FRANCISCO, CA PARA LA INDEMNIZACI\u00d3N LABORAL?<\/h2>\t\t\t\t<\/div>\n\t\t\t\t<\/div>\n\t\t\t\t<div class=\"elementor-element elementor-element-172b84e elementor-widget elementor-widget-text-editor\" data-id=\"172b84e\" data-element_type=\"widget\" data-e-type=\"widget\" data-widget_type=\"text-editor.default\">\n\t\t\t\t<div class=\"elementor-widget-container\">\n\t\t\t\t\t\t\t\t\t<p>Atenci\u00f3n m\u00e9dica. Pagada por su empleador, para ayudarle a recuperarse de una lesi\u00f3n o enfermedad causada por el trabajo. Esto incluye visitas al m\u00e9dico y otros servicios de tratamiento, pruebas, medicamentos, equipos y gastos de viaje razonablemente necesarios para tratar su lesi\u00f3n.<\/p><p><a href=\"https:\/\/cwilc.com\/es\/compensacion-de-trabajadores\/beneficios\/incapacidad-temporal\/\">Prestaciones por incapacidad temporal.<\/a> Pagos si pierde salario porque su lesi\u00f3n le impide realizar su trabajo habitual mientras se recupera.<\/p><p><a href=\"https:\/\/cwilc.com\/es\/compensacion-de-trabajadores\/beneficios\/incapacidad-permanente\/\">Prestaciones por incapacidad permanente.<\/a> Pagos si no se recupera completamente y su lesi\u00f3n le causa una p\u00e9rdida permanente de funciones f\u00edsicas o mentales que un m\u00e9dico puede medir.<\/p><p>Prestaci\u00f3n Complementaria por Desplazamiento Laboral. Un vale que le ayuda a pagar el reciclaje o la mejora de sus capacidades si re\u00fane los requisitos para recibir prestaciones por incapacidad permanente, su empresa no le ofrece trabajo y usted no vuelve a trabajar para su empresa.<\/p><p><a href=\"https:\/\/cwilc.com\/es\/compensacion-de-trabajadores\/beneficios\/prestaciones-por-defuncion\/\">Prestaciones por defunci\u00f3n.<\/a> Pagos a su c\u00f3nyuge, hijos u otras personas a su cargo si fallece como consecuencia de una lesi\u00f3n o enfermedad laboral.<\/p>\t\t\t\t\t\t\t\t<\/div>\n\t\t\t\t<\/div>\n\t\t\t\t<div class=\"elementor-element elementor-element-bb512c1 elementor-widget elementor-widget-heading\" data-id=\"bb512c1\" data-element_type=\"widget\" data-e-type=\"widget\" data-widget_type=\"heading.default\">\n\t\t\t\t<div class=\"elementor-widget-container\">\n\t\t\t\t\t<h2 class=\"elementor-heading-title elementor-size-large\">PRESENTAR UNA RECLAMACI\u00d3N DE INDEMNIZACI\u00d3N EN SAN FRANCISCO<\/h2>\t\t\t\t<\/div>\n\t\t\t\t<\/div>\n\t\t\t\t<div class=\"elementor-element elementor-element-bc7bc80 elementor-widget elementor-widget-text-editor\" data-id=\"bc7bc80\" data-element_type=\"widget\" data-e-type=\"widget\" data-widget_type=\"text-editor.default\">\n\t\t\t\t<div class=\"elementor-widget-container\">\n\t\t\t\t\t\t\t\t\t<p>Si se lesiona en el trabajo, debe informar de la lesi\u00f3n de inmediato. Si usted no reporta un incidente dentro de 30 d\u00edas puede perder o tener derechos reducidos a cobrar <a href=\"https:\/\/cwilc.com\/es\/compensacion-de-trabajadores\/beneficios\/\">beneficios de compensaci\u00f3n de trabajadores.<\/a>Siempre debe recibir tratamiento m\u00e9dico de urgencia inmediatamente. Debe informar a su m\u00e9dico de que su lesi\u00f3n est\u00e1 relacionada con el trabajo. Tan pronto como le sea posible, debe obtener de su empresa el formulario de solicitud de indemnizaci\u00f3n por accidente de trabajo. Rell\u00e9nelo y env\u00edelo a su empresa lo antes posible. Cuanto antes lo hagas, mejor.<\/p><p>En el plazo de un d\u00eda laborable desde la notificaci\u00f3n de la lesi\u00f3n, su empresa est\u00e1 obligada a autorizar hasta 10.000 d\u00f3lares en <a href=\"https:\/\/cwilc.com\/es\/como-presentar-una-solicitud-de-indemnizacion-en-california\/\">tratamiento m\u00e9dico mientras se revisa su solicitud de indemnizaci\u00f3n por accidente de trabajo.<\/a> Tras la aprobaci\u00f3n, el seguro de accidentes de trabajo pagar\u00e1 todos los gastos m\u00e9dicos relacionados con la lesi\u00f3n y las prestaciones por incapacidad temporal o permanente. Si su lesi\u00f3n le impide reincorporarse a su puesto de trabajo, debe tener la oportunidad de formarse para un puesto diferente o para otro trabajo.<\/p>\t\t\t\t\t\t\t\t<\/div>\n\t\t\t\t<\/div>\n\t\t\t\t<div class=\"elementor-element elementor-element-1b6edda elementor-widget elementor-widget-spacer\" data-id=\"1b6edda\" data-element_type=\"widget\" data-e-type=\"widget\" data-widget_type=\"spacer.default\">\n\t\t\t\t<div class=\"elementor-widget-container\">\n\t\t\t\t\t\t\t<div class=\"elementor-spacer\">\n\t\t\t<div class=\"elementor-spacer-inner\"><\/div>\n\t\t<\/div>\n\t\t\t\t\t\t<\/div>\n\t\t\t\t<\/div>\n\t\t\t\t\t<\/div>\n\t\t<\/div>\n\t\t\t\t\t<\/div>\n\t\t<\/section>\n\t\t\t\t<section class=\"elementor-section elementor-top-section elementor-element elementor-element-276382a elementor-section-boxed elementor-section-height-default elementor-section-height-default\" data-id=\"276382a\" data-element_type=\"section\" data-e-type=\"section\">\n\t\t\t\t\t\t<div class=\"elementor-container elementor-column-gap-default\">\n\t\t\t\t\t<div class=\"elementor-column elementor-col-100 elementor-top-column elementor-element elementor-element-12d663f\" data-id=\"12d663f\" data-element_type=\"column\" data-e-type=\"column\">\n\t\t\t<div class=\"elementor-widget-wrap elementor-element-populated\">\n\t\t\t\t\t\t<section class=\"elementor-section elementor-inner-section elementor-element elementor-element-beacdd1 elementor-section-boxed elementor-section-height-default elementor-section-height-default\" data-id=\"beacdd1\" data-element_type=\"section\" data-e-type=\"section\">\n\t\t\t\t\t\t<div class=\"elementor-container elementor-column-gap-default\">\n\t\t\t\t\t<div class=\"elementor-column elementor-col-50 elementor-inner-column elementor-element elementor-element-37d7313\" data-id=\"37d7313\" data-element_type=\"column\" data-e-type=\"column\">\n\t\t\t<div class=\"elementor-widget-wrap elementor-element-populated\">\n\t\t\t\t\t\t<div class=\"elementor-element elementor-element-fa5fa53 elementor-widget elementor-widget-html\" data-id=\"fa5fa53\" data-element_type=\"widget\" data-e-type=\"widget\" data-widget_type=\"html.default\">\n\t\t\t\t<div class=\"elementor-widget-container\">\n\t\t\t\t\t<iframe src=\"https:\/\/www.google.com\/maps\/embed?pb=!1m18!1m12!1m3!1d100940.1708760193!2d-122.50781158612804!3d37.757679173956284!2m3!1f0!2f0!3f0!3m2!1i1024!2i768!4f13.1!3m3!1m2!1s0x80859a6d00690021%3A0x4a501367f076adff!2sSan%20Francisco%2C%20CA!5e0!3m2!1sen!2sus!4v1649875298175!5m2!1sen!2sus\" width=\"600\" height=\"450\" style=\"border:0;\" allowfullscreen=\"\" loading=\"lazy\" referrerpolicy=\"no-referrer-when-downgrade\"><\/iframe>\t\t\t\t<\/div>\n\t\t\t\t<\/div>\n\t\t\t\t\t<\/div>\n\t\t<\/div>\n\t\t\t\t<div class=\"elementor-column elementor-col-50 elementor-inner-column elementor-element elementor-element-54fb15b\" data-id=\"54fb15b\" data-element_type=\"column\" data-e-type=\"column\">\n\t\t\t<div class=\"elementor-widget-wrap elementor-element-populated\">\n\t\t\t\t\t\t<div class=\"elementor-element elementor-element-5f74e1d elementor-widget elementor-widget-spacer\" data-id=\"5f74e1d\" data-element_type=\"widget\" data-e-type=\"widget\" data-widget_type=\"spacer.default\">\n\t\t\t\t<div class=\"elementor-widget-container\">\n\t\t\t\t\t\t\t<div class=\"elementor-spacer\">\n\t\t\t<div class=\"elementor-spacer-inner\"><\/div>\n\t\t<\/div>\n\t\t\t\t\t\t<\/div>\n\t\t\t\t<\/div>\n\t\t\t\t<div class=\"elementor-element elementor-element-54f5328 elementor-widget elementor-widget-heading\" data-id=\"54f5328\" data-element_type=\"widget\" data-e-type=\"widget\" data-widget_type=\"heading.default\">\n\t\t\t\t<div class=\"elementor-widget-container\">\n\t\t\t\t\t<h2 class=\"elementor-heading-title elementor-size-default\">Centro de Derecho de Accidentes de Trabajo de California<\/h2>\t\t\t\t<\/div>\n\t\t\t\t<\/div>\n\t\t\t\t<div class=\"elementor-element elementor-element-79ef6f3 elementor-widget elementor-widget-text-editor\" data-id=\"79ef6f3\" data-element_type=\"widget\" data-e-type=\"widget\" data-widget_type=\"text-editor.default\">\n\t\t\t\t<div class=\"elementor-widget-container\">\n\t\t\t\t\t\t\t\t\t<p><b style=\"color: var( --e-global-color-text );\">Tramitaci\u00f3n de casos de accidentes de trabajo en el \u00e1rea de San Francisco<\/b><\/p><p><span class=\"ruyPpc\">580 California Street, piso 12, San Francisco, CA 94104<\/span><\/p><div>Tel\u00e9fono (949) 767-4423<\/div><div>Fax (341) 205-7176<\/div>\t\t\t\t\t\t\t\t<\/div>\n\t\t\t\t<\/div>\n\t\t\t\t\t<\/div>\n\t\t<\/div>\n\t\t\t\t\t<\/div>\n\t\t<\/section>\n\t\t\t\t<div class=\"elementor-element elementor-element-d195d24 elementor-widget elementor-widget-spacer\" data-id=\"d195d24\" data-element_type=\"widget\" data-e-type=\"widget\" data-widget_type=\"spacer.default\">\n\t\t\t\t<div class=\"elementor-widget-container\">\n\t\t\t\t\t\t\t<div class=\"elementor-spacer\">\n\t\t\t<div class=\"elementor-spacer-inner\"><\/div>\n\t\t<\/div>\n\t\t\t\t\t\t<\/div>\n\t\t\t\t<\/div>\n\t\t\t\t\t<\/div>\n\t\t<\/div>\n\t\t\t\t\t<\/div>\n\t\t<\/section>\n\t\t\t\t<\/div>","protected":false},"excerpt":{"rendered":"<p>If you&#8217;ve been injured at work in San Francisco, a California Work Injury Law Center workers compensation attorney can help. We offer free consultations and fight for fair compensation for your injuries.<\/p>","protected":false},"author":4,"featured_media":0,"parent":26,"menu_order":0,"comment_status":"closed","ping_status":"closed","template":"","meta":{"_seopress_robots_primary_cat":"","_seopress_titles_title":"San Francisco Workers Compensation Attorney | CWILC","_seopress_titles_desc":"Learn how a San Francisco workers compensation attorney can streamline your claim, handle disputes, and ensure you receive proper medical and financial benefits. Reach out to California Work Injury Law Center today.","_seopress_robots_index":"","footnotes":""},"class_list":["post-1279","page","type-page","status-publish","hentry"],"_links":{"self":[{"href":"https:\/\/cwilc.com\/es\/wp-json\/wp\/v2\/pages\/1279","targetHints":{"allow":["GET"]}}],"collection":[{"href":"https:\/\/cwilc.com\/es\/wp-json\/wp\/v2\/pages"}],"about":[{"href":"https:\/\/cwilc.com\/es\/wp-json\/wp\/v2\/types\/page"}],"author":[{"embeddable":true,"href":"https:\/\/cwilc.com\/es\/wp-json\/wp\/v2\/users\/4"}],"replies":[{"embeddable":true,"href":"https:\/\/cwilc.com\/es\/wp-json\/wp\/v2\/comments?post=1279"}],"version-history":[{"count":0,"href":"https:\/\/cwilc.com\/es\/wp-json\/wp\/v2\/pages\/1279\/revisions"}],"up":[{"embeddable":true,"href":"https:\/\/cwilc.com\/es\/wp-json\/wp\/v2\/pages\/26"}],"wp:attachment":[{"href":"https:\/\/cwilc.com\/es\/wp-json\/wp\/v2\/media?parent=1279"}],"curies":[{"name":"wp","href":"https:\/\/api.w.org\/{rel}","templated":true}]}}