{"id":1073,"date":"2021-06-09T22:01:43","date_gmt":"2021-06-09T22:01:43","guid":{"rendered":"https:\/\/californiawork.wpengine.com\/?page_id=1073"},"modified":"2025-06-17T12:38:45","modified_gmt":"2025-06-17T19:38:45","slug":"anaheim","status":"publish","type":"page","link":"https:\/\/cwilc.com\/es\/lugares\/anaheim\/","title":{"rendered":"Anaheim"},"content":{"rendered":"<div data-elementor-type=\"wp-page\" data-elementor-id=\"1073\" class=\"elementor elementor-1073\" data-elementor-post-type=\"page\">\n\t\t\t\t\t\t<section class=\"elementor-section elementor-top-section elementor-element elementor-element-692ebdf5 elementor-section-boxed elementor-section-height-default elementor-section-height-default\" data-id=\"692ebdf5\" data-element_type=\"section\" data-e-type=\"section\" data-settings=\"{&quot;background_background&quot;:&quot;classic&quot;}\">\n\t\t\t\t\t\t\t<div class=\"elementor-background-overlay\"><\/div>\n\t\t\t\t\t\t\t<div class=\"elementor-container elementor-column-gap-default\">\n\t\t\t\t\t<div class=\"elementor-column elementor-col-100 elementor-top-column elementor-element elementor-element-2997962d\" data-id=\"2997962d\" data-element_type=\"column\" data-e-type=\"column\">\n\t\t\t<div class=\"elementor-widget-wrap elementor-element-populated\">\n\t\t\t\t\t\t<div class=\"elementor-element elementor-element-7fc30e89 elementor-widget__width-initial elementor-widget elementor-widget-heading\" data-id=\"7fc30e89\" data-element_type=\"widget\" data-e-type=\"widget\" data-widget_type=\"heading.default\">\n\t\t\t\t<div class=\"elementor-widget-container\">\n\t\t\t\t\t<h1 class=\"elementor-heading-title elementor-size-default\">ABOGADO DE COMPENSACION AL TRABAJADOR EN ANAHEIM<\/h1>\t\t\t\t<\/div>\n\t\t\t\t<\/div>\n\t\t\t\t<div class=\"elementor-element elementor-element-290c5df9 elementor-widget__width-initial elementor-widget elementor-widget-text-editor\" data-id=\"290c5df9\" data-element_type=\"widget\" data-e-type=\"widget\" data-widget_type=\"text-editor.default\">\n\t\t\t\t<div class=\"elementor-widget-container\">\n\t\t\t\t\t\t\t\t\t<div>Deje que nuestro abogado abogar en su nombre para su caso de compensaci\u00f3n de trabajadores Anaheim. Si usted ha sido lesionado en el trabajo, sufri\u00f3 una lesi\u00f3n laboral repetitiva y \/ o tiene una lesi\u00f3n psiqui\u00e1trica de un ambiente de trabajo hostil estamos aqu\u00ed para ayudar.\u00a0<\/div>\t\t\t\t\t\t\t\t<\/div>\n\t\t\t\t<\/div>\n\t\t\t\t<div class=\"elementor-element elementor-element-33d7620d elementor-widget__width-auto elementor-widget elementor-widget-button\" data-id=\"33d7620d\" data-element_type=\"widget\" data-e-type=\"widget\" data-widget_type=\"button.default\">\n\t\t\t\t<div class=\"elementor-widget-container\">\n\t\t\t\t\t\t\t\t\t<div class=\"elementor-button-wrapper\">\n\t\t\t\t\t<a class=\"elementor-button elementor-size-sm\" role=\"button\">\n\t\t\t\t\t\t<span class=\"elementor-button-content-wrapper\">\n\t\t\t\t\t\t\t\t\t<span class=\"elementor-button-text\">Sin recuperaci\u00f3n, sin gastos<\/span>\n\t\t\t\t\t<\/span>\n\t\t\t\t\t<\/a>\n\t\t\t\t<\/div>\n\t\t\t\t\t\t\t\t<\/div>\n\t\t\t\t<\/div>\n\t\t\t\t<div class=\"elementor-element elementor-element-471bc897 elementor-widget__width-auto elementor-widget elementor-widget-button\" data-id=\"471bc897\" data-element_type=\"widget\" data-e-type=\"widget\" data-widget_type=\"button.default\">\n\t\t\t\t<div class=\"elementor-widget-container\">\n\t\t\t\t\t\t\t\t\t<div class=\"elementor-button-wrapper\">\n\t\t\t\t\t<a class=\"elementor-button elementor-button-link elementor-size-sm\" href=\"https:\/\/cwilc.com\/contact\/\">\n\t\t\t\t\t\t<span class=\"elementor-button-content-wrapper\">\n\t\t\t\t\t\t\t\t\t<span class=\"elementor-button-text\">CONSULTA GRATUITA<\/span>\n\t\t\t\t\t<\/span>\n\t\t\t\t\t<\/a>\n\t\t\t\t<\/div>\n\t\t\t\t\t\t\t\t<\/div>\n\t\t\t\t<\/div>\n\t\t\t\t\t<\/div>\n\t\t<\/div>\n\t\t\t\t\t<\/div>\n\t\t<\/section>\n\t\t\t\t<section class=\"elementor-section elementor-top-section elementor-element elementor-element-79b8901 elementor-section-boxed elementor-section-height-default elementor-section-height-default\" data-id=\"79b8901\" data-element_type=\"section\" data-e-type=\"section\">\n\t\t\t\t\t\t<div class=\"elementor-container elementor-column-gap-default\">\n\t\t\t\t\t<div class=\"elementor-column elementor-col-100 elementor-top-column elementor-element elementor-element-dbdc9bb\" data-id=\"dbdc9bb\" data-element_type=\"column\" data-e-type=\"column\">\n\t\t\t<div class=\"elementor-widget-wrap elementor-element-populated\">\n\t\t\t\t\t\t<div class=\"elementor-element elementor-element-d863633 elementor-widget elementor-widget-text-editor\" data-id=\"d863633\" data-element_type=\"widget\" data-e-type=\"widget\" data-widget_type=\"text-editor.default\">\n\t\t\t\t<div class=\"elementor-widget-container\">\n\t\t\t\t\t\t\t\t\t<p>El California Workers Injury Law Center ayuda a las personas que viven y trabajan en Anaheim y sus alrededores para obtener los <a href=\"https:\/\/cwilc.com\/es\/compensacion-de-trabajadores\/beneficios\/\">beneficios de compensaci\u00f3n de trabajadores<\/a> a los que tienen derecho. Proporcionamos a nuestros clientes con la representaci\u00f3n legal que necesitan para garantizar que sus derechos est\u00e1n protegidos y que est\u00e1n debidamente compensados por sus lesiones.<\/p><p>Bajo la ley de compensaci\u00f3n de trabajadores sin culpa del estado, si usted ha sido lesionado mientras estaba en el trabajo, usted puede tener derecho a:<\/p><ul><li aria-level=\"1\">El coste de cualquier tratamiento m\u00e9dico necesario, incluidos los relacionados con el viaje de ida y vuelta al tratamiento.<\/li><li aria-level=\"1\"><a href=\"https:\/\/cwilc.com\/es\/compensacion-de-trabajadores\/beneficios\/incapacidad-temporal\/\">prestaciones por incapacidad temporal<\/a> cuando falte al trabajo debido a sus lesiones<\/li><li aria-level=\"1\">readaptaci\u00f3n profesional si no puede volver a su anterior empresa<\/li><li aria-level=\"1\"><a href=\"https:\/\/cwilc.com\/es\/compensacion-de-trabajadores\/beneficios\/incapacidad-permanente\/\">Prestaciones por incapacidad permanente<\/a> si ya no puede desempe\u00f1ar un trabajo debido a sus lesiones.<\/li><li aria-level=\"1\">Prestaciones por defunci\u00f3n pagadas a tus supervivientes si mueres en el transcurso de tu trabajo.<\/li><\/ul><p>Dado que <a href=\"https:\/\/cwilc.com\/es\/compensacion-de-trabajadores\/\">compensaci\u00f3n de trabajadores de California<\/a> es no culpable, no necesita demostrar que su empresa fue negligente para recibir una compensaci\u00f3n y la mayor\u00eda de las personas que se lesionaron mientras realizaban actividades relacionadas con el trabajo tienen derecho a ella.<\/p>\t\t\t\t\t\t\t\t<\/div>\n\t\t\t\t<\/div>\n\t\t\t\t<div class=\"elementor-element elementor-element-1789af1 elementor-widget elementor-widget-heading\" data-id=\"1789af1\" data-element_type=\"widget\" data-e-type=\"widget\" data-widget_type=\"heading.default\">\n\t\t\t\t<div class=\"elementor-widget-container\">\n\t\t\t\t\t<h2 class=\"elementor-heading-title elementor-size-large\">\u00bfPOR QU\u00c9 ELEGIR CALIFORNIA WORKERS INJURY LAW CENTER COMO SU ABOGADO DE COMPENSACI\u00d3N DE TRABAJADORES DE ANAHEIM?\n<\/h2>\t\t\t\t<\/div>\n\t\t\t\t<\/div>\n\t\t\t\t<div class=\"elementor-element elementor-element-5e95b57 elementor-widget elementor-widget-text-editor\" data-id=\"5e95b57\" data-element_type=\"widget\" data-e-type=\"widget\" data-widget_type=\"text-editor.default\">\n\t\t\t\t<div class=\"elementor-widget-container\">\n\t\t\t\t\t\t\t\t\t<p>Nuestros abogados se especializan en ayudar a los trabajadores en Anaheim y las \u00e1reas circundantes en la obtenci\u00f3n de los beneficios que se merecen despu\u00e9s de una lesi\u00f3n en el lugar de trabajo. Ofrecemos representaci\u00f3n eficiente y eficaz para resolver r\u00e1pidamente su reclamo para que pueda seguir adelante con su vida. Adem\u00e1s, los abogados de nuestra firma tienen experiencia en la negociaci\u00f3n con los abogados que representan a los empleadores y las aseguradoras para asegurar los m\u00e1ximos beneficios posibles para nuestros clientes.<\/p><p>Los clientes que han trabajado con nosotros a menudo recomiendan el California Workers Injury Law Center a amigos, familiares y compa\u00f1eros de trabajo que han sufrido lesiones en el lugar de trabajo porque obtenemos resultados r\u00e1pidos y positivos. Nuestros clientes han elogiado la profesionalidad de nuestro personal y la compasi\u00f3n que muestran a los que tratan con los efectos a corto y largo plazo de las lesiones relacionadas con el trabajo. Nuestros abogados trabajar\u00e1n diligentemente para negociar un acuerdo que sea aceptable para ambas partes.<\/p><p>Entendemos que aquellos que est\u00e1n sufriendo debido a una lesi\u00f3n en el lugar de trabajo a menudo tienen poco dinero para pagar por un abogado que los represente y es por eso que s\u00f3lo cobramos honorarios cuando usted ha recibido el acuerdo o los beneficios que se merece. En otras palabras, no cobramos hasta que usted cobra.<\/p>\t\t\t\t\t\t\t\t<\/div>\n\t\t\t\t<\/div>\n\t\t\t\t<div class=\"elementor-element elementor-element-0d981a8 elementor-widget elementor-widget-heading\" data-id=\"0d981a8\" data-element_type=\"widget\" data-e-type=\"widget\" data-widget_type=\"heading.default\">\n\t\t\t\t<div class=\"elementor-widget-container\">\n\t\t\t\t\t<h2 class=\"elementor-heading-title elementor-size-large\">LO QUE DEBE SABER SOBRE LA INDEMNIZACI\u00d3N POR ACCIDENTE DE TRABAJO EN CALIFORNIA<\/h2>\t\t\t\t<\/div>\n\t\t\t\t<\/div>\n\t\t\t\t<div class=\"elementor-element elementor-element-172b84e elementor-widget elementor-widget-text-editor\" data-id=\"172b84e\" data-element_type=\"widget\" data-e-type=\"widget\" data-widget_type=\"text-editor.default\">\n\t\t\t\t<div class=\"elementor-widget-container\">\n\t\t\t\t\t\t\t\t\t<p>Cualquier empresa que opere en California con empleados debe tener un seguro de indemnizaci\u00f3n por accidente laboral seg\u00fan la ley estatal. Esta norma se aplica a todas las empresas, incluidas las que tienen un solo empleado, por lo que no hay exenciones para las peque\u00f1as empresas.<\/p><p>La p\u00f3liza de seguro de compensaci\u00f3n de los trabajadores de una empresa debe proporcionar cobertura para cualquier lesi\u00f3n en el trabajo, independientemente de si el empleador tiene la culpa. Esto significa que deben cubrir tanto las lesiones por accidente como las derivadas de movimientos repetitivos o de la exposici\u00f3n prolongada a condiciones nocivas. Adem\u00e1s, las p\u00f3lizas cubrir\u00e1n algunas lesiones psicol\u00f3gicas relacionadas con el trabajo.<\/p><p>La ley de indemnizaci\u00f3n por accidente de trabajo sin culpa de California suele considerarse favorable para los empleados, pero tiene algunos inconvenientes para quienes sufren lesiones. El inconveniente m\u00e1s importante es que impide a los trabajadores demandar a sus empleadores por la mayor\u00eda de las lesiones.<\/p><p>La ley estatal tambi\u00e9n impide que los trabajadores lesionados reciban una indemnizaci\u00f3n por el dolor o el sufrimiento que puedan haber padecido. Por \u00faltimo, los trabajadores de California no recibir\u00e1n una indemnizaci\u00f3n por los salarios perdidos. En cambio, los trabajadores que hayan sufrido una lesi\u00f3n que les haya dejado permanentemente incapacitados recibir\u00e1n un pago por incapacidad igual a la cantidad en que su incapacidad haya reducido sus ingresos.<\/p>\t\t\t\t\t\t\t\t<\/div>\n\t\t\t\t<\/div>\n\t\t\t\t<div class=\"elementor-element elementor-element-4cb10a9 elementor-widget elementor-widget-heading\" data-id=\"4cb10a9\" data-element_type=\"widget\" data-e-type=\"widget\" data-widget_type=\"heading.default\">\n\t\t\t\t<div class=\"elementor-widget-container\">\n\t\t\t\t\t<div class=\"elementor-heading-title elementor-size-small\">\u00bfCU\u00c1NDO DEBE PRESENTAR UNA RECLAMACI\u00d3N?<\/div>\t\t\t\t<\/div>\n\t\t\t\t<\/div>\n\t\t\t\t<div class=\"elementor-element elementor-element-486a02a elementor-widget elementor-widget-text-editor\" data-id=\"486a02a\" data-element_type=\"widget\" data-e-type=\"widget\" data-widget_type=\"text-editor.default\">\n\t\t\t\t<div class=\"elementor-widget-container\">\n\t\t\t\t\t\t\t\t\t<p>Si sufres una lesi\u00f3n mientras trabajas, debes informar inmediatamente a tu empresa y buscar atenci\u00f3n m\u00e9dica de urgencia, si es necesaria. La legislaci\u00f3n de California exige que los empresarios faciliten a sus empleados el acceso a la atenci\u00f3n m\u00e9dica de urgencia, por lo que no pueden penalizarle por buscar el tratamiento necesario. Cuando le atiendan, tambi\u00e9n debe informar al personal m\u00e9dico de que se lesion\u00f3 en el trabajo para que quede reflejado en su historial m\u00e9dico.<\/p><p>Tan pronto como sea posible despu\u00e9s de recibir tratamiento, debe presentar una reclamaci\u00f3n a su empresa. Si su empresa no le permite presentar una reclamaci\u00f3n, p\u00f3ngase en contacto con un abogado para asegurarse de que se protegen sus derechos a la indemnizaci\u00f3n por accidente de trabajo y de que recibe todas las prestaciones necesarias. No se le permitir\u00e1 presentar una reclamaci\u00f3n despu\u00e9s de que su empresa le haya notificado que ha sido despedido, por lo que es crucial que presente su reclamaci\u00f3n lo antes posible.<\/p>\t\t\t\t\t\t\t\t<\/div>\n\t\t\t\t<\/div>\n\t\t\t\t<div class=\"elementor-element elementor-element-45b844a elementor-widget elementor-widget-heading\" data-id=\"45b844a\" data-element_type=\"widget\" data-e-type=\"widget\" data-widget_type=\"heading.default\">\n\t\t\t\t<div class=\"elementor-widget-container\">\n\t\t\t\t\t<div class=\"elementor-heading-title elementor-size-medium\">\u00bfQUI\u00c9N PUEDE PRESENTAR UNA RECLAMACI\u00d3N?<\/div>\t\t\t\t<\/div>\n\t\t\t\t<\/div>\n\t\t\t\t<div class=\"elementor-element elementor-element-b5a458c elementor-widget elementor-widget-text-editor\" data-id=\"b5a458c\" data-element_type=\"widget\" data-e-type=\"widget\" data-widget_type=\"text-editor.default\">\n\t\t\t\t<div class=\"elementor-widget-container\">\n\t\t\t\t\t\t\t\t\t<p>California no limita las prestaciones de compensaci\u00f3n a los trabajadores \u00fanicamente a los empleados a tiempo completo. En algunos casos, los empleados a tiempo parcial, los empleados temporales y los contratistas independientes pueden solicitar prestaciones si se lesionan mientras trabajan. Adem\u00e1s, los trabajadores que no son residentes legales en EE.UU. pueden recibir prestaciones como consecuencia de sus lesiones.<\/p>\t\t\t\t\t\t\t\t<\/div>\n\t\t\t\t<\/div>\n\t\t\t\t<div class=\"elementor-element elementor-element-c15aca1 elementor-widget elementor-widget-heading\" data-id=\"c15aca1\" data-element_type=\"widget\" data-e-type=\"widget\" data-widget_type=\"heading.default\">\n\t\t\t\t<div class=\"elementor-widget-container\">\n\t\t\t\t\t<h2 class=\"elementor-heading-title elementor-size-large\">\u00bfPUEDEN NEGAR MI RECLAMO?<\/h2>\t\t\t\t<\/div>\n\t\t\t\t<\/div>\n\t\t\t\t<div class=\"elementor-element elementor-element-a680e95 elementor-widget elementor-widget-text-editor\" data-id=\"a680e95\" data-element_type=\"widget\" data-e-type=\"widget\" data-widget_type=\"text-editor.default\">\n\t\t\t\t<div class=\"elementor-widget-container\">\n\t\t\t\t\t\t\t\t\t<p>Incluso con la ley de compensaci\u00f3n al trabajador de California favorable a los trabajadores, a veces los trabajadores lesionados se les negar\u00e1 beneficios. Las razones comunes para la negaci\u00f3n incluyen:<\/p><ul><li aria-level=\"1\">No necesit\u00f3 tratamiento m\u00e9dico<\/li><li aria-level=\"1\">Usted no proporcion\u00f3 pruebas de su lesi\u00f3n<\/li><li aria-level=\"1\">Su lesi\u00f3n no estaba relacionada con su trabajo<\/li><li aria-level=\"1\">Su lesi\u00f3n no le imped\u00eda volver al trabajo.<\/li><\/ul><p>En caso de que su reclamaci\u00f3n sea denegada, a\u00fan tendr\u00e1 la oportunidad de presentar una apelaci\u00f3n ante la Junta de Apelaciones de Compensaci\u00f3n de los Trabajadores para obtener una determinaci\u00f3n favorable. Si decide presentar un recurso, suele ser una buena idea buscar la ayuda de un abogado porque su empleador y la compa\u00f1\u00eda de seguros tendr\u00e1n sus propios abogados represent\u00e1ndoles.<\/p>\t\t\t\t\t\t\t\t<\/div>\n\t\t\t\t<\/div>\n\t\t\t\t\t<\/div>\n\t\t<\/div>\n\t\t\t\t\t<\/div>\n\t\t<\/section>\n\t\t\t\t<section class=\"elementor-section elementor-top-section elementor-element elementor-element-a59d79e elementor-section-boxed elementor-section-height-default elementor-section-height-default\" data-id=\"a59d79e\" data-element_type=\"section\" data-e-type=\"section\">\n\t\t\t\t\t\t<div class=\"elementor-container elementor-column-gap-default\">\n\t\t\t\t\t<div class=\"elementor-column elementor-col-100 elementor-top-column elementor-element elementor-element-b0ee804\" data-id=\"b0ee804\" data-element_type=\"column\" data-e-type=\"column\">\n\t\t\t<div class=\"elementor-widget-wrap elementor-element-populated\">\n\t\t\t\t\t\t<div class=\"elementor-element elementor-element-f84bb6e elementor-widget elementor-widget-spacer\" data-id=\"f84bb6e\" data-element_type=\"widget\" data-e-type=\"widget\" data-widget_type=\"spacer.default\">\n\t\t\t\t<div class=\"elementor-widget-container\">\n\t\t\t\t\t\t\t<div class=\"elementor-spacer\">\n\t\t\t<div class=\"elementor-spacer-inner\"><\/div>\n\t\t<\/div>\n\t\t\t\t\t\t<\/div>\n\t\t\t\t<\/div>\n\t\t\t\t\t<\/div>\n\t\t<\/div>\n\t\t\t\t\t<\/div>\n\t\t<\/section>\n\t\t\t\t<\/div>","protected":false},"excerpt":{"rendered":"<p>Need help with a workers compensation claim in Anaheim? Speak to an experienced attorney at California Work Injury Law Center to get the benefits you deserve after a workplace injury. We fight for you.<\/p>","protected":false},"author":3,"featured_media":0,"parent":26,"menu_order":0,"comment_status":"closed","ping_status":"closed","template":"","meta":{"_seopress_robots_primary_cat":"","_seopress_titles_title":"Anaheim Workers Compensation Attorney | CWILC","_seopress_titles_desc":"Facing an injury at work? A workers compensation attorney in Anaheim can fight for your rights, negotiate settlements, and ensure you get the care you deserve. Contact California Work Injury Law Center today.","_seopress_robots_index":"","footnotes":""},"class_list":["post-1073","page","type-page","status-publish","hentry"],"_links":{"self":[{"href":"https:\/\/cwilc.com\/es\/wp-json\/wp\/v2\/pages\/1073","targetHints":{"allow":["GET"]}}],"collection":[{"href":"https:\/\/cwilc.com\/es\/wp-json\/wp\/v2\/pages"}],"about":[{"href":"https:\/\/cwilc.com\/es\/wp-json\/wp\/v2\/types\/page"}],"author":[{"embeddable":true,"href":"https:\/\/cwilc.com\/es\/wp-json\/wp\/v2\/users\/3"}],"replies":[{"embeddable":true,"href":"https:\/\/cwilc.com\/es\/wp-json\/wp\/v2\/comments?post=1073"}],"version-history":[{"count":0,"href":"https:\/\/cwilc.com\/es\/wp-json\/wp\/v2\/pages\/1073\/revisions"}],"up":[{"embeddable":true,"href":"https:\/\/cwilc.com\/es\/wp-json\/wp\/v2\/pages\/26"}],"wp:attachment":[{"href":"https:\/\/cwilc.com\/es\/wp-json\/wp\/v2\/media?parent=1073"}],"curies":[{"name":"wp","href":"https:\/\/api.w.org\/{rel}","templated":true}]}}